{"id":2212,"date":"2025-03-06T10:53:03","date_gmt":"2025-03-06T08:53:03","guid":{"rendered":"https:\/\/terosaarinen.com\/team\/"},"modified":"2026-01-07T14:13:05","modified_gmt":"2026-01-07T12:13:05","slug":"ihmiset","status":"publish","type":"page","link":"https:\/\/terosaarinen.com\/fi\/ryhma\/ihmiset\/","title":{"rendered":"Ihmiset"},"content":{"rendered":"<div class=\"tsc-basichero\">\n  <h1>Ihmiset<\/h1>\n  <\/div>\n\n<div class=\"tsc-productionteam\">\n  <div class=\"inner\">\n        <div class=\"heading\">\n      <h2>Taiteellinen tiimi<\/h2>\n    <\/div>\n        <div class=\"content\">\n              <div class=\"person bio\">\n                      <a class=\"bio\" href=\"https:\/\/terosaarinen.com\/fi\/henkilo\/tero-saarinen\/\">\n                    <div class=\"image\" style=\"background-image: url(https&#x3A;&#x2F;&#x2F;terosaarinen.com&#x2F;wp-content&#x2F;uploads&#x2F;2025&#x2F;03&#x2F;Tero-Saarinen-web-1-1024x1024.jpg)\"><\/div>\n                    <\/a>\n                    <p class=\"name\">Tero Saarinen<\/p>\n          <p class=\"title\">Taiteellinen johtaja, koreografi<\/p>\n                  <\/div>\n              <div class=\"person bio\">\n                      <a class=\"bio\" href=\"https:\/\/terosaarinen.com\/fi\/henkilo\/satu-halttunen\/\">\n                    <div class=\"image\" style=\"background-image: url(https&#x3A;&#x2F;&#x2F;terosaarinen.com&#x2F;wp-content&#x2F;uploads&#x2F;2025&#x2F;03&#x2F;SatuTSC2025&#x00A9;hennihyvarinen-nelio-2-kopio-1024x1024.jpg)\"><\/div>\n                    <\/a>\n                    <p class=\"name\">Satu Halttunen<\/p>\n          <p class=\"title\">Koreografin assistentti, vastaava harjoittaja<\/p>\n                  <\/div>\n              <div class=\"person bio\">\n                      <a class=\"bio\" href=\"https:\/\/terosaarinen.com\/fi\/henkilo\/henrikki-heikkila\/\">\n                    <div class=\"image\" style=\"background-image: url(https&#x3A;&#x2F;&#x2F;terosaarinen.com&#x2F;wp-content&#x2F;uploads&#x2F;2025&#x2F;03&#x2F;HenrikTSC2025&#x00A9;hennihyvarinen-nelioE1A2795-2-kopio-1024x1024.jpg)\"><\/div>\n                    <\/a>\n                    <p class=\"name\">Henrikki Heikkil\u00e4<\/p>\n          <p class=\"title\">Koreografin assistentti, vastaava harjoittaja<\/p>\n                  <\/div>\n              <div class=\"person bio\">\n                      <a class=\"bio\" href=\"https:\/\/terosaarinen.com\/fi\/henkilo\/david-scarantino\/\">\n                    <div class=\"image\" style=\"background-image: url(https&#x3A;&#x2F;&#x2F;terosaarinen.com&#x2F;wp-content&#x2F;uploads&#x2F;2025&#x2F;03&#x2F;DavidTSC2025&#x00A9;hennihyvarinen-nelio-kopio-1024x1024.jpg)\"><\/div>\n                    <\/a>\n                    <p class=\"name\">David Scarantino<\/p>\n          <p class=\"title\">Tanssija, Tero-tekniikan vastaava opettaja<\/p>\n                  <\/div>\n              <div class=\"person bio\">\n                      <a class=\"bio\" href=\"https:\/\/terosaarinen.com\/fi\/henkilo\/natasha-lommi\/\">\n                    <div class=\"image\" style=\"background-image: url(https&#x3A;&#x2F;&#x2F;terosaarinen.com&#x2F;wp-content&#x2F;uploads&#x2F;2025&#x2F;03&#x2F;NatashaTSC2025&#x00A9;hennihyvarinen-nelio-kopio-1024x1024.jpg)\"><\/div>\n                    <\/a>\n                    <p class=\"name\">Natasha Lommi<\/p>\n          <p class=\"title\">Koreografin assistentti, tanssija <\/p>\n                  <\/div>\n              <div class=\"person bio\">\n                      <a class=\"bio\" href=\"https:\/\/terosaarinen.com\/fi\/henkilo\/elina-hayrynen\/\">\n                    <div class=\"image\" style=\"background-image: url(https&#x3A;&#x2F;&#x2F;terosaarinen.com&#x2F;wp-content&#x2F;uploads&#x2F;2025&#x2F;03&#x2F;ElinaTSC2025&#x00A9;hennihyvarinen-nelio-kopio-1024x1024.jpg)\"><\/div>\n                    <\/a>\n                    <p class=\"name\">Elina H\u00e4yrynen<\/p>\n          <p class=\"title\">Tanssija <\/p>\n                  <\/div>\n              <div class=\"person bio\">\n                      <a class=\"bio\" href=\"https:\/\/terosaarinen.com\/fi\/henkilo\/mikko-lampinen\/\">\n                    <div class=\"image\" style=\"background-image: url(https&#x3A;&#x2F;&#x2F;terosaarinen.com&#x2F;wp-content&#x2F;uploads&#x2F;2025&#x2F;03&#x2F;MikkoTSC2025&#x00A9;hennihyvarinen-nelio-kopio-1024x1024.jpg)\"><\/div>\n                    <\/a>\n                    <p class=\"name\">Mikko Lampinen<\/p>\n          <p class=\"title\">Tanssija <\/p>\n                  <\/div>\n              <div class=\"person bio\">\n                      <a class=\"bio\" href=\"https:\/\/terosaarinen.com\/fi\/henkilo\/oskari-kymalainen\/\">\n                    <div class=\"image\" style=\"background-image: url(https&#x3A;&#x2F;&#x2F;terosaarinen.com&#x2F;wp-content&#x2F;uploads&#x2F;2025&#x2F;03&#x2F;OskariTSC2025&#x00A9;hennihyvarinen-neliokopio-1024x1024.jpg)\"><\/div>\n                    <\/a>\n                    <p class=\"name\">Oskari Kym\u00e4l\u00e4inen<\/p>\n          <p class=\"title\">Tanssija <\/p>\n                  <\/div>\n              <div class=\"person bio\">\n                      <a class=\"bio\" href=\"https:\/\/terosaarinen.com\/fi\/henkilo\/emmi-max-pennanen\/\">\n                    <div class=\"image\" style=\"background-image: url(https&#x3A;&#x2F;&#x2F;terosaarinen.com&#x2F;wp-content&#x2F;uploads&#x2F;2025&#x2F;03&#x2F;EmmiTSC2025&#x00A9;hennihyvarinen-nelio-kopio-1024x1024.jpg)\"><\/div>\n                    <\/a>\n                    <p class=\"name\">Emmi Max Pennanen<\/p>\n          <p class=\"title\">Tanssija <\/p>\n                  <\/div>\n          <\/div>\n  <\/div>\n<\/div>\n\n<div class=\"tsc-productionteam\">\n  <div class=\"inner\">\n        <div class=\"heading\">\n      <h2>Tekninen tiimi<\/h2>\n    <\/div>\n        <div class=\"content\">\n              <div class=\"person\">\n                    <div class=\"image\" style=\"background-image: url(https&#x3A;&#x2F;&#x2F;terosaarinen.com&#x2F;wp-content&#x2F;uploads&#x2F;2025&#x2F;04&#x2F;Ville-1024x1024.jpg)\"><\/div>\n                    <p class=\"name\">Ville Konttinen<\/p>\n          <p class=\"title\">Tekninen johtaja<\/p>\n                                    <p class=\"phone\"><a href=\"tel:&#x2B;3580452735747\">+358 045 273 5747<\/a><\/p>\n                                      <p class=\"email\"><a href=\"mailto:ville.konttinen&#x40;terosaarinen.com\">ville.konttinen@terosaarinen.com<\/a><\/p>\n                              <\/div>\n              <div class=\"person\">\n                    <div class=\"image\" style=\"background-image: url(https&#x3A;&#x2F;&#x2F;terosaarinen.com&#x2F;wp-content&#x2F;uploads&#x2F;2025&#x2F;04&#x2F;Vincent-1024x1024.jpg)\"><\/div>\n                    <p class=\"name\">Vincent Masse<\/p>\n          <p class=\"title\">\u00c4\u00e4niteknikko<\/p>\n                                    <p class=\"phone\"><a href=\"tel:&#x2B;358449865280\">+358 44 986 5280<\/a><\/p>\n                                      <p class=\"email\"><a href=\"mailto:vincent.masse&#x40;terosaarinen.com\">vincent.masse@terosaarinen.com<\/a><\/p>\n                              <\/div>\n          <\/div>\n  <\/div>\n<\/div>\n\n<div class=\"tsc-productionteam\" id=\"hallinto\">\n  <div class=\"inner\">\n        <div class=\"heading\">\n      <h2>Hallinto<\/h2>\n    <\/div>\n        <div class=\"content\">\n              <div class=\"person bio\">\n                      <a class=\"bio\" href=\"https:\/\/terosaarinen.com\/fi\/henkilo\/iiris-autio\/\">\n                    <div class=\"image\" style=\"background-image: url(https&#x3A;&#x2F;&#x2F;terosaarinen.com&#x2F;wp-content&#x2F;uploads&#x2F;2025&#x2F;04&#x2F;IirisTSC2025&#x00A9;hennihyvarinen-nelio-2-kopio-1024x1024.jpg)\"><\/div>\n                    <\/a>\n                    <p class=\"name\">Iiris Autio<\/p>\n          <p class=\"title\">Toiminnanjohtaja <\/p>\n                                                <p class=\"email\"><a href=\"mailto:iiris.autio&#x40;terosaarinen.com\">iiris.autio@terosaarinen.com<\/a><\/p>\n                              <\/div>\n              <div class=\"person\">\n                    <div class=\"image\" style=\"background-image: url(https&#x3A;&#x2F;&#x2F;terosaarinen.com&#x2F;wp-content&#x2F;uploads&#x2F;2025&#x2F;04&#x2F;Paula-1024x1024.webp)\"><\/div>\n                    <p class=\"name\">Paula Rahtu<\/p>\n          <p class=\"title\">Viestint\u00e4- ja sidosryhm\u00e4p\u00e4\u00e4llikk\u00f6<\/p>\n                                    <p class=\"phone\"><a href=\"tel:&#x2B;358503649715\">+358 50 364 9715<\/a><\/p>\n                                      <p class=\"email\"><a href=\"mailto:paula.rahtu&#x40;terosaarinen.com\">paula.rahtu@terosaarinen.com<\/a><\/p>\n                              <\/div>\n              <div class=\"person\">\n                    <div class=\"image\" style=\"background-image: url(https&#x3A;&#x2F;&#x2F;terosaarinen.com&#x2F;wp-content&#x2F;uploads&#x2F;2025&#x2F;04&#x2F;Carita-1024x1024.webp)\"><\/div>\n                    <p class=\"name\">Carita Weissenfelt<\/p>\n          <p class=\"title\">Tuotantop\u00e4\u00e4llikk\u00f6<\/p>\n                                    <p class=\"phone\"><a href=\"tel:&#x2B;358407056808\">+358 40 705 6808<\/a><\/p>\n                                      <p class=\"email\"><a href=\"mailto:carita.weissenfelt&#x40;terosaarinen.com\">carita.weissenfelt@terosaarinen.com<\/a><\/p>\n                              <\/div>\n              <div class=\"person\">\n                    <div class=\"image\" style=\"background-image: url(https&#x3A;&#x2F;&#x2F;terosaarinen.com&#x2F;wp-content&#x2F;uploads&#x2F;2025&#x2F;04&#x2F;Salla-1024x1024.webp)\"><\/div>\n                    <p class=\"name\">Salla Hokkanen<\/p>\n          <p class=\"title\">Hallintokoordinaattori<\/p>\n                                    <p class=\"phone\"><a href=\"tel:&#x2B;358504705747\">+358 50 470 5747<\/a><\/p>\n                                      <p class=\"email\"><a href=\"mailto:salla.hokkanen&#x40;terosaarinen.com\">salla.hokkanen@terosaarinen.com<\/a><\/p>\n                              <\/div>\n              <div class=\"person\">\n                    <div class=\"image\" style=\"background-image: url(https&#x3A;&#x2F;&#x2F;terosaarinen.com&#x2F;wp-content&#x2F;uploads&#x2F;2025&#x2F;04&#x2F;Anni-1024x1024.webp)\"><\/div>\n                    <p class=\"name\">Anni Jokimies<\/p>\n          <p class=\"title\">Koordinaattori \/ tuotanto- ja opetustoiminta<\/p>\n                                    <p class=\"phone\"><a href=\"tel:&#x2B;358505114720\">+358 50 511 4720<\/a><\/p>\n                                      <p class=\"email\"><a href=\"mailto:anni.jokimies&#x40;terosaarinen.com\">anni.jokimies@terosaarinen.com<\/a><\/p>\n                              <\/div>\n              <div class=\"person\">\n                    <div class=\"image\" style=\"background-image: url(https&#x3A;&#x2F;&#x2F;terosaarinen.com&#x2F;wp-content&#x2F;uploads&#x2F;2025&#x2F;04&#x2F;Veera-1024x1024.webp)\"><\/div>\n                    <p class=\"name\">Veera Mietola<\/p>\n          <p class=\"title\">Viestinn\u00e4n ja markkinoinnin asiantuntija<\/p>\n                                    <p class=\"phone\"><a href=\"tel:&#x2B;358504107978\">+358 50 4107978<\/a><\/p>\n                                      <p class=\"email\"><a href=\"mailto:veera.mietola&#x40;terosaarinen.com\">veera.mietola@terosaarinen.com<\/a><\/p>\n                              <\/div>\n          <\/div>\n  <\/div>\n<\/div>\n\n\n<p><\/p>\n\n\n<div class=\"tsc-productionteam\">\n  <div class=\"inner\">\n        <div class=\"heading\">\n      <h2>Teoskohtaiset taiteilijat 2026<\/h2>\n    <\/div>\n        <div class=\"content\">\n              <div class=\"person bio\">\n                      <a class=\"bio\" href=\"https:\/\/terosaarinen.com\/fi\/henkilo\/jenna-broas\/\">\n                    <div class=\"image\" style=\"background-image: url(https&#x3A;&#x2F;&#x2F;terosaarinen.com&#x2F;wp-content&#x2F;uploads&#x2F;2025&#x2F;03&#x2F;JennaTSC2025&#x00A9;hennihyvarinen-nelio-kopio-1024x1024.jpg)\"><\/div>\n                    <\/a>\n                    <p class=\"name\">Jenna Broas<\/p>\n          <p class=\"title\">Tanssija (Study for Life)<\/p>\n                  <\/div>\n              <div class=\"person bio\">\n                      <a class=\"bio\" href=\"https:\/\/terosaarinen.com\/fi\/henkilo\/olli-lautiola\/\">\n                    <div class=\"image\" style=\"background-image: url(https&#x3A;&#x2F;&#x2F;terosaarinen.com&#x2F;wp-content&#x2F;uploads&#x2F;2025&#x2F;03&#x2F;OlliTSC2025&#x00A9;hennihyvarinen-nelio-2-kopio-1024x1024.jpg)\"><\/div>\n                    <\/a>\n                    <p class=\"name\">Olli Lautiola<\/p>\n          <p class=\"title\">Tanssija (Study for Life) <\/p>\n                  <\/div>\n              <div class=\"person bio\">\n                      <a class=\"bio\" href=\"https:\/\/terosaarinen.com\/fi\/henkilo\/anette-toiviainen\/\">\n                    <div class=\"image\" style=\"background-image: url(https&#x3A;&#x2F;&#x2F;terosaarinen.com&#x2F;wp-content&#x2F;uploads&#x2F;2025&#x2F;03&#x2F;AnetteTSC2025&#x00A9;hennihyvarinen-nelio-kopio-1024x1024.jpg)\"><\/div>\n                    <\/a>\n                    <p class=\"name\">Anette Toiviainen<\/p>\n          <p class=\"title\">Tanssija (Study for Life)<\/p>\n                  <\/div>\n          <\/div>\n  <\/div>\n<\/div>","protected":false},"excerpt":{"rendered":"","protected":false},"author":6,"featured_media":0,"parent":3454,"menu_order":0,"comment_status":"closed","ping_status":"closed","template":"","meta":{"_acf_changed":false,"footnotes":""},"class_list":["post-2212","page","type-page","status-publish","hentry"],"acf":[],"yoast_head":"<!-- This site is optimized with the Yoast SEO plugin v27.2 - https:\/\/yoast.com\/product\/yoast-seo-wordpress\/ -->\n<title>Ihmiset - TSC<\/title>\n<meta name=\"description\" content=\"Tutustu Tero Saarinen Companyn taiteilijoihin ja ty\u00f6ntekij\u00f6ihin.\" \/>\n<meta name=\"robots\" content=\"index, follow, max-snippet:-1, max-image-preview:large, max-video-preview:-1\" \/>\n<link rel=\"canonical\" href=\"https:\/\/terosaarinen.com\/fi\/ryhma\/ihmiset\/\" \/>\n<meta property=\"og:locale\" content=\"fi_FI\" \/>\n<meta property=\"og:type\" content=\"article\" \/>\n<meta property=\"og:title\" content=\"Ihmiset - TSC\" \/>\n<meta property=\"og:description\" content=\"Tutustu Tero Saarinen Companyn taiteilijoihin ja ty\u00f6ntekij\u00f6ihin.\" \/>\n<meta property=\"og:url\" content=\"https:\/\/terosaarinen.com\/fi\/ryhma\/ihmiset\/\" \/>\n<meta property=\"og:site_name\" content=\"TSC\" \/>\n<meta property=\"article:publisher\" content=\"https:\/\/www.facebook.com\/terosaarinencompany\" \/>\n<meta property=\"article:modified_time\" content=\"2026-01-07T12:13:05+00:00\" \/>\n<meta property=\"og:image\" content=\"https:\/\/terosaarinen.com\/wp-content\/uploads\/2025\/05\/tsc-wnew.png\" \/>\n\t<meta property=\"og:image:width\" content=\"1465\" \/>\n\t<meta property=\"og:image:height\" content=\"824\" \/>\n\t<meta property=\"og:image:type\" content=\"image\/png\" \/>\n<meta name=\"twitter:card\" content=\"summary_large_image\" \/>\n<script type=\"application\/ld+json\" class=\"yoast-schema-graph\">{\"@context\":\"https:\/\/schema.org\",\"@graph\":[{\"@type\":\"WebPage\",\"@id\":\"https:\/\/terosaarinen.com\/fi\/ryhma\/ihmiset\/\",\"url\":\"https:\/\/terosaarinen.com\/fi\/ryhma\/ihmiset\/\",\"name\":\"Ihmiset - TSC\",\"isPartOf\":{\"@id\":\"https:\/\/terosaarinen.com\/fi\/#website\"},\"datePublished\":\"2025-03-06T08:53:03+00:00\",\"dateModified\":\"2026-01-07T12:13:05+00:00\",\"description\":\"Tutustu Tero Saarinen Companyn taiteilijoihin ja ty\u00f6ntekij\u00f6ihin.\",\"breadcrumb\":{\"@id\":\"https:\/\/terosaarinen.com\/fi\/ryhma\/ihmiset\/#breadcrumb\"},\"inLanguage\":\"fi\",\"potentialAction\":[{\"@type\":\"ReadAction\",\"target\":[\"https:\/\/terosaarinen.com\/fi\/ryhma\/ihmiset\/\"]}]},{\"@type\":\"BreadcrumbList\",\"@id\":\"https:\/\/terosaarinen.com\/fi\/ryhma\/ihmiset\/#breadcrumb\",\"itemListElement\":[{\"@type\":\"ListItem\",\"position\":1,\"name\":\"Home\",\"item\":\"https:\/\/terosaarinen.com\/fi\/\"},{\"@type\":\"ListItem\",\"position\":2,\"name\":\"Ihmiset\"}]},{\"@type\":\"WebSite\",\"@id\":\"https:\/\/terosaarinen.com\/fi\/#website\",\"url\":\"https:\/\/terosaarinen.com\/fi\/\",\"name\":\"Tero Saarinen Company\",\"description\":\"\",\"publisher\":{\"@id\":\"https:\/\/terosaarinen.com\/fi\/#organization\"},\"potentialAction\":[{\"@type\":\"SearchAction\",\"target\":{\"@type\":\"EntryPoint\",\"urlTemplate\":\"https:\/\/terosaarinen.com\/fi\/?s={search_term_string}\"},\"query-input\":{\"@type\":\"PropertyValueSpecification\",\"valueRequired\":true,\"valueName\":\"search_term_string\"}}],\"inLanguage\":\"fi\"},{\"@type\":\"Organization\",\"@id\":\"https:\/\/terosaarinen.com\/fi\/#organization\",\"name\":\"Tero Saarinen Company\",\"url\":\"https:\/\/terosaarinen.com\/fi\/\",\"logo\":{\"@type\":\"ImageObject\",\"inLanguage\":\"fi\",\"@id\":\"https:\/\/terosaarinen.com\/fi\/#\/schema\/logo\/image\/\",\"url\":\"https:\/\/terosaarinen.com\/wp-content\/uploads\/2025\/05\/tsc-wnew.png\",\"contentUrl\":\"https:\/\/terosaarinen.com\/wp-content\/uploads\/2025\/05\/tsc-wnew.png\",\"width\":1465,\"height\":824,\"caption\":\"Tero Saarinen Company\"},\"image\":{\"@id\":\"https:\/\/terosaarinen.com\/fi\/#\/schema\/logo\/image\/\"},\"sameAs\":[\"https:\/\/www.facebook.com\/terosaarinencompany\",\"https:\/\/www.instagram.com\/terosaarinenco\/\"]}]}<\/script>\n<!-- \/ Yoast SEO plugin. -->","yoast_head_json":{"title":"Ihmiset - TSC","description":"Tutustu Tero Saarinen Companyn taiteilijoihin ja ty\u00f6ntekij\u00f6ihin.","robots":{"index":"index","follow":"follow","max-snippet":"max-snippet:-1","max-image-preview":"max-image-preview:large","max-video-preview":"max-video-preview:-1"},"canonical":"https:\/\/terosaarinen.com\/fi\/ryhma\/ihmiset\/","og_locale":"fi_FI","og_type":"article","og_title":"Ihmiset - TSC","og_description":"Tutustu Tero Saarinen Companyn taiteilijoihin ja ty\u00f6ntekij\u00f6ihin.","og_url":"https:\/\/terosaarinen.com\/fi\/ryhma\/ihmiset\/","og_site_name":"TSC","article_publisher":"https:\/\/www.facebook.com\/terosaarinencompany","article_modified_time":"2026-01-07T12:13:05+00:00","og_image":[{"width":1465,"height":824,"url":"https:\/\/terosaarinen.com\/wp-content\/uploads\/2025\/05\/tsc-wnew.png","type":"image\/png"}],"twitter_card":"summary_large_image","schema":{"@context":"https:\/\/schema.org","@graph":[{"@type":"WebPage","@id":"https:\/\/terosaarinen.com\/fi\/ryhma\/ihmiset\/","url":"https:\/\/terosaarinen.com\/fi\/ryhma\/ihmiset\/","name":"Ihmiset - TSC","isPartOf":{"@id":"https:\/\/terosaarinen.com\/fi\/#website"},"datePublished":"2025-03-06T08:53:03+00:00","dateModified":"2026-01-07T12:13:05+00:00","description":"Tutustu Tero Saarinen Companyn taiteilijoihin ja ty\u00f6ntekij\u00f6ihin.","breadcrumb":{"@id":"https:\/\/terosaarinen.com\/fi\/ryhma\/ihmiset\/#breadcrumb"},"inLanguage":"fi","potentialAction":[{"@type":"ReadAction","target":["https:\/\/terosaarinen.com\/fi\/ryhma\/ihmiset\/"]}]},{"@type":"BreadcrumbList","@id":"https:\/\/terosaarinen.com\/fi\/ryhma\/ihmiset\/#breadcrumb","itemListElement":[{"@type":"ListItem","position":1,"name":"Home","item":"https:\/\/terosaarinen.com\/fi\/"},{"@type":"ListItem","position":2,"name":"Ihmiset"}]},{"@type":"WebSite","@id":"https:\/\/terosaarinen.com\/fi\/#website","url":"https:\/\/terosaarinen.com\/fi\/","name":"Tero Saarinen Company","description":"","publisher":{"@id":"https:\/\/terosaarinen.com\/fi\/#organization"},"potentialAction":[{"@type":"SearchAction","target":{"@type":"EntryPoint","urlTemplate":"https:\/\/terosaarinen.com\/fi\/?s={search_term_string}"},"query-input":{"@type":"PropertyValueSpecification","valueRequired":true,"valueName":"search_term_string"}}],"inLanguage":"fi"},{"@type":"Organization","@id":"https:\/\/terosaarinen.com\/fi\/#organization","name":"Tero Saarinen Company","url":"https:\/\/terosaarinen.com\/fi\/","logo":{"@type":"ImageObject","inLanguage":"fi","@id":"https:\/\/terosaarinen.com\/fi\/#\/schema\/logo\/image\/","url":"https:\/\/terosaarinen.com\/wp-content\/uploads\/2025\/05\/tsc-wnew.png","contentUrl":"https:\/\/terosaarinen.com\/wp-content\/uploads\/2025\/05\/tsc-wnew.png","width":1465,"height":824,"caption":"Tero Saarinen Company"},"image":{"@id":"https:\/\/terosaarinen.com\/fi\/#\/schema\/logo\/image\/"},"sameAs":["https:\/\/www.facebook.com\/terosaarinencompany","https:\/\/www.instagram.com\/terosaarinenco\/"]}]}},"_links":{"self":[{"href":"https:\/\/terosaarinen.com\/fi\/wp-json\/wp\/v2\/pages\/2212","targetHints":{"allow":["GET"]}}],"collection":[{"href":"https:\/\/terosaarinen.com\/fi\/wp-json\/wp\/v2\/pages"}],"about":[{"href":"https:\/\/terosaarinen.com\/fi\/wp-json\/wp\/v2\/types\/page"}],"author":[{"embeddable":true,"href":"https:\/\/terosaarinen.com\/fi\/wp-json\/wp\/v2\/users\/6"}],"replies":[{"embeddable":true,"href":"https:\/\/terosaarinen.com\/fi\/wp-json\/wp\/v2\/comments?post=2212"}],"version-history":[{"count":15,"href":"https:\/\/terosaarinen.com\/fi\/wp-json\/wp\/v2\/pages\/2212\/revisions"}],"predecessor-version":[{"id":5623,"href":"https:\/\/terosaarinen.com\/fi\/wp-json\/wp\/v2\/pages\/2212\/revisions\/5623"}],"up":[{"embeddable":true,"href":"https:\/\/terosaarinen.com\/fi\/wp-json\/wp\/v2\/pages\/3454"}],"wp:attachment":[{"href":"https:\/\/terosaarinen.com\/fi\/wp-json\/wp\/v2\/media?parent=2212"}],"curies":[{"name":"wp","href":"https:\/\/api.w.org\/{rel}","templated":true}]}}