{"id":2443,"date":"2025-03-06T10:49:55","date_gmt":"2025-03-06T08:49:55","guid":{"rendered":"https:\/\/terosaarinen.com\/tsc-studio\/"},"modified":"2026-03-17T15:54:45","modified_gmt":"2026-03-17T13:54:45","slug":"tsc-studio","status":"publish","type":"page","link":"https:\/\/terosaarinen.com\/fi\/tsc-studio\/","title":{"rendered":"TSC Studio"},"content":{"rendered":"<div class=\"tsc-hero-visuals image\">\n      <div class=\"bg\">\n              <img decoding=\"async\" src=\"https:\/\/terosaarinen.com\/wp-content\/uploads\/2025\/04\/DSF8809.jpg\" alt=\"\" \/>\n          <\/div>\n        <div class=\"heading\">\n                        <h1>TSC Studio<\/h1>\n    <\/div>\n  <\/div>\n\n<div class=\"tsc-ingress\">\n  <div class=\"inner\">\n    <h2>Tero Saarinen Companyn toimitilat Helsingin Kaapelitehtaalla on suunniteltu tanssin ja tanssijoiden tarpeet mieless\u00e4 pit\u00e4en. Harjoitussali TSC Studio on kotipes\u00e4 teosharjoituksille ja opetustoiminnalle, jonka lis\u00e4ksi sit\u00e4 vuokrataan my\u00f6s muille alan toimijoille, kuten vapaan kent\u00e4n taiteilijoille sek\u00e4 tanssikouluille. Studiossa j\u00e4rjestet\u00e4\u00e4n my\u00f6s taiteellisia residenssej\u00e4 vuosittain.<\/h2>\n  <\/div>\n<\/div>\n\n<div class=\"tsc-media single\">\n  <div class=\"slider\">\n                  <div class=\"image\">\n                  <img decoding=\"async\" src=\"https&#x3A;&#x2F;&#x2F;terosaarinen.com&#x2F;wp-content&#x2F;uploads&#x2F;2025&#x2F;04&#x2F;L1009898-2048x1365.jpg\" alt=\"\" \/>\n                <\/div>\n            <\/div>\n<\/div>\n\n\n<div class=\"tsc-text onecol\">\n  <div class=\"inner\">\n    <div class=\"heading\">\n      Tilan varustelu ja saapuminen\n    <\/div>\n    <div class=\"content\">\n      <div class=\"acf-innerblocks-container\">\n\n<p>L\u00e4hes 200m2 kokoinen harjoitussali on varusteltu lattial\u00e4mmitetyll\u00e4 Harlequin Liberty -joustolattialla ja tanssimatolla. Tilassa on suuret peilit, jotka voi halutessaan peitt\u00e4\u00e4 \u00e4\u00e4nt\u00e4 vaimentavilla verhoilla. Luonnonvaloa tulvii studioon useista ikkunoista, joissa on sek\u00e4 h\u00e4ik\u00e4isy\u00e4 v\u00e4hent\u00e4v\u00e4t ett\u00e4 piment\u00e4v\u00e4t rullaverhot. My\u00f6s studion ja k\u00e4yt\u00e4v\u00e4n v\u00e4liset ikkunat on mahdollista peitt\u00e4\u00e4 verhoilla. Studion perusvarusteluun kuuluu kiinte\u00e4n\u00e4 <a href=\"https:\/\/www.genelec.fi\/\">Genelecin<\/a> \u00e4\u00e4nentoisto. Lis\u00e4ksi studiossa on siirrett\u00e4v\u00e4t balettitangot ja jumppamattoja.<\/p>\n\n\n\n<p>Koko: 14,5 m x 11,8 m<br>Korkeus: 3,4 m (kattopalkkeihin saakka mitattuna)<\/p>\n\n\n\n<p>Studion yhteydess\u00e4 on kaksi pukuhuonetta (naiset ja unisex), joissa on lukittavat s\u00e4ilytyskaapit sek\u00e4 WC-tilat ja suihkut. Studioon on j\u00e4rjestett\u00e4viss\u00e4 esteet\u00f6n kulku, mutta studiossa ei valitettavasti ole esteett\u00f6mi\u00e4 WC-tiloja.<\/p>\n\n\n\n<p>Esitysk\u00e4ytt\u00f6\u00f6n ja residenssity\u00f6skentelyyn studiossa on lis\u00e4ksi<\/p>\n\n\n\n<ul class=\"wp-block-list\">\n<li>Kiinte\u00e4 valokalusto<\/li>\n\n\n\n<li>Projektori ja valkokangas<\/li>\n\n\n\n<li>Langattomat mikrofonit<\/li>\n\n\n\n<li>50 kpl taittotuoleja<\/li>\n\n\n\n<li><a href=\"https:\/\/www.genelec.fi\/\">Genelecin<\/a> immersiivi\u00e4\u00e4nen mahdollistava kaiutinj\u00e4rjestelm\u00e4.<\/li>\n<\/ul>\n\n\n\n<p>Studion teknisen kaluston sek\u00e4 immersiivisen kaiutinj\u00e4rjestelm\u00e4n k\u00e4yt\u00f6st\u00e4 vuokrauksen tai residenssien yhteydess\u00e4 sovitaan tapauskohtaisesti.<\/p>\n\n<\/div>\n    <\/div>\n  <\/div>\n<\/div>\n\n<div class=\"tsc-text onecol\">\n  <div class=\"inner\">\n    <div class=\"heading\">\n      Immersiivinen \u00e4\u00e4ni\n    <\/div>\n    <div class=\"content\">\n      <div class=\"acf-innerblocks-container\">\n\n<p>TSC Studio on varusteltu 22 kaiuttimella ja kahdella kalibrointij\u00e4rjestelm\u00e4ll\u00e4, jotka ovat ammattiaudion ja immersiivisen \u00e4\u00e4nentoistoteknologian edell\u00e4k\u00e4vij\u00e4 <a href=\"https:\/\/www.genelec.fi\/\">Genelecin<\/a> k\u00e4sialaa. Studion \u00e4\u00e4nentoisto mahdollistaa immersiivisen \u00e4\u00e4nen ja kuuntelukokemuksen \u2013 se osallistaa kokijat kokonaisvaltaisella fyysisyydell\u00e4\u00e4n, joka tuo mukanaan my\u00f6s vahvasti emotionaalisen ulottuvuuden.<\/p>\n\n\n\n<p>Studion \u00e4\u00e4nentoistoj\u00e4rjestelm\u00e4n on suunnitellut TSC Studion vakituinen residenssitaiteilija ja ryhm\u00e4n \u00e4\u00e4nisuunnittelija Tuomas Norvio. Tuomalla yhteen huipputeknologian ja taiteen yhteiset ulottuvuudet, tila toimii alustana kokeiluille, uuden luomiselle ja uuden oppimiselle.&nbsp;<\/p>\n\n<\/div>\n    <\/div>\n  <\/div>\n<\/div>\n\n<div class=\"tsc-media single\">\n  <div class=\"slider\">\n                  <div class=\"vimeo\">\n                            <div style=\"padding:56.25% 0 0 0;position:relative;\"><iframe src=\"https:\/\/player.vimeo.com\/video\/1174399665?badge=0&amp;autopause=0&amp;player_id=0&amp;app_id=58479\" frameborder=\"0\" allow=\"autoplay; fullscreen; picture-in-picture; clipboard-write; encrypted-media\" style=\"position:absolute;top:0;left:0;width:100%;height:100%;\" title=\"Video\"><\/iframe><\/div><script src=\"https:\/\/player.vimeo.com\/api\/player.js\"><\/script>\n                <\/div>\n            <\/div>\n<\/div>\n\n\n<div class=\"tsc-text onecol\">\n  <div class=\"inner\">\n    <div class=\"heading\">\n      Saapuminen\n    <\/div>\n    <div class=\"content\">\n      <div class=\"acf-innerblocks-container\">\n\n<p>TSC Studio sijaitsee Helsingin Ruoholahdessa, Kaapelitehtaan E-rapussa 3. kerroksessa. P\u00e4\u00e4asiallinen kulku rappuun tapahtuu Lasipihalta, Tanssin talon ja Kaapelitehtaan p\u00e4\u00e4sis\u00e4\u00e4nk\u00e4ynnilt\u00e4 (Kaapeliaukio 3). Esteet\u00f6n kulku tiloihin onnistuu Lasipihalla sijaitsevalla tavarahissill\u00e4. Mik\u00e4li saavut esteet\u00f6nt\u00e4 reitti\u00e4, olethan meihin yhteydess\u00e4 etuk\u00e4teen!<\/p>\n\n<\/div>\n    <\/div>\n  <\/div>\n<\/div>\n\n<div class=\"tsc-media single\">\n  <div class=\"slider\">\n                  <div class=\"image\">\n                  <img decoding=\"async\" src=\"https&#x3A;&#x2F;&#x2F;terosaarinen.com&#x2F;wp-content&#x2F;uploads&#x2F;2025&#x2F;04&#x2F;tscstudio_teroahonen_06_hi-res-2048x1365.jpg\" alt=\"\" \/>\n                <\/div>\n            <\/div>\n<\/div>\n\n\n<div class=\"tsc-liftlinklist\">\n  <div class=\"inner\">\n    <div class=\"links\">\n              <a class=\"hoverplay\" href=\"https&#x3A;&#x2F;&#x2F;terosaarinen.com&#x2F;fi&#x2F;tsc-studio&#x2F;rental&#x2F;\" rel=\"noreferrer noopener\">\n                      <div class=\"media\">\n              <div class=\"revealo\">\n                                                            <img decoding=\"async\" src=\"https&#x3A;&#x2F;&#x2F;terosaarinen.com&#x2F;wp-content&#x2F;uploads&#x2F;2025&#x2F;04&#x2F;L1009898-300x200.jpg)\" alt=\"\" \/>\n                            <\/div>\n            <\/div>\n            <span class=\"t1\">Vuokraus<\/span>\n                  <\/a>\n              <a class=\"hoverplay\" href=\"https&#x3A;&#x2F;&#x2F;terosaarinen.com&#x2F;fi&#x2F;tero-technique&#x2F;training&#x2F;\" rel=\"noreferrer noopener\">\n                      <span class=\"t1\">Opetus<\/span>\n            <div class=\"media\">\n              <div class=\"revealo\">\n                                                            <img decoding=\"async\" src=\"https&#x3A;&#x2F;&#x2F;terosaarinen.com&#x2F;wp-content&#x2F;uploads&#x2F;2025&#x2F;04&#x2F;DSF9307-3-300x225.jpg)\" alt=\"\" \/>\n                            <\/div>\n            <\/div>\n                  <\/a>\n          <\/div>\n  <\/div>\n<\/div>\n","protected":false},"excerpt":{"rendered":"","protected":false},"author":6,"featured_media":0,"parent":0,"menu_order":0,"comment_status":"closed","ping_status":"closed","template":"","meta":{"_acf_changed":false,"footnotes":""},"class_list":["post-2443","page","type-page","status-publish","hentry"],"acf":[],"yoast_head":"<!-- This site is optimized with the Yoast SEO plugin v27.2 - https:\/\/yoast.com\/product\/yoast-seo-wordpress\/ -->\n<title>TSC Studio - TSC<\/title>\n<meta name=\"description\" content=\"TSC Studio on Tero Saarinen Companyn harjoitustila, jota vuokrataan my\u00f6s tanssitaiteilijoille ja -kouluille. Tilassa j\u00e4rjestet\u00e4\u00e4n vuosittain residenssej\u00e4.\" \/>\n<meta name=\"robots\" content=\"index, follow, max-snippet:-1, max-image-preview:large, max-video-preview:-1\" \/>\n<link rel=\"canonical\" href=\"https:\/\/terosaarinen.com\/fi\/tsc-studio\/\" \/>\n<meta property=\"og:locale\" content=\"fi_FI\" \/>\n<meta property=\"og:type\" content=\"article\" \/>\n<meta property=\"og:title\" content=\"TSC Studio - TSC\" \/>\n<meta property=\"og:description\" content=\"TSC Studio on Tero Saarinen Companyn harjoitustila, jota vuokrataan my\u00f6s tanssitaiteilijoille ja -kouluille. Tilassa j\u00e4rjestet\u00e4\u00e4n vuosittain residenssej\u00e4.\" \/>\n<meta property=\"og:url\" content=\"https:\/\/terosaarinen.com\/fi\/tsc-studio\/\" \/>\n<meta property=\"og:site_name\" content=\"TSC\" \/>\n<meta property=\"article:publisher\" content=\"https:\/\/www.facebook.com\/terosaarinencompany\" \/>\n<meta property=\"article:modified_time\" content=\"2026-03-17T13:54:45+00:00\" \/>\n<meta property=\"og:image\" content=\"https:\/\/terosaarinen.com\/wp-content\/uploads\/2025\/05\/tsc-wnew.png\" \/>\n\t<meta property=\"og:image:width\" content=\"1465\" \/>\n\t<meta property=\"og:image:height\" content=\"824\" \/>\n\t<meta property=\"og:image:type\" content=\"image\/png\" \/>\n<meta name=\"twitter:card\" content=\"summary_large_image\" \/>\n<meta name=\"twitter:label1\" content=\"Arvioitu lukuaika\" \/>\n\t<meta name=\"twitter:data1\" content=\"2 minuuttia\" \/>\n<script type=\"application\/ld+json\" class=\"yoast-schema-graph\">{\"@context\":\"https:\/\/schema.org\",\"@graph\":[{\"@type\":\"WebPage\",\"@id\":\"https:\/\/terosaarinen.com\/fi\/tsc-studio\/\",\"url\":\"https:\/\/terosaarinen.com\/fi\/tsc-studio\/\",\"name\":\"TSC Studio - TSC\",\"isPartOf\":{\"@id\":\"https:\/\/terosaarinen.com\/fi\/#website\"},\"datePublished\":\"2025-03-06T08:49:55+00:00\",\"dateModified\":\"2026-03-17T13:54:45+00:00\",\"description\":\"TSC Studio on Tero Saarinen Companyn harjoitustila, jota vuokrataan my\u00f6s tanssitaiteilijoille ja -kouluille. Tilassa j\u00e4rjestet\u00e4\u00e4n vuosittain residenssej\u00e4.\",\"breadcrumb\":{\"@id\":\"https:\/\/terosaarinen.com\/fi\/tsc-studio\/#breadcrumb\"},\"inLanguage\":\"fi\",\"potentialAction\":[{\"@type\":\"ReadAction\",\"target\":[\"https:\/\/terosaarinen.com\/fi\/tsc-studio\/\"]}]},{\"@type\":\"BreadcrumbList\",\"@id\":\"https:\/\/terosaarinen.com\/fi\/tsc-studio\/#breadcrumb\",\"itemListElement\":[{\"@type\":\"ListItem\",\"position\":1,\"name\":\"Home\",\"item\":\"https:\/\/terosaarinen.com\/fi\/\"},{\"@type\":\"ListItem\",\"position\":2,\"name\":\"TSC Studio\"}]},{\"@type\":\"WebSite\",\"@id\":\"https:\/\/terosaarinen.com\/fi\/#website\",\"url\":\"https:\/\/terosaarinen.com\/fi\/\",\"name\":\"Tero Saarinen Company\",\"description\":\"\",\"publisher\":{\"@id\":\"https:\/\/terosaarinen.com\/fi\/#organization\"},\"potentialAction\":[{\"@type\":\"SearchAction\",\"target\":{\"@type\":\"EntryPoint\",\"urlTemplate\":\"https:\/\/terosaarinen.com\/fi\/?s={search_term_string}\"},\"query-input\":{\"@type\":\"PropertyValueSpecification\",\"valueRequired\":true,\"valueName\":\"search_term_string\"}}],\"inLanguage\":\"fi\"},{\"@type\":\"Organization\",\"@id\":\"https:\/\/terosaarinen.com\/fi\/#organization\",\"name\":\"Tero Saarinen Company\",\"url\":\"https:\/\/terosaarinen.com\/fi\/\",\"logo\":{\"@type\":\"ImageObject\",\"inLanguage\":\"fi\",\"@id\":\"https:\/\/terosaarinen.com\/fi\/#\/schema\/logo\/image\/\",\"url\":\"https:\/\/terosaarinen.com\/wp-content\/uploads\/2025\/05\/tsc-wnew.png\",\"contentUrl\":\"https:\/\/terosaarinen.com\/wp-content\/uploads\/2025\/05\/tsc-wnew.png\",\"width\":1465,\"height\":824,\"caption\":\"Tero Saarinen Company\"},\"image\":{\"@id\":\"https:\/\/terosaarinen.com\/fi\/#\/schema\/logo\/image\/\"},\"sameAs\":[\"https:\/\/www.facebook.com\/terosaarinencompany\",\"https:\/\/www.instagram.com\/terosaarinenco\/\"]}]}<\/script>\n<!-- \/ Yoast SEO plugin. -->","yoast_head_json":{"title":"TSC Studio - TSC","description":"TSC Studio on Tero Saarinen Companyn harjoitustila, jota vuokrataan my\u00f6s tanssitaiteilijoille ja -kouluille. Tilassa j\u00e4rjestet\u00e4\u00e4n vuosittain residenssej\u00e4.","robots":{"index":"index","follow":"follow","max-snippet":"max-snippet:-1","max-image-preview":"max-image-preview:large","max-video-preview":"max-video-preview:-1"},"canonical":"https:\/\/terosaarinen.com\/fi\/tsc-studio\/","og_locale":"fi_FI","og_type":"article","og_title":"TSC Studio - TSC","og_description":"TSC Studio on Tero Saarinen Companyn harjoitustila, jota vuokrataan my\u00f6s tanssitaiteilijoille ja -kouluille. Tilassa j\u00e4rjestet\u00e4\u00e4n vuosittain residenssej\u00e4.","og_url":"https:\/\/terosaarinen.com\/fi\/tsc-studio\/","og_site_name":"TSC","article_publisher":"https:\/\/www.facebook.com\/terosaarinencompany","article_modified_time":"2026-03-17T13:54:45+00:00","og_image":[{"width":1465,"height":824,"url":"https:\/\/terosaarinen.com\/wp-content\/uploads\/2025\/05\/tsc-wnew.png","type":"image\/png"}],"twitter_card":"summary_large_image","twitter_misc":{"Arvioitu lukuaika":"2 minuuttia"},"schema":{"@context":"https:\/\/schema.org","@graph":[{"@type":"WebPage","@id":"https:\/\/terosaarinen.com\/fi\/tsc-studio\/","url":"https:\/\/terosaarinen.com\/fi\/tsc-studio\/","name":"TSC Studio - TSC","isPartOf":{"@id":"https:\/\/terosaarinen.com\/fi\/#website"},"datePublished":"2025-03-06T08:49:55+00:00","dateModified":"2026-03-17T13:54:45+00:00","description":"TSC Studio on Tero Saarinen Companyn harjoitustila, jota vuokrataan my\u00f6s tanssitaiteilijoille ja -kouluille. Tilassa j\u00e4rjestet\u00e4\u00e4n vuosittain residenssej\u00e4.","breadcrumb":{"@id":"https:\/\/terosaarinen.com\/fi\/tsc-studio\/#breadcrumb"},"inLanguage":"fi","potentialAction":[{"@type":"ReadAction","target":["https:\/\/terosaarinen.com\/fi\/tsc-studio\/"]}]},{"@type":"BreadcrumbList","@id":"https:\/\/terosaarinen.com\/fi\/tsc-studio\/#breadcrumb","itemListElement":[{"@type":"ListItem","position":1,"name":"Home","item":"https:\/\/terosaarinen.com\/fi\/"},{"@type":"ListItem","position":2,"name":"TSC Studio"}]},{"@type":"WebSite","@id":"https:\/\/terosaarinen.com\/fi\/#website","url":"https:\/\/terosaarinen.com\/fi\/","name":"Tero Saarinen Company","description":"","publisher":{"@id":"https:\/\/terosaarinen.com\/fi\/#organization"},"potentialAction":[{"@type":"SearchAction","target":{"@type":"EntryPoint","urlTemplate":"https:\/\/terosaarinen.com\/fi\/?s={search_term_string}"},"query-input":{"@type":"PropertyValueSpecification","valueRequired":true,"valueName":"search_term_string"}}],"inLanguage":"fi"},{"@type":"Organization","@id":"https:\/\/terosaarinen.com\/fi\/#organization","name":"Tero Saarinen Company","url":"https:\/\/terosaarinen.com\/fi\/","logo":{"@type":"ImageObject","inLanguage":"fi","@id":"https:\/\/terosaarinen.com\/fi\/#\/schema\/logo\/image\/","url":"https:\/\/terosaarinen.com\/wp-content\/uploads\/2025\/05\/tsc-wnew.png","contentUrl":"https:\/\/terosaarinen.com\/wp-content\/uploads\/2025\/05\/tsc-wnew.png","width":1465,"height":824,"caption":"Tero Saarinen Company"},"image":{"@id":"https:\/\/terosaarinen.com\/fi\/#\/schema\/logo\/image\/"},"sameAs":["https:\/\/www.facebook.com\/terosaarinencompany","https:\/\/www.instagram.com\/terosaarinenco\/"]}]}},"_links":{"self":[{"href":"https:\/\/terosaarinen.com\/fi\/wp-json\/wp\/v2\/pages\/2443","targetHints":{"allow":["GET"]}}],"collection":[{"href":"https:\/\/terosaarinen.com\/fi\/wp-json\/wp\/v2\/pages"}],"about":[{"href":"https:\/\/terosaarinen.com\/fi\/wp-json\/wp\/v2\/types\/page"}],"author":[{"embeddable":true,"href":"https:\/\/terosaarinen.com\/fi\/wp-json\/wp\/v2\/users\/6"}],"replies":[{"embeddable":true,"href":"https:\/\/terosaarinen.com\/fi\/wp-json\/wp\/v2\/comments?post=2443"}],"version-history":[{"count":10,"href":"https:\/\/terosaarinen.com\/fi\/wp-json\/wp\/v2\/pages\/2443\/revisions"}],"predecessor-version":[{"id":6146,"href":"https:\/\/terosaarinen.com\/fi\/wp-json\/wp\/v2\/pages\/2443\/revisions\/6146"}],"wp:attachment":[{"href":"https:\/\/terosaarinen.com\/fi\/wp-json\/wp\/v2\/media?parent=2443"}],"curies":[{"name":"wp","href":"https:\/\/api.w.org\/{rel}","templated":true}]}}