{"id":2489,"date":"2025-03-06T10:50:17","date_gmt":"2025-03-06T08:50:17","guid":{"rendered":"https:\/\/terosaarinen.com\/tsc-studio\/rental\/"},"modified":"2026-02-05T10:15:28","modified_gmt":"2026-02-05T08:15:28","slug":"vuokraus","status":"publish","type":"page","link":"https:\/\/terosaarinen.com\/fi\/tsc-studio\/vuokraus\/","title":{"rendered":"Vuokraus"},"content":{"rendered":"<div class=\"tsc-hero-visuals image\">\n      <div class=\"bg\">\n              <img decoding=\"async\" src=\"https:\/\/terosaarinen.com\/wp-content\/uploads\/2025\/04\/L1009976-2048x1365.jpg\" alt=\"\" \/>\n          <\/div>\n        <div class=\"heading\">\n                        <h1>Vuokraus <\/h1>\n    <\/div>\n  <\/div>\n\n<div class=\"tsc-ingress\">\n  <div class=\"inner\">\n    <h2>Etsitk\u00f6 tilaa teosharjoituksille tai kurssin j\u00e4rjest\u00e4miseen? TSC Studio tarjoaa tilan luovuudelle silloin, kun se ei ole Tero Saarinen Companyn omassa k\u00e4yt\u00f6ss\u00e4. TSC Studiota voivat vuokrata tanssiryhm\u00e4t, koreografit, freelancerit ja muut alan toimijat \u2013 ne, jotka etsiv\u00e4t paikkaa liikkeelle ja sen tutkimiselle. \r\n<\/h2>\n  <\/div>\n<\/div>\n\n<div class=\"tsc-media multi\">\n  <div class=\"slider\">\n                  <div class=\"image\">\n                  <img decoding=\"async\" src=\"https&#x3A;&#x2F;&#x2F;terosaarinen.com&#x2F;wp-content&#x2F;uploads&#x2F;2025&#x2F;04&#x2F;CE2A7851-03-2048x1365.jpg\" alt=\"\" \/>\n                <\/div>\n                        <div class=\"image\">\n                  <img decoding=\"async\" src=\"https&#x3A;&#x2F;&#x2F;terosaarinen.com&#x2F;wp-content&#x2F;uploads&#x2F;2025&#x2F;04&#x2F;L1009898-2048x1365.jpg\" alt=\"\" \/>\n                <\/div>\n                        <div class=\"image\">\n                  <img decoding=\"async\" src=\"https&#x3A;&#x2F;&#x2F;terosaarinen.com&#x2F;wp-content&#x2F;uploads&#x2F;2025&#x2F;04&#x2F;L1000917-1-2048x1365.jpg\" alt=\"\" \/>\n                <\/div>\n            <\/div>\n<\/div>\n\n\n<div class=\"tsc-text onecol\">\n  <div class=\"inner\">\n    <div class=\"heading\">\n      \n    <\/div>\n    <div class=\"content\">\n      <div class=\"acf-innerblocks-container\">\n\n<p>Vuokraamalla studion saat k\u00e4ytt\u00f6\u00f6si tilavan harjoitussalin, pukuhuoneet sek\u00e4 studion kiinte\u00e4n kaluston, johon kuuluu \u00e4\u00e4nentoisto, perusvalaistus sek\u00e4 balettitangot ja jumppamatot. <a data-type=\"page\" data-id=\"2443\" href=\"https:\/\/terosaarinen.com\/fi\/tsc-studio\/\">Studioon ja sen varusteluun voi tutustua tarkemmin t\u00e4\u00e4ll\u00e4.<\/a> Huomaathan, ett\u00e4 vaaleapohjaisia sis\u00e4kenki\u00e4 lukuun ottamatta studiossamme ei saa k\u00e4ytt\u00e4\u00e4 kenki\u00e4, korkokeng\u00e4t mukaan lukien.<\/p>\n\n\n\n<p>Studion hinnoittelu on tuntiperusteinen ja hintataso m\u00e4\u00e4r\u00e4ytyy vuokrauksen k\u00e4ytt\u00f6tarkoituksen mukaan. Haluamme mahdollistaa harjoitussalin saatavuuden mahdollisimman monelle tanssialan toimijalle, jonka vuoksi tarjoamme tanssin ammatilaisille subventoitua hinnoittelua. Hinnoista sovitaan erikseen mik\u00e4li haluat vuokrata studiota pidemm\u00e4lle ajanjaksolle tai tarvitset k\u00e4ytt\u00f6\u00f6si vaativampaa teknist\u00e4 kalustoa. Tanssin ja liikkeellisen ty\u00f6skentelyn lis\u00e4ksi studio soveltuu erinomaisesti my\u00f6s erilaisiin pienimuotoisiin yritystilaisuuksiin tai esimerkiksi kuvauksiin \u2013 ole rohkeasti yhteydess\u00e4 ja kysy lis\u00e4\u00e4!<\/p>\n\n\n\n<p>Voit tehd\u00e4 kertavarauksen studioon alta l\u00f6ytyv\u00e4n varauskalenterin kautta. Useamman p\u00e4iv\u00e4n varauksia ja kausivuokria koskevissa tiedusteluissa ota meihin yhteytt\u00e4 s\u00e4hk\u00f6postitse: info@terosaarinen.com. Kerrothan varaustiedustelun yhteydess\u00e4 my\u00f6s tilavuokran k\u00e4ytt\u00f6tarkoituksen.<\/p>\n\n<\/div>\n    <\/div>\n  <\/div>\n<\/div>\n\n<div class=\"tsc-accordion\">\n  <div class=\"inner\">\n    <div class=\"heading\">\n      Hinnasto \n    <\/div>\n    <div class=\"content\">\n      <div class=\"acf-innerblocks-container\">\n<div class=\"tsc-accordionitem\">\n  <div class=\"content\">\n    <button class=\"toggle\">\n      <h2>Teostuotannot ja taiteellinen ty\u00f6skentely<\/h2>\n      <span class=\"button\">\n        <span class=\"closed\">Lis\u00e4tiedot<\/span>\n        <span class=\"open\">Sulje<\/span>\n      <\/span>\n    <\/button>\n    <div class=\"expander\">\n      <div class=\"acf-innerblocks-container\">\n\n<p>VOS-ryhm\u00e4t 39 \u20ac \/ tunti<br>Vapaat tanssitoimijat ja freelancerit 29 \u20ac \/ tunti<br><br>Hintoihin lis\u00e4t\u00e4\u00e4n voimassaoleva arvonlis\u00e4vero.<\/p>\n\n<\/div>\n    <\/div>\n  <\/div>\n<\/div>\n\n<div class=\"tsc-accordionitem\">\n  <div class=\"content\">\n    <button class=\"toggle\">\n      <h2>Kurssitoiminta<\/h2>\n      <span class=\"button\">\n        <span class=\"closed\">Lis\u00e4tiedot<\/span>\n        <span class=\"open\">Sulje<\/span>\n      <\/span>\n    <\/button>\n    <div class=\"expander\">\n      <div class=\"acf-innerblocks-container\">\n\n<p>Kaupalliset tanssikurssit ja -koulut 47 \u20ac \/ tunti <br>Ammattilaisille suunnattu kurssi- ja opetustoiminta 36 \u20ac \/ tunti<\/p>\n\n\n\n<p>Hintoihin lis\u00e4t\u00e4\u00e4n voimassaoleva arvonlis\u00e4vero.<\/p>\n\n<\/div>\n    <\/div>\n  <\/div>\n<\/div>\n\n<div class=\"tsc-accordionitem\">\n  <div class=\"content\">\n    <button class=\"toggle\">\n      <h2> Kausivuokraus ja muu toiminta<\/h2>\n      <span class=\"button\">\n        <span class=\"closed\">Lis\u00e4tiedot<\/span>\n        <span class=\"open\">Sulje<\/span>\n      <\/span>\n    <\/button>\n    <div class=\"expander\">\n      <div class=\"acf-innerblocks-container\">\n\n<p>Hinnoittelu m\u00e4\u00e4r\u00e4ytyy sopimuksen mukaan.<\/p>\n\n\n\n<p>Yll\u00e4 listattuihin vuokrahintoihin lis\u00e4t\u00e4\u00e4n voimassa oleva arvonlis\u00e4vero. Teknist\u00e4 perehdytyst\u00e4 vaativissa vuokrauksissa ja teknisen kaluston laajemmasta k\u00e4ytt\u00f6oikeudesta veloitetaan erikseen sopimuksen mukaan.<\/p>\n\n<\/div>\n    <\/div>\n  <\/div>\n<\/div>\n<\/div>\n    <\/div>\n  <\/div>\n<\/div>\n\n<div class=\"tsc-vello\">\n  <div class=\"inner\">\n          <h2>Varauskalenteri<\/h2>\n              <!--\n      <script type=\"text\/javascript\" language=\"javascript\">(function(d,s,i,c,j,a){a=d.getElementsByTagName(s)[0];if(d.getElementById(i))return;j=d.createElement(s);j.id=i;j.async=1;j.setAttribute(\"data-c\",c);j.setAttribute(\"data-l\",\"fi\");j.src=\"https:\/\/static.vello.fi\/js\/wizard\/vwiz.js\";a.parentNode.insertBefore(j,a);}(document,\"script\",\"vello-wizard-sdk\",\"tero-saarinen-company\"));<\/script><div id=\"vello-wizard\"><\/div>\n      -->\n      <div><script async src=\"https:\/\/static.vello.fi\/embed\/v1.js\" data-url=\"tero-saarinen-company\" data-lang=\"fi\"><\/script><\/div>\n      <\/div>\n<\/div>\n\n\n<div class=\"tsc-text onecol\">\n  <div class=\"inner\">\n    <div class=\"heading\">\n      Yhteydenotto\n    <\/div>\n    <div class=\"content\">\n      <div class=\"acf-innerblocks-container\">\n\n<p>Yhteydenotot ja vuokratiedustelut: <a href=\"mailto:info@terosaarinen.com\">info@terosaarinen.com<\/a><\/p>\n\n<\/div>\n    <\/div>\n  <\/div>\n<\/div>\n\n<div class=\"tsc-liftlinklist\">\n  <div class=\"inner\">\n    <div class=\"links\">\n              <a class=\"hoverplay\" href=\"https&#x3A;&#x2F;&#x2F;terosaarinen.com&#x2F;fi&#x2F;tsc-studio&#x2F;\" rel=\"noreferrer noopener\">\n                      <div class=\"media\">\n              <div class=\"revealo\">\n                                                            <img decoding=\"async\" src=\"https&#x3A;&#x2F;&#x2F;terosaarinen.com&#x2F;wp-content&#x2F;uploads&#x2F;2025&#x2F;04&#x2F;DSF8809-300x225.jpg)\" alt=\"\" \/>\n                            <\/div>\n            <\/div>\n            <span class=\"t1\">TSC Studio<\/span>\n                  <\/a>\n              <a class=\"hoverplay\" href=\"https&#x3A;&#x2F;&#x2F;terosaarinen.com&#x2F;fi&#x2F;tsc-studio&#x2F;residencies&#x2F;\" rel=\"noreferrer noopener\">\n                      <span class=\"t1\">Residenssit <\/span>\n            <div class=\"media\">\n              <div class=\"revealo\">\n                                                            <img decoding=\"async\" src=\"https&#x3A;&#x2F;&#x2F;terosaarinen.com&#x2F;wp-content&#x2F;uploads&#x2F;2025&#x2F;04&#x2F;51576584463_fb6401c2cc_o-1-300x200.jpg)\" alt=\"\" \/>\n                            <\/div>\n            <\/div>\n                  <\/a>\n          <\/div>\n  <\/div>\n<\/div>\n\n\n\n<p><\/p>\n","protected":false},"excerpt":{"rendered":"","protected":false},"author":6,"featured_media":0,"parent":2443,"menu_order":0,"comment_status":"closed","ping_status":"closed","template":"","meta":{"_acf_changed":false,"footnotes":""},"class_list":["post-2489","page","type-page","status-publish","hentry"],"acf":[],"yoast_head":"<!-- This site is optimized with the Yoast SEO plugin v27.2 - https:\/\/yoast.com\/product\/yoast-seo-wordpress\/ -->\n<title>Vuokraus - TSC<\/title>\n<meta name=\"description\" content=\"TSC Studiota voivat vuokrata tanssiryhm\u00e4t, koreografit, freelancerit ja muut alan toimijat.\" \/>\n<meta name=\"robots\" content=\"index, follow, max-snippet:-1, max-image-preview:large, max-video-preview:-1\" \/>\n<link rel=\"canonical\" href=\"https:\/\/terosaarinen.com\/fi\/tsc-studio\/vuokraus\/\" \/>\n<meta property=\"og:locale\" content=\"fi_FI\" \/>\n<meta property=\"og:type\" content=\"article\" \/>\n<meta property=\"og:title\" content=\"Vuokraus - TSC\" \/>\n<meta property=\"og:description\" content=\"TSC Studiota voivat vuokrata tanssiryhm\u00e4t, koreografit, freelancerit ja muut alan toimijat.\" \/>\n<meta property=\"og:url\" content=\"https:\/\/terosaarinen.com\/fi\/tsc-studio\/vuokraus\/\" \/>\n<meta property=\"og:site_name\" content=\"TSC\" \/>\n<meta property=\"article:publisher\" content=\"https:\/\/www.facebook.com\/terosaarinencompany\" \/>\n<meta property=\"article:modified_time\" content=\"2026-02-05T08:15:28+00:00\" \/>\n<meta property=\"og:image\" content=\"https:\/\/terosaarinen.com\/wp-content\/uploads\/2025\/05\/tsc-wnew.png\" \/>\n\t<meta property=\"og:image:width\" content=\"1465\" \/>\n\t<meta property=\"og:image:height\" content=\"824\" \/>\n\t<meta property=\"og:image:type\" content=\"image\/png\" \/>\n<meta name=\"twitter:card\" content=\"summary_large_image\" \/>\n<meta name=\"twitter:label1\" content=\"Arvioitu lukuaika\" \/>\n\t<meta name=\"twitter:data1\" content=\"1 minuutti\" \/>\n<script type=\"application\/ld+json\" class=\"yoast-schema-graph\">{\"@context\":\"https:\/\/schema.org\",\"@graph\":[{\"@type\":\"WebPage\",\"@id\":\"https:\/\/terosaarinen.com\/fi\/tsc-studio\/vuokraus\/\",\"url\":\"https:\/\/terosaarinen.com\/fi\/tsc-studio\/vuokraus\/\",\"name\":\"Vuokraus - TSC\",\"isPartOf\":{\"@id\":\"https:\/\/terosaarinen.com\/fi\/#website\"},\"datePublished\":\"2025-03-06T08:50:17+00:00\",\"dateModified\":\"2026-02-05T08:15:28+00:00\",\"description\":\"TSC Studiota voivat vuokrata tanssiryhm\u00e4t, koreografit, freelancerit ja muut alan toimijat.\",\"breadcrumb\":{\"@id\":\"https:\/\/terosaarinen.com\/fi\/tsc-studio\/vuokraus\/#breadcrumb\"},\"inLanguage\":\"fi\",\"potentialAction\":[{\"@type\":\"ReadAction\",\"target\":[\"https:\/\/terosaarinen.com\/fi\/tsc-studio\/vuokraus\/\"]}]},{\"@type\":\"BreadcrumbList\",\"@id\":\"https:\/\/terosaarinen.com\/fi\/tsc-studio\/vuokraus\/#breadcrumb\",\"itemListElement\":[{\"@type\":\"ListItem\",\"position\":1,\"name\":\"Home\",\"item\":\"https:\/\/terosaarinen.com\/fi\/\"},{\"@type\":\"ListItem\",\"position\":2,\"name\":\"Vuokraus\"}]},{\"@type\":\"WebSite\",\"@id\":\"https:\/\/terosaarinen.com\/fi\/#website\",\"url\":\"https:\/\/terosaarinen.com\/fi\/\",\"name\":\"Tero Saarinen Company\",\"description\":\"\",\"publisher\":{\"@id\":\"https:\/\/terosaarinen.com\/fi\/#organization\"},\"potentialAction\":[{\"@type\":\"SearchAction\",\"target\":{\"@type\":\"EntryPoint\",\"urlTemplate\":\"https:\/\/terosaarinen.com\/fi\/?s={search_term_string}\"},\"query-input\":{\"@type\":\"PropertyValueSpecification\",\"valueRequired\":true,\"valueName\":\"search_term_string\"}}],\"inLanguage\":\"fi\"},{\"@type\":\"Organization\",\"@id\":\"https:\/\/terosaarinen.com\/fi\/#organization\",\"name\":\"Tero Saarinen Company\",\"url\":\"https:\/\/terosaarinen.com\/fi\/\",\"logo\":{\"@type\":\"ImageObject\",\"inLanguage\":\"fi\",\"@id\":\"https:\/\/terosaarinen.com\/fi\/#\/schema\/logo\/image\/\",\"url\":\"https:\/\/terosaarinen.com\/wp-content\/uploads\/2025\/05\/tsc-wnew.png\",\"contentUrl\":\"https:\/\/terosaarinen.com\/wp-content\/uploads\/2025\/05\/tsc-wnew.png\",\"width\":1465,\"height\":824,\"caption\":\"Tero Saarinen Company\"},\"image\":{\"@id\":\"https:\/\/terosaarinen.com\/fi\/#\/schema\/logo\/image\/\"},\"sameAs\":[\"https:\/\/www.facebook.com\/terosaarinencompany\",\"https:\/\/www.instagram.com\/terosaarinenco\/\"]}]}<\/script>\n<!-- \/ Yoast SEO plugin. -->","yoast_head_json":{"title":"Vuokraus - TSC","description":"TSC Studiota voivat vuokrata tanssiryhm\u00e4t, koreografit, freelancerit ja muut alan toimijat.","robots":{"index":"index","follow":"follow","max-snippet":"max-snippet:-1","max-image-preview":"max-image-preview:large","max-video-preview":"max-video-preview:-1"},"canonical":"https:\/\/terosaarinen.com\/fi\/tsc-studio\/vuokraus\/","og_locale":"fi_FI","og_type":"article","og_title":"Vuokraus - TSC","og_description":"TSC Studiota voivat vuokrata tanssiryhm\u00e4t, koreografit, freelancerit ja muut alan toimijat.","og_url":"https:\/\/terosaarinen.com\/fi\/tsc-studio\/vuokraus\/","og_site_name":"TSC","article_publisher":"https:\/\/www.facebook.com\/terosaarinencompany","article_modified_time":"2026-02-05T08:15:28+00:00","og_image":[{"width":1465,"height":824,"url":"https:\/\/terosaarinen.com\/wp-content\/uploads\/2025\/05\/tsc-wnew.png","type":"image\/png"}],"twitter_card":"summary_large_image","twitter_misc":{"Arvioitu lukuaika":"1 minuutti"},"schema":{"@context":"https:\/\/schema.org","@graph":[{"@type":"WebPage","@id":"https:\/\/terosaarinen.com\/fi\/tsc-studio\/vuokraus\/","url":"https:\/\/terosaarinen.com\/fi\/tsc-studio\/vuokraus\/","name":"Vuokraus - TSC","isPartOf":{"@id":"https:\/\/terosaarinen.com\/fi\/#website"},"datePublished":"2025-03-06T08:50:17+00:00","dateModified":"2026-02-05T08:15:28+00:00","description":"TSC Studiota voivat vuokrata tanssiryhm\u00e4t, koreografit, freelancerit ja muut alan toimijat.","breadcrumb":{"@id":"https:\/\/terosaarinen.com\/fi\/tsc-studio\/vuokraus\/#breadcrumb"},"inLanguage":"fi","potentialAction":[{"@type":"ReadAction","target":["https:\/\/terosaarinen.com\/fi\/tsc-studio\/vuokraus\/"]}]},{"@type":"BreadcrumbList","@id":"https:\/\/terosaarinen.com\/fi\/tsc-studio\/vuokraus\/#breadcrumb","itemListElement":[{"@type":"ListItem","position":1,"name":"Home","item":"https:\/\/terosaarinen.com\/fi\/"},{"@type":"ListItem","position":2,"name":"Vuokraus"}]},{"@type":"WebSite","@id":"https:\/\/terosaarinen.com\/fi\/#website","url":"https:\/\/terosaarinen.com\/fi\/","name":"Tero Saarinen Company","description":"","publisher":{"@id":"https:\/\/terosaarinen.com\/fi\/#organization"},"potentialAction":[{"@type":"SearchAction","target":{"@type":"EntryPoint","urlTemplate":"https:\/\/terosaarinen.com\/fi\/?s={search_term_string}"},"query-input":{"@type":"PropertyValueSpecification","valueRequired":true,"valueName":"search_term_string"}}],"inLanguage":"fi"},{"@type":"Organization","@id":"https:\/\/terosaarinen.com\/fi\/#organization","name":"Tero Saarinen Company","url":"https:\/\/terosaarinen.com\/fi\/","logo":{"@type":"ImageObject","inLanguage":"fi","@id":"https:\/\/terosaarinen.com\/fi\/#\/schema\/logo\/image\/","url":"https:\/\/terosaarinen.com\/wp-content\/uploads\/2025\/05\/tsc-wnew.png","contentUrl":"https:\/\/terosaarinen.com\/wp-content\/uploads\/2025\/05\/tsc-wnew.png","width":1465,"height":824,"caption":"Tero Saarinen Company"},"image":{"@id":"https:\/\/terosaarinen.com\/fi\/#\/schema\/logo\/image\/"},"sameAs":["https:\/\/www.facebook.com\/terosaarinencompany","https:\/\/www.instagram.com\/terosaarinenco\/"]}]}},"_links":{"self":[{"href":"https:\/\/terosaarinen.com\/fi\/wp-json\/wp\/v2\/pages\/2489","targetHints":{"allow":["GET"]}}],"collection":[{"href":"https:\/\/terosaarinen.com\/fi\/wp-json\/wp\/v2\/pages"}],"about":[{"href":"https:\/\/terosaarinen.com\/fi\/wp-json\/wp\/v2\/types\/page"}],"author":[{"embeddable":true,"href":"https:\/\/terosaarinen.com\/fi\/wp-json\/wp\/v2\/users\/6"}],"replies":[{"embeddable":true,"href":"https:\/\/terosaarinen.com\/fi\/wp-json\/wp\/v2\/comments?post=2489"}],"version-history":[{"count":21,"href":"https:\/\/terosaarinen.com\/fi\/wp-json\/wp\/v2\/pages\/2489\/revisions"}],"predecessor-version":[{"id":5699,"href":"https:\/\/terosaarinen.com\/fi\/wp-json\/wp\/v2\/pages\/2489\/revisions\/5699"}],"up":[{"embeddable":true,"href":"https:\/\/terosaarinen.com\/fi\/wp-json\/wp\/v2\/pages\/2443"}],"wp:attachment":[{"href":"https:\/\/terosaarinen.com\/fi\/wp-json\/wp\/v2\/media?parent=2489"}],"curies":[{"name":"wp","href":"https:\/\/api.w.org\/{rel}","templated":true}]}}