{"id":2990,"date":"2025-03-06T10:52:43","date_gmt":"2025-03-06T08:52:43","guid":{"rendered":"https:\/\/terosaarinen.com\/contact\/"},"modified":"2026-03-16T11:27:40","modified_gmt":"2026-03-16T09:27:40","slug":"yhteystiedot","status":"publish","type":"page","link":"https:\/\/terosaarinen.com\/fi\/ryhma\/yhteystiedot\/","title":{"rendered":"Yhteystiedot"},"content":{"rendered":"<div class=\"tsc-basichero\">\n  <h1>Yhteystiedot<\/h1>\n  <\/div>\n\n<div class=\"tsc-accordion\">\n  <div class=\"inner\">\n    <div class=\"heading\">\n      Yhteystiedot\n    <\/div>\n    <div class=\"content\">\n      <div class=\"acf-innerblocks-container\">\n<div class=\"tsc-accordionitem\">\n  <div class=\"content\">\n    <button class=\"toggle\">\n      <h2>Hallinto<\/h2>\n      <span class=\"button\">\n        <span class=\"closed\">Lis\u00e4tiedot<\/span>\n        <span class=\"open\">Sulje<\/span>\n      <\/span>\n    <\/button>\n    <div class=\"expander\">\n      <div class=\"acf-innerblocks-container\">\n\n<p><a href=\"https:\/\/terosaarinen.com\/fi\/ryhma\/ihmiset\/#hallinto\">L\u00f6yd\u00e4t hallinnon yhteystiedot t\u00e4\u00e4lt\u00e4.<\/a><\/p>\n\n<\/div>\n    <\/div>\n  <\/div>\n<\/div>\n\n<div class=\"tsc-accordionitem\">\n  <div class=\"content\">\n    <button class=\"toggle\">\n      <h2>Kiertue- ja esitystiedustelut<\/h2>\n      <span class=\"button\">\n        <span class=\"closed\">Lis\u00e4tiedot<\/span>\n        <span class=\"open\">Sulje<\/span>\n      <\/span>\n    <\/button>\n    <div class=\"expander\">\n      <div class=\"acf-innerblocks-container\">\n\n<p>Toiminnanjohtaja Iiris Autio: iiris.autio@terosaarinen.com<\/p>\n\n<\/div>\n    <\/div>\n  <\/div>\n<\/div>\n\n<div class=\"tsc-accordionitem\">\n  <div class=\"content\">\n    <button class=\"toggle\">\n      <h2>Media<\/h2>\n      <span class=\"button\">\n        <span class=\"closed\">Lis\u00e4tiedot<\/span>\n        <span class=\"open\">Sulje<\/span>\n      <\/span>\n    <\/button>\n    <div class=\"expander\">\n      <div class=\"acf-innerblocks-container\">\n\n<p>Viestint\u00e4- ja sidosryhm\u00e4p\u00e4\u00e4llikk\u00f6 Paula Rahtu: paula.rahtu@terosaarinen.com<\/p>\n\n\n\n<p><a href=\"https:\/\/terosaarinen.com\/fi\/media\/\">Kuvapankkimme l\u00f6yd\u00e4t t\u00e4\u00e4lt\u00e4.<\/a><\/p>\n\n<\/div>\n    <\/div>\n  <\/div>\n<\/div>\n\n<div class=\"tsc-accordionitem\">\n  <div class=\"content\">\n    <button class=\"toggle\">\n      <h2>Opetustoiminta<\/h2>\n      <span class=\"button\">\n        <span class=\"closed\">Lis\u00e4tiedot<\/span>\n        <span class=\"open\">Sulje<\/span>\n      <\/span>\n    <\/button>\n    <div class=\"expander\">\n      <div class=\"acf-innerblocks-container\">\n\n<p>Opetus- ja kurssitoiminnasta vastaavan tiimimme tavoitat s\u00e4hk\u00f6postista training@terosaarinen.com.<\/p>\n\n<\/div>\n    <\/div>\n  <\/div>\n<\/div>\n\n<div class=\"tsc-accordionitem\">\n  <div class=\"content\">\n    <button class=\"toggle\">\n      <h2>Toimisto <\/h2>\n      <span class=\"button\">\n        <span class=\"closed\">Lis\u00e4tiedot<\/span>\n        <span class=\"open\">Sulje<\/span>\n      <\/span>\n    <\/button>\n    <div class=\"expander\">\n      <div class=\"acf-innerblocks-container\">\n\n<p>Tavoitat toimistomme s\u00e4hk\u00f6postitse osoitteesta\u00a0info@terosaarinen.com tai puhelimitse numerosta +358(0)9 681 31 881.<\/p>\n\n<\/div>\n    <\/div>\n  <\/div>\n<\/div>\n<\/div>\n    <\/div>\n  <\/div>\n<\/div>\n\n<div class=\"tsc-text onecol\">\n  <div class=\"inner\">\n    <div class=\"heading\">\n      Sijainti\n    <\/div>\n    <div class=\"content\">\n      <div class=\"acf-innerblocks-container\">\n\n<p>TSC:n toimitilat sijaitsevat Kaapelitehtaalla Helsingiss\u00e4 (Kaapeliaukio 3, Porras E, 3. kerros).<br>Sis\u00e4\u00e4nk\u00e4ynti Tanssin talon uudesta p\u00e4\u00e4sis\u00e4\u00e4nk\u00e4ynnist\u00e4, Lasipihalta.<br>Esteet\u00f6n sis\u00e4\u00e4nk\u00e4ynti tapahtuu Lasipihalla sijaitsevan tavarahissin kautta.<br>Otathan meihin yhteytt\u00e4 etuk\u00e4teen, mik\u00e4li tarvitset p\u00e4\u00e4syn tiloihin tavarahissin kautta.<br>Huomioithan, ett\u00e4 TSC Studiolla ei ole esteett\u00f6mi\u00e4 wc-tiloja.<\/p>\n\n\n\n<p><strong>TSC Studio<\/strong><br>Kaapelitehdas<br>Tallberginkatu 1E, 3. kerros<br>00180 Helsinki<\/p>\n\n\n\n<p><strong>Postiosoite<\/strong><br>Tallberginkatu 1 \/ 74<br>FI-00180 Helsinki, Suomi<\/p>\n\n<\/div>\n    <\/div>\n  <\/div>\n<\/div>\n\n<div class=\"tsc-media single\">\n  <div class=\"slider\">\n                  <div class=\"image\">\n                  <img decoding=\"async\" src=\"https&#x3A;&#x2F;&#x2F;terosaarinen.com&#x2F;wp-content&#x2F;uploads&#x2F;2025&#x2F;04&#x2F;52378698905_4b3c7a61a0_o.jpg\" alt=\"\" \/>\n                <\/div>\n            <\/div>\n<\/div>\n\n\n<div class=\"tsc-liftlinklist\">\n  <div class=\"inner\">\n    <div class=\"links\">\n              <a class=\"hoverplay\" href=\"https&#x3A;&#x2F;&#x2F;terosaarinen.com&#x2F;fi&#x2F;team&#x2F;\" rel=\"noreferrer noopener\">\n                      <div class=\"media\">\n              <div class=\"revealo\">\n                                                            <img decoding=\"async\" src=\"https&#x3A;&#x2F;&#x2F;terosaarinen.com&#x2F;wp-content&#x2F;uploads&#x2F;2025&#x2F;05&#x2F;GroupTSC2025&#x00A9;hennihyvarinen-2E1A0110-300x200.jpg)\" alt=\"\" \/>\n                            <\/div>\n            <\/div>\n            <span class=\"t1\">Ihmiset <\/span>\n                  <\/a>\n              <a class=\"hoverplay\" href=\"https&#x3A;&#x2F;&#x2F;terosaarinen.com&#x2F;fi&#x2F;tsc-studio&#x2F;\" rel=\"noreferrer noopener\">\n                      <div class=\"media\">\n              <div class=\"revealo\">\n                                                            <img decoding=\"async\" src=\"https&#x3A;&#x2F;&#x2F;terosaarinen.com&#x2F;wp-content&#x2F;uploads&#x2F;2025&#x2F;04&#x2F;DSF8809-3-300x225.jpg)\" alt=\"\" \/>\n                            <\/div>\n            <\/div>\n            <span class=\"t1\">TSC Studio <\/span>\n                  <\/a>\n          <\/div>\n  <\/div>\n<\/div>\n\n\n\n<p><\/p>\n","protected":false},"excerpt":{"rendered":"","protected":false},"author":6,"featured_media":0,"parent":3454,"menu_order":0,"comment_status":"closed","ping_status":"closed","template":"","meta":{"_acf_changed":false,"footnotes":""},"class_list":["post-2990","page","type-page","status-publish","hentry"],"acf":[],"yoast_head":"<!-- This site is optimized with the Yoast SEO plugin v27.2 - https:\/\/yoast.com\/product\/yoast-seo-wordpress\/ -->\n<title>Yhteystiedot - TSC<\/title>\n<meta name=\"description\" content=\"L\u00f6yd\u00e4 Tero Saarinen Companyn yhteystiedot: toimisto, kiertuetiedustelut, opetustoiminta ja mediatiedustelut.\" \/>\n<meta name=\"robots\" content=\"index, follow, max-snippet:-1, max-image-preview:large, max-video-preview:-1\" \/>\n<link rel=\"canonical\" href=\"https:\/\/terosaarinen.com\/fi\/ryhma\/yhteystiedot\/\" \/>\n<meta property=\"og:locale\" content=\"fi_FI\" \/>\n<meta property=\"og:type\" content=\"article\" \/>\n<meta property=\"og:title\" content=\"Yhteystiedot - TSC\" \/>\n<meta property=\"og:description\" content=\"L\u00f6yd\u00e4 Tero Saarinen Companyn yhteystiedot: toimisto, kiertuetiedustelut, opetustoiminta ja mediatiedustelut.\" \/>\n<meta property=\"og:url\" content=\"https:\/\/terosaarinen.com\/fi\/ryhma\/yhteystiedot\/\" \/>\n<meta property=\"og:site_name\" content=\"TSC\" \/>\n<meta property=\"article:publisher\" content=\"https:\/\/www.facebook.com\/terosaarinencompany\" \/>\n<meta property=\"article:modified_time\" content=\"2026-03-16T09:27:40+00:00\" \/>\n<meta property=\"og:image\" content=\"https:\/\/terosaarinen.com\/wp-content\/uploads\/2025\/05\/tsc-wnew.png\" \/>\n\t<meta property=\"og:image:width\" content=\"1465\" \/>\n\t<meta property=\"og:image:height\" content=\"824\" \/>\n\t<meta property=\"og:image:type\" content=\"image\/png\" \/>\n<meta name=\"twitter:card\" content=\"summary_large_image\" \/>\n<meta name=\"twitter:label1\" content=\"Arvioitu lukuaika\" \/>\n\t<meta name=\"twitter:data1\" content=\"1 minuutti\" \/>\n<script type=\"application\/ld+json\" class=\"yoast-schema-graph\">{\"@context\":\"https:\/\/schema.org\",\"@graph\":[{\"@type\":\"WebPage\",\"@id\":\"https:\/\/terosaarinen.com\/fi\/ryhma\/yhteystiedot\/\",\"url\":\"https:\/\/terosaarinen.com\/fi\/ryhma\/yhteystiedot\/\",\"name\":\"Yhteystiedot - TSC\",\"isPartOf\":{\"@id\":\"https:\/\/terosaarinen.com\/fi\/#website\"},\"datePublished\":\"2025-03-06T08:52:43+00:00\",\"dateModified\":\"2026-03-16T09:27:40+00:00\",\"description\":\"L\u00f6yd\u00e4 Tero Saarinen Companyn yhteystiedot: toimisto, kiertuetiedustelut, opetustoiminta ja mediatiedustelut.\",\"breadcrumb\":{\"@id\":\"https:\/\/terosaarinen.com\/fi\/ryhma\/yhteystiedot\/#breadcrumb\"},\"inLanguage\":\"fi\",\"potentialAction\":[{\"@type\":\"ReadAction\",\"target\":[\"https:\/\/terosaarinen.com\/fi\/ryhma\/yhteystiedot\/\"]}]},{\"@type\":\"BreadcrumbList\",\"@id\":\"https:\/\/terosaarinen.com\/fi\/ryhma\/yhteystiedot\/#breadcrumb\",\"itemListElement\":[{\"@type\":\"ListItem\",\"position\":1,\"name\":\"Home\",\"item\":\"https:\/\/terosaarinen.com\/fi\/\"},{\"@type\":\"ListItem\",\"position\":2,\"name\":\"Yhteystiedot\"}]},{\"@type\":\"WebSite\",\"@id\":\"https:\/\/terosaarinen.com\/fi\/#website\",\"url\":\"https:\/\/terosaarinen.com\/fi\/\",\"name\":\"Tero Saarinen Company\",\"description\":\"\",\"publisher\":{\"@id\":\"https:\/\/terosaarinen.com\/fi\/#organization\"},\"potentialAction\":[{\"@type\":\"SearchAction\",\"target\":{\"@type\":\"EntryPoint\",\"urlTemplate\":\"https:\/\/terosaarinen.com\/fi\/?s={search_term_string}\"},\"query-input\":{\"@type\":\"PropertyValueSpecification\",\"valueRequired\":true,\"valueName\":\"search_term_string\"}}],\"inLanguage\":\"fi\"},{\"@type\":\"Organization\",\"@id\":\"https:\/\/terosaarinen.com\/fi\/#organization\",\"name\":\"Tero Saarinen Company\",\"url\":\"https:\/\/terosaarinen.com\/fi\/\",\"logo\":{\"@type\":\"ImageObject\",\"inLanguage\":\"fi\",\"@id\":\"https:\/\/terosaarinen.com\/fi\/#\/schema\/logo\/image\/\",\"url\":\"https:\/\/terosaarinen.com\/wp-content\/uploads\/2025\/05\/tsc-wnew.png\",\"contentUrl\":\"https:\/\/terosaarinen.com\/wp-content\/uploads\/2025\/05\/tsc-wnew.png\",\"width\":1465,\"height\":824,\"caption\":\"Tero Saarinen Company\"},\"image\":{\"@id\":\"https:\/\/terosaarinen.com\/fi\/#\/schema\/logo\/image\/\"},\"sameAs\":[\"https:\/\/www.facebook.com\/terosaarinencompany\",\"https:\/\/www.instagram.com\/terosaarinenco\/\"]}]}<\/script>\n<!-- \/ Yoast SEO plugin. -->","yoast_head_json":{"title":"Yhteystiedot - TSC","description":"L\u00f6yd\u00e4 Tero Saarinen Companyn yhteystiedot: toimisto, kiertuetiedustelut, opetustoiminta ja mediatiedustelut.","robots":{"index":"index","follow":"follow","max-snippet":"max-snippet:-1","max-image-preview":"max-image-preview:large","max-video-preview":"max-video-preview:-1"},"canonical":"https:\/\/terosaarinen.com\/fi\/ryhma\/yhteystiedot\/","og_locale":"fi_FI","og_type":"article","og_title":"Yhteystiedot - TSC","og_description":"L\u00f6yd\u00e4 Tero Saarinen Companyn yhteystiedot: toimisto, kiertuetiedustelut, opetustoiminta ja mediatiedustelut.","og_url":"https:\/\/terosaarinen.com\/fi\/ryhma\/yhteystiedot\/","og_site_name":"TSC","article_publisher":"https:\/\/www.facebook.com\/terosaarinencompany","article_modified_time":"2026-03-16T09:27:40+00:00","og_image":[{"width":1465,"height":824,"url":"https:\/\/terosaarinen.com\/wp-content\/uploads\/2025\/05\/tsc-wnew.png","type":"image\/png"}],"twitter_card":"summary_large_image","twitter_misc":{"Arvioitu lukuaika":"1 minuutti"},"schema":{"@context":"https:\/\/schema.org","@graph":[{"@type":"WebPage","@id":"https:\/\/terosaarinen.com\/fi\/ryhma\/yhteystiedot\/","url":"https:\/\/terosaarinen.com\/fi\/ryhma\/yhteystiedot\/","name":"Yhteystiedot - TSC","isPartOf":{"@id":"https:\/\/terosaarinen.com\/fi\/#website"},"datePublished":"2025-03-06T08:52:43+00:00","dateModified":"2026-03-16T09:27:40+00:00","description":"L\u00f6yd\u00e4 Tero Saarinen Companyn yhteystiedot: toimisto, kiertuetiedustelut, opetustoiminta ja mediatiedustelut.","breadcrumb":{"@id":"https:\/\/terosaarinen.com\/fi\/ryhma\/yhteystiedot\/#breadcrumb"},"inLanguage":"fi","potentialAction":[{"@type":"ReadAction","target":["https:\/\/terosaarinen.com\/fi\/ryhma\/yhteystiedot\/"]}]},{"@type":"BreadcrumbList","@id":"https:\/\/terosaarinen.com\/fi\/ryhma\/yhteystiedot\/#breadcrumb","itemListElement":[{"@type":"ListItem","position":1,"name":"Home","item":"https:\/\/terosaarinen.com\/fi\/"},{"@type":"ListItem","position":2,"name":"Yhteystiedot"}]},{"@type":"WebSite","@id":"https:\/\/terosaarinen.com\/fi\/#website","url":"https:\/\/terosaarinen.com\/fi\/","name":"Tero Saarinen Company","description":"","publisher":{"@id":"https:\/\/terosaarinen.com\/fi\/#organization"},"potentialAction":[{"@type":"SearchAction","target":{"@type":"EntryPoint","urlTemplate":"https:\/\/terosaarinen.com\/fi\/?s={search_term_string}"},"query-input":{"@type":"PropertyValueSpecification","valueRequired":true,"valueName":"search_term_string"}}],"inLanguage":"fi"},{"@type":"Organization","@id":"https:\/\/terosaarinen.com\/fi\/#organization","name":"Tero Saarinen Company","url":"https:\/\/terosaarinen.com\/fi\/","logo":{"@type":"ImageObject","inLanguage":"fi","@id":"https:\/\/terosaarinen.com\/fi\/#\/schema\/logo\/image\/","url":"https:\/\/terosaarinen.com\/wp-content\/uploads\/2025\/05\/tsc-wnew.png","contentUrl":"https:\/\/terosaarinen.com\/wp-content\/uploads\/2025\/05\/tsc-wnew.png","width":1465,"height":824,"caption":"Tero Saarinen Company"},"image":{"@id":"https:\/\/terosaarinen.com\/fi\/#\/schema\/logo\/image\/"},"sameAs":["https:\/\/www.facebook.com\/terosaarinencompany","https:\/\/www.instagram.com\/terosaarinenco\/"]}]}},"_links":{"self":[{"href":"https:\/\/terosaarinen.com\/fi\/wp-json\/wp\/v2\/pages\/2990","targetHints":{"allow":["GET"]}}],"collection":[{"href":"https:\/\/terosaarinen.com\/fi\/wp-json\/wp\/v2\/pages"}],"about":[{"href":"https:\/\/terosaarinen.com\/fi\/wp-json\/wp\/v2\/types\/page"}],"author":[{"embeddable":true,"href":"https:\/\/terosaarinen.com\/fi\/wp-json\/wp\/v2\/users\/6"}],"replies":[{"embeddable":true,"href":"https:\/\/terosaarinen.com\/fi\/wp-json\/wp\/v2\/comments?post=2990"}],"version-history":[{"count":16,"href":"https:\/\/terosaarinen.com\/fi\/wp-json\/wp\/v2\/pages\/2990\/revisions"}],"predecessor-version":[{"id":6120,"href":"https:\/\/terosaarinen.com\/fi\/wp-json\/wp\/v2\/pages\/2990\/revisions\/6120"}],"up":[{"embeddable":true,"href":"https:\/\/terosaarinen.com\/fi\/wp-json\/wp\/v2\/pages\/3454"}],"wp:attachment":[{"href":"https:\/\/terosaarinen.com\/fi\/wp-json\/wp\/v2\/media?parent=2990"}],"curies":[{"name":"wp","href":"https:\/\/api.w.org\/{rel}","templated":true}]}}