{"id":3045,"date":"2025-03-06T10:48:58","date_gmt":"2025-03-06T08:48:58","guid":{"rendered":"https:\/\/terosaarinen.com\/tero-technique\/"},"modified":"2025-06-30T08:07:23","modified_gmt":"2025-06-30T06:07:23","slug":"tero-tekniikka","status":"publish","type":"page","link":"https:\/\/terosaarinen.com\/fi\/tero-tekniikka\/","title":{"rendered":"Tero-tekniikka"},"content":{"rendered":"<div class=\"tsc-hero-visuals image\">\n      <div class=\"bg\">\n              <img decoding=\"async\" src=\"https:\/\/terosaarinen.com\/wp-content\/uploads\/2025\/04\/TeroSaarinen15_djbbvideo-by-heidistrengell_hi-res-2048x1365.jpg\" alt=\"\" \/>\n          <\/div>\n        <div class=\"heading\">\n                        <h1>Tero-tekniikka<\/h1>\n    <\/div>\n  <\/div>\n\n<div class=\"tsc-ingress\">\n  <div class=\"inner\">\n    <h2>Tero Saarinen Companyn teokset tunnistetaan omaleimaisesta ja rujon vangitsevasta liikkeest\u00e4, joka pohjaa Tero-tekniikkaan. Tero Saarisen kehitt\u00e4m\u00e4 liiketekniikka sulattaa yhteen elementtej\u00e4 baletista, nykytanssista ja aasialaisista perinteist\u00e4, kuten butosta. Kehon kokonaisvaltaisesti her\u00e4tt\u00e4v\u00e4\u00e4 ja aktivoivaa liikeilmaisua on kuvailtu orgaaniseksi ja kekseli\u00e4\u00e4ksi sekoitukseksi groteskiutta ja kauneutta sek\u00e4 butoksi siivill\u00e4.<\/h2>\n  <\/div>\n<\/div>\n\n<div class=\"tsc-text onecol\">\n  <div class=\"inner\">\n    <div class=\"heading\">\n      Tero-tekniikasta\n    <\/div>\n    <div class=\"content\">\n      <div class=\"acf-innerblocks-container\">\n\n<p>Tero-tekniikan l\u00e4ht\u00f6pisteen\u00e4 on kokonaiskehollisen tietoisuuden ja l\u00e4sn\u00e4olon luominen, joka avartaa yhteytt\u00e4 sek\u00e4 omaan kehoon ett\u00e4 ymp\u00e4r\u00f6iv\u00e4\u00e4n tilaan \u2013 ja kumuloituu vivahteikkaaksi, resonoivaksi liikkeeksi. Juurruttava tekniikka pohjaa aistien ja hermop\u00e4\u00e4tteiden her\u00e4tt\u00e4miseen, aina jalkapohjista sormenp\u00e4ihin, ja oman kehon painon tunnistamiseen. Tekniikka tunnustelee tanssijan tasapainon \u00e4\u00e4riviivoja ja pyrkii maksimoimaan tanssijan kyvyn toimia sen rajamailla. Luomalla utelias yhteys ymp\u00e4r\u00f6iv\u00e4\u00e4n tilaan ja her\u00e4ttelem\u00e4ll\u00e4 alitajunnan liikett\u00e4, syntyy tanssia, jossa muoto on reaktiivinen ja jatkuvassa muutoksessa. Kuten flora ja fauna.&nbsp;<\/p>\n\n\n\n<p>Yhdenmukaisen muodon sijasta Tero-tekniikka etsii v\u00e4yli\u00e4 kunkin yksil\u00f6n omaleimaisuudelle ja kukkivuudelle puhjeta esiin. Tekniikan tavoitteena on, ett\u00e4 tanssija voi ammentaa omasta liiketyylist\u00e4\u00e4n, historiastaan ja teknisest\u00e4 osaamisestaan \u2013 ja n\u00e4in l\u00f6yt\u00e4\u00e4 uusia ulottuvuuksia itsest\u00e4\u00e4n. Liikefilosofia valmistaa tanssijaa kehoyst\u00e4v\u00e4llisesti rohkeaan riskinottoon ja syv\u00e4lliseen, luovuutta ruokkivaan l\u00e4sn\u00e4oloon. Sek\u00e4 tekniikkatunneilla ett\u00e4 TSC:n teosten luomisprosessissa esiintyjien yksil\u00f6llisyyden alleviivaaminen mahdollistaa, ett\u00e4 kukin voi k\u00e4sitell\u00e4 annettua teht\u00e4v\u00e4\u00e4 omalla tavallaan ja aurata uusia suuntia koko luovalle prosessille.<\/p>\n\n\n\n<p><\/p>\n\n<\/div>\n    <\/div>\n  <\/div>\n<\/div>\n\n<div class=\"tsc-text large\">\n  <div class=\"inner\">\n    <div class=\"heading\">\n      \n    <\/div>\n    <div class=\"content\">\n      <div class=\"acf-innerblocks-container\">\n\n<p>&#8221;Olen ikuisen kiinnostunut l\u00f6yt\u00e4m\u00e4\u00e4n uusia v\u00e4yli\u00e4 keholliselle ilmaisuvoimallemme. Tekniikan ytimess\u00e4 on hermop\u00e4\u00e4tteiden her\u00e4tt\u00e4minen, ihon uteliaisuuden her\u00e4tt\u00e4minen ja katseen voiman hy\u00f6dynt\u00e4minen. Puhun paljon juurtumisesta, maadoittumisesta ja maan tuntemisesta. Siit\u00e4, miten syv\u00e4sti voi asettua tilaan juurtumisen, kasvamisen ja puhkeamisen kautta. On innostavaa kohdata tanssijoita erilaisista taustoista, perinteist\u00e4 ja ik\u00e4ryhmist\u00e4 ja jatkaa oppimista heid\u00e4n kanssaan.&#8221; \u2013 Tero Saarinen<br><\/p>\n\n<\/div>\n    <\/div>\n  <\/div>\n<\/div>\n\n<div class=\"tsc-media single\">\n  <div class=\"slider\">\n                  <div class=\"image\">\n                  <img decoding=\"async\" src=\"https&#x3A;&#x2F;&#x2F;terosaarinen.com&#x2F;wp-content&#x2F;uploads&#x2F;2025&#x2F;05&#x2F;hunt16_hi-res-2048x1536.jpg\" alt=\"\" \/>\n                <\/div>\n            <\/div>\n<\/div>\n\n\n<div class=\"tsc-text onecol\">\n  <div class=\"inner\">\n    <div class=\"heading\">\n      Opetustoiminta\n    <\/div>\n    <div class=\"content\">\n      <div class=\"acf-innerblocks-container\">\n\n<p>Opetamme Tero-tekniikkaa viikoittain aamutunneillamme TSC Studiossa sek\u00e4 ty\u00f6pajoissa Suomessa ja ulkomailla. J\u00e4rjest\u00e4mme harvoin koe-esiintymisi\u00e4 tanssijoille, joten osallistuminen tunneille on paras tapa tutustua meihin sek\u00e4 Saarisen liiketekniikkaan ja koreografiseen tyyliin.<\/p>\n\n\n\n<p>Tero-tekniikan harjoitustunnit mahdollistavat liiketyylin omaksumisen ja tutumisen sen periaatteisiin ja l\u00e4ht\u00f6kohtiin. Tekniikan opetuksen kautta osallistujat voivat tutkia omaa liikett\u00e4\u00e4n ja kehitt\u00e4\u00e4 teknist\u00e4 osaamistaan.<\/p>\n\n\n\n<p>Humaanius ja toisen kunnioittaminen ovat sek\u00e4 tekniikan ett\u00e4 opetustoimintamme keskeisi\u00e4 arvoja. Aito kiinnostuksemme ihmisi\u00e4 sek\u00e4 yksil\u00f6n henkil\u00f6kohtaista kasvua kohtaan, yhdess\u00e4 tekeminen ja ilo ovat kohtaamisten ytimess\u00e4 ty\u00f6skennelless\u00e4mme erilaisten yksil\u00f6iden ja ryhmien kanssa.<\/p>\n\n\n\n<p><a href=\"https:\/\/terosaarinen.com\/fi\/training\/\" data-type=\"link\" data-id=\"https:\/\/terosaarinen.com\/fi\/training\/\">Lue lis\u00e4\u00e4 opetustoiminnastamme t\u00e4\u00e4ll\u00e4.<\/a><\/p>\n\n<\/div>\n    <\/div>\n  <\/div>\n<\/div>\n\n<div class=\"tsc-text large\">\n  <div class=\"inner\">\n    <div class=\"heading\">\n      \n    <\/div>\n    <div class=\"content\">\n      <div class=\"acf-innerblocks-container\">\n\n<p>Tero-tekniikka on pohjimmiltaan kehollisuuden, mielikuvituksen ja dialogin hy\u00f6dynt\u00e4mist\u00e4 avartaakseen ihmisen k\u00e4sityst\u00e4 siit\u00e4, miten olla yhteydess\u00e4 ymp\u00e4r\u00f6iv\u00e4\u00e4n maailmaan. Tekniikan kautta etsit\u00e4\u00e4n tietoisia, valppaita, tarkkaavaisia ja el\u00e4v\u00e4isi\u00e4 aistimuksia, jotka ovat yhteydess\u00e4 keholliseen vuorovaikutukseen ja kokemukseen. Fyysisen muodon uudelleenkuvittelu avartaa my\u00f6s ymp\u00e4rill\u00e4 olevien mahdollisuuksia. Sanon usein tunneillani: &#8221;Arvosta valintojasi, niin voit arvostaa my\u00f6s ymp\u00e4rill\u00e4si olevien valintoja.&#8221; Juuri t\u00e4st\u00e4 maailman ja sen rajattomien mahdollisuuksien juhlistamisesta olen l\u00f6yt\u00e4nyt keinon luoda tekniikkatunneille vuoropuhelua, joka pohjaa tasa-arvoon.&#8221; \u2013 David Scarantino<\/p>\n\n<\/div>\n    <\/div>\n  <\/div>\n<\/div>\n\n<div class=\"tsc-liftlinklist\">\n  <div class=\"inner\">\n    <div class=\"links\">\n              <a class=\"hoverplay\" href=\"https&#x3A;&#x2F;&#x2F;terosaarinen.com&#x2F;fi&#x2F;tsc-studio&#x2F;opetus&#x2F;\" rel=\"noreferrer noopener\">\n                      <div class=\"media\">\n              <div class=\"revealo\">\n                                                            <img decoding=\"async\" src=\"https&#x3A;&#x2F;&#x2F;terosaarinen.com&#x2F;wp-content&#x2F;uploads&#x2F;2025&#x2F;04&#x2F;DSF9019-300x225.jpg)\" alt=\"\" \/>\n                            <\/div>\n            <\/div>\n            <span class=\"t1\">Opetus<\/span>\n                  <\/a>\n          <\/div>\n  <\/div>\n<\/div>\n","protected":false},"excerpt":{"rendered":"","protected":false},"author":6,"featured_media":0,"parent":0,"menu_order":0,"comment_status":"closed","ping_status":"closed","template":"","meta":{"_acf_changed":false,"footnotes":""},"class_list":["post-3045","page","type-page","status-publish","hentry"],"acf":[],"yoast_head":"<!-- This site is optimized with the Yoast SEO plugin v27.2 - https:\/\/yoast.com\/product\/yoast-seo-wordpress\/ -->\n<title>Tero-tekniikka - TSC<\/title>\n<meta name=\"description\" content=\"Tero Saarisen kehitt\u00e4m\u00e4 liiketekniikka sulattaa yhteen elementtej\u00e4 baletista, nykytanssista ja aasialaisista perinteist\u00e4, kuten butosta.\" \/>\n<meta name=\"robots\" content=\"index, follow, max-snippet:-1, max-image-preview:large, max-video-preview:-1\" \/>\n<link rel=\"canonical\" href=\"https:\/\/terosaarinen.com\/fi\/tero-tekniikka\/\" \/>\n<meta property=\"og:locale\" content=\"fi_FI\" \/>\n<meta property=\"og:type\" content=\"article\" \/>\n<meta property=\"og:title\" content=\"Tero-tekniikka - TSC\" \/>\n<meta property=\"og:description\" content=\"Tero Saarisen kehitt\u00e4m\u00e4 liiketekniikka sulattaa yhteen elementtej\u00e4 baletista, nykytanssista ja aasialaisista perinteist\u00e4, kuten butosta.\" \/>\n<meta property=\"og:url\" content=\"https:\/\/terosaarinen.com\/fi\/tero-tekniikka\/\" \/>\n<meta property=\"og:site_name\" content=\"TSC\" \/>\n<meta property=\"article:publisher\" content=\"https:\/\/www.facebook.com\/terosaarinencompany\" \/>\n<meta property=\"article:modified_time\" content=\"2025-06-30T06:07:23+00:00\" \/>\n<meta property=\"og:image\" content=\"https:\/\/terosaarinen.com\/wp-content\/uploads\/2025\/05\/tsc-wnew.png\" \/>\n\t<meta property=\"og:image:width\" content=\"1465\" \/>\n\t<meta property=\"og:image:height\" content=\"824\" \/>\n\t<meta property=\"og:image:type\" content=\"image\/png\" \/>\n<meta name=\"twitter:card\" content=\"summary_large_image\" \/>\n<meta name=\"twitter:label1\" content=\"Arvioitu lukuaika\" \/>\n\t<meta name=\"twitter:data1\" content=\"2 minuuttia\" \/>\n<script type=\"application\/ld+json\" class=\"yoast-schema-graph\">{\"@context\":\"https:\/\/schema.org\",\"@graph\":[{\"@type\":\"WebPage\",\"@id\":\"https:\/\/terosaarinen.com\/fi\/tero-tekniikka\/\",\"url\":\"https:\/\/terosaarinen.com\/fi\/tero-tekniikka\/\",\"name\":\"Tero-tekniikka - TSC\",\"isPartOf\":{\"@id\":\"https:\/\/terosaarinen.com\/fi\/#website\"},\"datePublished\":\"2025-03-06T08:48:58+00:00\",\"dateModified\":\"2025-06-30T06:07:23+00:00\",\"description\":\"Tero Saarisen kehitt\u00e4m\u00e4 liiketekniikka sulattaa yhteen elementtej\u00e4 baletista, nykytanssista ja aasialaisista perinteist\u00e4, kuten butosta.\",\"breadcrumb\":{\"@id\":\"https:\/\/terosaarinen.com\/fi\/tero-tekniikka\/#breadcrumb\"},\"inLanguage\":\"fi\",\"potentialAction\":[{\"@type\":\"ReadAction\",\"target\":[\"https:\/\/terosaarinen.com\/fi\/tero-tekniikka\/\"]}]},{\"@type\":\"BreadcrumbList\",\"@id\":\"https:\/\/terosaarinen.com\/fi\/tero-tekniikka\/#breadcrumb\",\"itemListElement\":[{\"@type\":\"ListItem\",\"position\":1,\"name\":\"Home\",\"item\":\"https:\/\/terosaarinen.com\/fi\/\"},{\"@type\":\"ListItem\",\"position\":2,\"name\":\"Tero-tekniikka\"}]},{\"@type\":\"WebSite\",\"@id\":\"https:\/\/terosaarinen.com\/fi\/#website\",\"url\":\"https:\/\/terosaarinen.com\/fi\/\",\"name\":\"Tero Saarinen Company\",\"description\":\"\",\"publisher\":{\"@id\":\"https:\/\/terosaarinen.com\/fi\/#organization\"},\"potentialAction\":[{\"@type\":\"SearchAction\",\"target\":{\"@type\":\"EntryPoint\",\"urlTemplate\":\"https:\/\/terosaarinen.com\/fi\/?s={search_term_string}\"},\"query-input\":{\"@type\":\"PropertyValueSpecification\",\"valueRequired\":true,\"valueName\":\"search_term_string\"}}],\"inLanguage\":\"fi\"},{\"@type\":\"Organization\",\"@id\":\"https:\/\/terosaarinen.com\/fi\/#organization\",\"name\":\"Tero Saarinen Company\",\"url\":\"https:\/\/terosaarinen.com\/fi\/\",\"logo\":{\"@type\":\"ImageObject\",\"inLanguage\":\"fi\",\"@id\":\"https:\/\/terosaarinen.com\/fi\/#\/schema\/logo\/image\/\",\"url\":\"https:\/\/terosaarinen.com\/wp-content\/uploads\/2025\/05\/tsc-wnew.png\",\"contentUrl\":\"https:\/\/terosaarinen.com\/wp-content\/uploads\/2025\/05\/tsc-wnew.png\",\"width\":1465,\"height\":824,\"caption\":\"Tero Saarinen Company\"},\"image\":{\"@id\":\"https:\/\/terosaarinen.com\/fi\/#\/schema\/logo\/image\/\"},\"sameAs\":[\"https:\/\/www.facebook.com\/terosaarinencompany\",\"https:\/\/www.instagram.com\/terosaarinenco\/\"]}]}<\/script>\n<!-- \/ Yoast SEO plugin. -->","yoast_head_json":{"title":"Tero-tekniikka - TSC","description":"Tero Saarisen kehitt\u00e4m\u00e4 liiketekniikka sulattaa yhteen elementtej\u00e4 baletista, nykytanssista ja aasialaisista perinteist\u00e4, kuten butosta.","robots":{"index":"index","follow":"follow","max-snippet":"max-snippet:-1","max-image-preview":"max-image-preview:large","max-video-preview":"max-video-preview:-1"},"canonical":"https:\/\/terosaarinen.com\/fi\/tero-tekniikka\/","og_locale":"fi_FI","og_type":"article","og_title":"Tero-tekniikka - TSC","og_description":"Tero Saarisen kehitt\u00e4m\u00e4 liiketekniikka sulattaa yhteen elementtej\u00e4 baletista, nykytanssista ja aasialaisista perinteist\u00e4, kuten butosta.","og_url":"https:\/\/terosaarinen.com\/fi\/tero-tekniikka\/","og_site_name":"TSC","article_publisher":"https:\/\/www.facebook.com\/terosaarinencompany","article_modified_time":"2025-06-30T06:07:23+00:00","og_image":[{"width":1465,"height":824,"url":"https:\/\/terosaarinen.com\/wp-content\/uploads\/2025\/05\/tsc-wnew.png","type":"image\/png"}],"twitter_card":"summary_large_image","twitter_misc":{"Arvioitu lukuaika":"2 minuuttia"},"schema":{"@context":"https:\/\/schema.org","@graph":[{"@type":"WebPage","@id":"https:\/\/terosaarinen.com\/fi\/tero-tekniikka\/","url":"https:\/\/terosaarinen.com\/fi\/tero-tekniikka\/","name":"Tero-tekniikka - TSC","isPartOf":{"@id":"https:\/\/terosaarinen.com\/fi\/#website"},"datePublished":"2025-03-06T08:48:58+00:00","dateModified":"2025-06-30T06:07:23+00:00","description":"Tero Saarisen kehitt\u00e4m\u00e4 liiketekniikka sulattaa yhteen elementtej\u00e4 baletista, nykytanssista ja aasialaisista perinteist\u00e4, kuten butosta.","breadcrumb":{"@id":"https:\/\/terosaarinen.com\/fi\/tero-tekniikka\/#breadcrumb"},"inLanguage":"fi","potentialAction":[{"@type":"ReadAction","target":["https:\/\/terosaarinen.com\/fi\/tero-tekniikka\/"]}]},{"@type":"BreadcrumbList","@id":"https:\/\/terosaarinen.com\/fi\/tero-tekniikka\/#breadcrumb","itemListElement":[{"@type":"ListItem","position":1,"name":"Home","item":"https:\/\/terosaarinen.com\/fi\/"},{"@type":"ListItem","position":2,"name":"Tero-tekniikka"}]},{"@type":"WebSite","@id":"https:\/\/terosaarinen.com\/fi\/#website","url":"https:\/\/terosaarinen.com\/fi\/","name":"Tero Saarinen Company","description":"","publisher":{"@id":"https:\/\/terosaarinen.com\/fi\/#organization"},"potentialAction":[{"@type":"SearchAction","target":{"@type":"EntryPoint","urlTemplate":"https:\/\/terosaarinen.com\/fi\/?s={search_term_string}"},"query-input":{"@type":"PropertyValueSpecification","valueRequired":true,"valueName":"search_term_string"}}],"inLanguage":"fi"},{"@type":"Organization","@id":"https:\/\/terosaarinen.com\/fi\/#organization","name":"Tero Saarinen Company","url":"https:\/\/terosaarinen.com\/fi\/","logo":{"@type":"ImageObject","inLanguage":"fi","@id":"https:\/\/terosaarinen.com\/fi\/#\/schema\/logo\/image\/","url":"https:\/\/terosaarinen.com\/wp-content\/uploads\/2025\/05\/tsc-wnew.png","contentUrl":"https:\/\/terosaarinen.com\/wp-content\/uploads\/2025\/05\/tsc-wnew.png","width":1465,"height":824,"caption":"Tero Saarinen Company"},"image":{"@id":"https:\/\/terosaarinen.com\/fi\/#\/schema\/logo\/image\/"},"sameAs":["https:\/\/www.facebook.com\/terosaarinencompany","https:\/\/www.instagram.com\/terosaarinenco\/"]}]}},"_links":{"self":[{"href":"https:\/\/terosaarinen.com\/fi\/wp-json\/wp\/v2\/pages\/3045","targetHints":{"allow":["GET"]}}],"collection":[{"href":"https:\/\/terosaarinen.com\/fi\/wp-json\/wp\/v2\/pages"}],"about":[{"href":"https:\/\/terosaarinen.com\/fi\/wp-json\/wp\/v2\/types\/page"}],"author":[{"embeddable":true,"href":"https:\/\/terosaarinen.com\/fi\/wp-json\/wp\/v2\/users\/6"}],"replies":[{"embeddable":true,"href":"https:\/\/terosaarinen.com\/fi\/wp-json\/wp\/v2\/comments?post=3045"}],"version-history":[{"count":8,"href":"https:\/\/terosaarinen.com\/fi\/wp-json\/wp\/v2\/pages\/3045\/revisions"}],"predecessor-version":[{"id":3949,"href":"https:\/\/terosaarinen.com\/fi\/wp-json\/wp\/v2\/pages\/3045\/revisions\/3949"}],"wp:attachment":[{"href":"https:\/\/terosaarinen.com\/fi\/wp-json\/wp\/v2\/media?parent=3045"}],"curies":[{"name":"wp","href":"https:\/\/api.w.org\/{rel}","templated":true}]}}