{"id":3454,"date":"2025-03-06T10:51:05","date_gmt":"2025-03-06T08:51:05","guid":{"rendered":"https:\/\/terosaarinen.com\/?page_id=3454"},"modified":"2026-03-12T13:28:54","modified_gmt":"2026-03-12T11:28:54","slug":"ryhma","status":"publish","type":"page","link":"https:\/\/terosaarinen.com\/fi\/ryhma\/","title":{"rendered":"Ryhm\u00e4"},"content":{"rendered":"<div class=\"tsc-hero-visuals image\">\n      <div class=\"bg\">\n              <img decoding=\"async\" src=\"https:\/\/terosaarinen.com\/wp-content\/uploads\/2025\/05\/tsc-transit-hki-26-2048x1377.jpg\" alt=\"\" \/>\n          <\/div>\n        <div class=\"heading\">\n                        <h1>Ryhm\u00e4<\/h1>\n    <\/div>\n  <\/div>\n\n<div class=\"tsc-ingress\">\n  <div class=\"inner\">\n    <h2>Tero Saarinen Company luo, esitt\u00e4\u00e4 ja opettaa aikaa kest\u00e4v\u00e4\u00e4, alkuvoimaista ja korkeatasoista tanssia Helsingiss\u00e4, Suomessa ja kansainv\u00e4lisesti. Perimm\u00e4isen\u00e4 tavoitteena on lis\u00e4t\u00e4 yksil\u00f6iden ja yhteis\u00f6jen hyvinvointia vahvistamalla ihmisten suhdetta omaan kehoon, itseen ja toisiin alkuvoimaisen liikkeen ja kokonaisvaltaisten tanssiel\u00e4mysten avulla.<\/h2>\n  <\/div>\n<\/div>\n\n<div class=\"tsc-media multi\">\n  <div class=\"slider\">\n                  <div class=\"image\">\n                  <img decoding=\"async\" src=\"https&#x3A;&#x2F;&#x2F;terosaarinen.com&#x2F;wp-content&#x2F;uploads&#x2F;2025&#x2F;05&#x2F;DSF7018.jpg\" alt=\"\" \/>\n                <\/div>\n                        <div class=\"image\">\n                  <img decoding=\"async\" src=\"https&#x3A;&#x2F;&#x2F;terosaarinen.com&#x2F;wp-content&#x2F;uploads&#x2F;2025&#x2F;04&#x2F;MESH_04_hi-res-1-2048x1365.jpg\" alt=\"\" \/>\n                <\/div>\n                        <div class=\"image\">\n                  <img decoding=\"async\" src=\"https&#x3A;&#x2F;&#x2F;terosaarinen.com&#x2F;wp-content&#x2F;uploads&#x2F;2025&#x2F;02&#x2F;borrowedlight-2025-mikkikunttu-4259-denoiseai.jpg\" alt=\"\" \/>\n                <\/div>\n                        <div class=\"image\">\n                  <img decoding=\"async\" src=\"https&#x3A;&#x2F;&#x2F;terosaarinen.com&#x2F;wp-content&#x2F;uploads&#x2F;2025&#x2F;03&#x2F;tsc-hunt-auri-0695-medium-2048x1365.jpg\" alt=\"\" \/>\n                <\/div>\n                        <div class=\"image\">\n                  <img decoding=\"async\" src=\"https&#x3A;&#x2F;&#x2F;terosaarinen.com&#x2F;wp-content&#x2F;uploads&#x2F;2025&#x2F;03&#x2F;kopio-nettisivut-transit-02-2048x1367.jpg\" alt=\"\" \/>\n                <\/div>\n                        <div class=\"image\">\n                  <img decoding=\"async\" src=\"https&#x3A;&#x2F;&#x2F;terosaarinen.com&#x2F;wp-content&#x2F;uploads&#x2F;2025&#x2F;03&#x2F;zimmermanntrio02.webp\" alt=\"\" \/>\n                <\/div>\n                        <div class=\"image\">\n                  <img decoding=\"async\" src=\"https&#x3A;&#x2F;&#x2F;terosaarinen.com&#x2F;wp-content&#x2F;uploads&#x2F;2025&#x2F;02&#x2F;nettisivut-kopio-macbeth-1366x2048.jpg\" alt=\"\" \/>\n                <\/div>\n            <\/div>\n<\/div>\n\n\n<div class=\"tsc-text onecol\">\n  <div class=\"inner\">\n    <div class=\"heading\">\n      Ryhm\u00e4st\u00e4\n    <\/div>\n    <div class=\"content\">\n      <div class=\"acf-innerblocks-container\">\n\n<p>Tanssija-koreografi Tero Saarinen perusti ryhm\u00e4n oman taiteellisen n\u00e4kemyksens\u00e4 v\u00e4lineeksi vuonna 1996.&nbsp;Tero Saarinen Company&nbsp;on esiintynyt johtavilla n\u00e4ytt\u00e4m\u00f6ill\u00e4 40 maassa kaikissa maanosissa. Ryhm\u00e4n ohjelmisto sis\u00e4lt\u00e4\u00e4 Saarisen teosten rinnalla my\u00f6s vierailevien koreografien teoksia. Kotikaupungissaan Helsingiss\u00e4 TSC toimii Tanssin talon ohjelmistokumppanina, tuottaen Tanssin taloon omien sesonkien ohella my\u00f6s ulkomaisten ryhmien vierailuja.<\/p>\n\n\n\n<p>Tero Saarinen Company tunnetaan ilmaisuvoimaisen liikkeen, visualisoinnin ja el\u00e4v\u00e4n musiikin yhdist\u00e4vist\u00e4 kokonaistaideteoksista. Persoonallinen liikeilmaisu perustuu Saarisen kehitt\u00e4m\u00e4\u00e4n Tero-tekniikkaan, jossa vaikutteet aasialaisista ja l\u00e4nsimaisista sek\u00e4 klassisista ett\u00e4 nykytanssitekniikoista yhdistyv\u00e4t esiintyjien yksil\u00f6llisi\u00e4 vahvuuksia korostavaksi l\u00e4sn\u00e4oloksi. Esitystoiminnan lis\u00e4ksi ryhm\u00e4 opettaa Tero-tekniikkaa Suomessa ja kansainv\u00e4lisesti sek\u00e4 tukee muita tanssitoimijoita tarjoamalla studio- ja \u00e4\u00e4niresidenssej\u00e4 Kaapelitehtaalla sijaitsevassa TSC Studiossa.<\/p>\n\n\n\n<p>TSC:n toiminta pohjautuu humanistisiin perusarvoihin: yhdenvertaisuuteen,&nbsp;tasa-arvoon ja sivistykseen.&nbsp;K\u00e4yt\u00e4nn\u00f6n&nbsp;toimintaa ohjaavia arvoja ovat&nbsp;my\u00f6s&nbsp;hyv\u00e4&nbsp;<strong>yhteisty\u00f6<\/strong>,&nbsp;<strong>taiteellinen tinkim\u00e4tt\u00f6myys<\/strong>, <strong>uskallus<\/strong>&nbsp;sek\u00e4 ty\u00f6st\u00e4 ja yhteis\u00f6llisyydest\u00e4 kumpuava&nbsp;<strong>ilo<\/strong>.<\/p>\n\n\n\n<p>Ryhm\u00e4n toimintaa yll\u00e4pit\u00e4\u00e4 Into liikkeess\u00e4 ry. <a href=\"https:\/\/terosaarinen.com\/fi\/into-liikkeessa-ry\/\">Lis\u00e4tietoa yhdistyksest\u00e4 ja vuosikertomukset l\u00f6yd\u00e4t t\u00e4lt\u00e4 sivulta.<\/a><\/p>\n\n<\/div>\n    <\/div>\n  <\/div>\n<\/div>\n\n<div class=\"tsc-text large\">\n  <div class=\"inner\">\n    <div class=\"heading\">\n      \n    <\/div>\n    <div class=\"content\">\n      <div class=\"acf-innerblocks-container\">\n\n<p>&#8221;Tanssi on minun tapani tulkita ihmisen olemusta ja sen monia ilmenemismuotoja \u2013 rakkautta, yst\u00e4vyytt\u00e4, hengen voimaa. Haluan tavoittaa tanssilla sanomatonta, selitt\u00e4m\u00e4t\u00f6nt\u00e4, nime\u00e4m\u00e4t\u00f6nt\u00e4. Uskon tanssiin joka koskettaa, tanssiin joka puhuu puolestaan.&#8221; <\/p>\n\n\n\n<p>\u2013Tero Saarinen<\/p>\n\n<\/div>\n    <\/div>\n  <\/div>\n<\/div>\n\n<div class=\"tsc-text onecol\">\n  <div class=\"inner\">\n    <div class=\"heading\">\n      Historiaa\n    <\/div>\n    <div class=\"content\">\n      <div class=\"acf-innerblocks-container\">\n\n<p>Merkitt\u00e4v\u00e4n kansainv\u00e4lisen uran soolotanssijana tehnyt Tero Saarinen perusti oman ryhm\u00e4n<br>vuonna 1996 yhdess\u00e4 Suomen Kansallisbaletin tanssijakollega <strong>Henrikki Heikkil\u00e4n<\/strong>, Batsheva<br>Dance Companyssa tanssineen <strong>Yuval Pickin<\/strong> sek\u00e4 valosuunnittelija <strong>Mikki Kuntun<\/strong> kanssa.<br>Ryhm\u00e4n ensimm\u00e4inen teos, itsekkyytt\u00e4, yst\u00e4vyytt\u00e4 ja petosta k\u00e4sittelev\u00e4 <em>Westward Ho!<\/em>, sai ensi-<br>iltansa Tukholman Dansens Husissa 18. helmikuuta 1996. Ensi-iltaa seurasi kutsu Lontooseen The Place -teatteriin ensimm\u00e4iseen Aerowaves-katselmukseen vuonna 1997, mik\u00e4 johti Saarisen<br>kansainv\u00e4liseen l\u00e4pimurtoon koreografina.<\/p>\n\n\n\n<p>Vuonna 2001 ryhm\u00e4 sai ensimm\u00e4isen kokop\u00e4iv\u00e4isen ty\u00f6ntekij\u00e4ns\u00e4, kun nykyisin<br>toiminnanjohtajana toimiva <strong>Iiris Autio<\/strong> aloitti ryhm\u00e4n tuottajana. Nykyisin ryhm\u00e4ss\u00e4 on 17<br>kuukausipalkkaista ty\u00f6ntekij\u00e4\u00e4, joiden lis\u00e4ksi eri produktioissa ty\u00f6skentelee vuosittain suuri joukko eri alojen freelancereita. TSC on toteuttanut suurille n\u00e4ytt\u00e4m\u00f6ille suunnattuja yhteisproduktioita merkitt\u00e4vien klassisen ja uuden&nbsp;musiikin kokoonpanojen (mm. La Philharmonic ja Ensemble Intercontemporain)&nbsp;kanssa eri puolilla maailmaa.<\/p>\n\n<\/div>\n    <\/div>\n  <\/div>\n<\/div>\n\n<div class=\"tsc-text large\">\n  <div class=\"inner\">\n    <div class=\"heading\">\n      \n    <\/div>\n    <div class=\"content\">\n      <div class=\"acf-innerblocks-container\">\n\n<p>&#8221;Minulle tanssin syvin merkitys on liikkeen ja kehon alkuvoimassa. Tanssin ritualistinen ominaislaatu, ihmisten tarve ja kyky ilmaista itse\u00e4\u00e4n liikkeell\u00e4 sek\u00e4 keholla ovat ilmi\u00f6in\u00e4 universaaleja ja ajattomia.&#8221;<\/p>\n\n<\/div>\n    <\/div>\n  <\/div>\n<\/div>\n\n<div class=\"tsc-media single\">\n  <div class=\"slider\">\n                  <div class=\"image\">\n                  <img decoding=\"async\" src=\"https&#x3A;&#x2F;&#x2F;terosaarinen.com&#x2F;wp-content&#x2F;uploads&#x2F;2025&#x2F;04&#x2F;52378281141_0edfbac6a4_o.jpg\" alt=\"\" \/>\n                <\/div>\n            <\/div>\n<\/div>\n\n\n\n<p><\/p>\n\n\n<div class=\"tsc-liftlinklist\">\n  <div class=\"inner\">\n    <div class=\"links\">\n              <a class=\"hoverplay\" href=\"https&#x3A;&#x2F;&#x2F;terosaarinen.com&#x2F;fi&#x2F;into-liikkeessa-ry&#x2F;\" rel=\"noreferrer noopener\">\n                      <div class=\"media\">\n              <div class=\"revealo\">\n                                          <\/div>\n            <\/div>\n            <span class=\"t1\">Into liikkeess\u00e4 ry<\/span>\n                  <\/a>\n              <a class=\"hoverplay\" href=\"https&#x3A;&#x2F;&#x2F;terosaarinen.com&#x2F;fi&#x2F;ryhma&#x2F;ihmiset&#x2F;\" rel=\"noreferrer noopener\">\n                      <div class=\"media\">\n              <div class=\"revealo\">\n                                                            <img decoding=\"async\" src=\"https&#x3A;&#x2F;&#x2F;terosaarinen.com&#x2F;wp-content&#x2F;uploads&#x2F;2025&#x2F;05&#x2F;GroupTSC2025&#x00A9;hennihyvarinen-2E1A0110-300x200.jpg)\" alt=\"\" \/>\n                            <\/div>\n            <\/div>\n            <span class=\"t1\">Ihmiset<\/span>\n                  <\/a>\n          <\/div>\n  <\/div>\n<\/div>\n","protected":false},"excerpt":{"rendered":"","protected":false},"author":3,"featured_media":0,"parent":0,"menu_order":0,"comment_status":"closed","ping_status":"closed","template":"","meta":{"_acf_changed":false,"footnotes":""},"class_list":["post-3454","page","type-page","status-publish","hentry"],"acf":[],"yoast_head":"<!-- This site is optimized with the Yoast SEO plugin v27.2 - https:\/\/yoast.com\/product\/yoast-seo-wordpress\/ -->\n<title>Ryhm\u00e4 - TSC<\/title>\n<meta name=\"description\" content=\"Tero Saarinen Company luo, esitt\u00e4\u00e4 ja opettaa aikaa kest\u00e4v\u00e4\u00e4, alkuvoimaista ja korkeatasoista tanssia Helsingiss\u00e4, Suomessa ja kansainv\u00e4lisesti.\" \/>\n<meta name=\"robots\" content=\"index, follow, max-snippet:-1, max-image-preview:large, max-video-preview:-1\" \/>\n<link rel=\"canonical\" href=\"https:\/\/terosaarinen.com\/fi\/ryhma\/\" \/>\n<meta property=\"og:locale\" content=\"fi_FI\" \/>\n<meta property=\"og:type\" content=\"article\" \/>\n<meta property=\"og:title\" content=\"Ryhm\u00e4 - TSC\" \/>\n<meta property=\"og:description\" content=\"Tero Saarinen Company luo, esitt\u00e4\u00e4 ja opettaa aikaa kest\u00e4v\u00e4\u00e4, alkuvoimaista ja korkeatasoista tanssia Helsingiss\u00e4, Suomessa ja kansainv\u00e4lisesti.\" \/>\n<meta property=\"og:url\" content=\"https:\/\/terosaarinen.com\/fi\/ryhma\/\" \/>\n<meta property=\"og:site_name\" content=\"TSC\" \/>\n<meta property=\"article:publisher\" content=\"https:\/\/www.facebook.com\/terosaarinencompany\" \/>\n<meta property=\"article:modified_time\" content=\"2026-03-12T11:28:54+00:00\" \/>\n<meta property=\"og:image\" content=\"https:\/\/terosaarinen.com\/wp-content\/uploads\/2025\/05\/tsc-wnew.png\" \/>\n\t<meta property=\"og:image:width\" content=\"1465\" \/>\n\t<meta property=\"og:image:height\" content=\"824\" \/>\n\t<meta property=\"og:image:type\" content=\"image\/png\" \/>\n<meta name=\"twitter:card\" content=\"summary_large_image\" \/>\n<meta name=\"twitter:label1\" content=\"Arvioitu lukuaika\" \/>\n\t<meta name=\"twitter:data1\" content=\"2 minuuttia\" \/>\n<script type=\"application\/ld+json\" class=\"yoast-schema-graph\">{\"@context\":\"https:\/\/schema.org\",\"@graph\":[{\"@type\":\"WebPage\",\"@id\":\"https:\/\/terosaarinen.com\/fi\/ryhma\/\",\"url\":\"https:\/\/terosaarinen.com\/fi\/ryhma\/\",\"name\":\"Ryhm\u00e4 - TSC\",\"isPartOf\":{\"@id\":\"https:\/\/terosaarinen.com\/fi\/#website\"},\"datePublished\":\"2025-03-06T08:51:05+00:00\",\"dateModified\":\"2026-03-12T11:28:54+00:00\",\"description\":\"Tero Saarinen Company luo, esitt\u00e4\u00e4 ja opettaa aikaa kest\u00e4v\u00e4\u00e4, alkuvoimaista ja korkeatasoista tanssia Helsingiss\u00e4, Suomessa ja kansainv\u00e4lisesti.\",\"breadcrumb\":{\"@id\":\"https:\/\/terosaarinen.com\/fi\/ryhma\/#breadcrumb\"},\"inLanguage\":\"fi\",\"potentialAction\":[{\"@type\":\"ReadAction\",\"target\":[\"https:\/\/terosaarinen.com\/fi\/ryhma\/\"]}]},{\"@type\":\"BreadcrumbList\",\"@id\":\"https:\/\/terosaarinen.com\/fi\/ryhma\/#breadcrumb\",\"itemListElement\":[{\"@type\":\"ListItem\",\"position\":1,\"name\":\"Home\",\"item\":\"https:\/\/terosaarinen.com\/fi\/\"},{\"@type\":\"ListItem\",\"position\":2,\"name\":\"Ryhm\u00e4\"}]},{\"@type\":\"WebSite\",\"@id\":\"https:\/\/terosaarinen.com\/fi\/#website\",\"url\":\"https:\/\/terosaarinen.com\/fi\/\",\"name\":\"Tero Saarinen Company\",\"description\":\"\",\"publisher\":{\"@id\":\"https:\/\/terosaarinen.com\/fi\/#organization\"},\"potentialAction\":[{\"@type\":\"SearchAction\",\"target\":{\"@type\":\"EntryPoint\",\"urlTemplate\":\"https:\/\/terosaarinen.com\/fi\/?s={search_term_string}\"},\"query-input\":{\"@type\":\"PropertyValueSpecification\",\"valueRequired\":true,\"valueName\":\"search_term_string\"}}],\"inLanguage\":\"fi\"},{\"@type\":\"Organization\",\"@id\":\"https:\/\/terosaarinen.com\/fi\/#organization\",\"name\":\"Tero Saarinen Company\",\"url\":\"https:\/\/terosaarinen.com\/fi\/\",\"logo\":{\"@type\":\"ImageObject\",\"inLanguage\":\"fi\",\"@id\":\"https:\/\/terosaarinen.com\/fi\/#\/schema\/logo\/image\/\",\"url\":\"https:\/\/terosaarinen.com\/wp-content\/uploads\/2025\/05\/tsc-wnew.png\",\"contentUrl\":\"https:\/\/terosaarinen.com\/wp-content\/uploads\/2025\/05\/tsc-wnew.png\",\"width\":1465,\"height\":824,\"caption\":\"Tero Saarinen Company\"},\"image\":{\"@id\":\"https:\/\/terosaarinen.com\/fi\/#\/schema\/logo\/image\/\"},\"sameAs\":[\"https:\/\/www.facebook.com\/terosaarinencompany\",\"https:\/\/www.instagram.com\/terosaarinenco\/\"]}]}<\/script>\n<!-- \/ Yoast SEO plugin. -->","yoast_head_json":{"title":"Ryhm\u00e4 - TSC","description":"Tero Saarinen Company luo, esitt\u00e4\u00e4 ja opettaa aikaa kest\u00e4v\u00e4\u00e4, alkuvoimaista ja korkeatasoista tanssia Helsingiss\u00e4, Suomessa ja kansainv\u00e4lisesti.","robots":{"index":"index","follow":"follow","max-snippet":"max-snippet:-1","max-image-preview":"max-image-preview:large","max-video-preview":"max-video-preview:-1"},"canonical":"https:\/\/terosaarinen.com\/fi\/ryhma\/","og_locale":"fi_FI","og_type":"article","og_title":"Ryhm\u00e4 - TSC","og_description":"Tero Saarinen Company luo, esitt\u00e4\u00e4 ja opettaa aikaa kest\u00e4v\u00e4\u00e4, alkuvoimaista ja korkeatasoista tanssia Helsingiss\u00e4, Suomessa ja kansainv\u00e4lisesti.","og_url":"https:\/\/terosaarinen.com\/fi\/ryhma\/","og_site_name":"TSC","article_publisher":"https:\/\/www.facebook.com\/terosaarinencompany","article_modified_time":"2026-03-12T11:28:54+00:00","og_image":[{"width":1465,"height":824,"url":"https:\/\/terosaarinen.com\/wp-content\/uploads\/2025\/05\/tsc-wnew.png","type":"image\/png"}],"twitter_card":"summary_large_image","twitter_misc":{"Arvioitu lukuaika":"2 minuuttia"},"schema":{"@context":"https:\/\/schema.org","@graph":[{"@type":"WebPage","@id":"https:\/\/terosaarinen.com\/fi\/ryhma\/","url":"https:\/\/terosaarinen.com\/fi\/ryhma\/","name":"Ryhm\u00e4 - TSC","isPartOf":{"@id":"https:\/\/terosaarinen.com\/fi\/#website"},"datePublished":"2025-03-06T08:51:05+00:00","dateModified":"2026-03-12T11:28:54+00:00","description":"Tero Saarinen Company luo, esitt\u00e4\u00e4 ja opettaa aikaa kest\u00e4v\u00e4\u00e4, alkuvoimaista ja korkeatasoista tanssia Helsingiss\u00e4, Suomessa ja kansainv\u00e4lisesti.","breadcrumb":{"@id":"https:\/\/terosaarinen.com\/fi\/ryhma\/#breadcrumb"},"inLanguage":"fi","potentialAction":[{"@type":"ReadAction","target":["https:\/\/terosaarinen.com\/fi\/ryhma\/"]}]},{"@type":"BreadcrumbList","@id":"https:\/\/terosaarinen.com\/fi\/ryhma\/#breadcrumb","itemListElement":[{"@type":"ListItem","position":1,"name":"Home","item":"https:\/\/terosaarinen.com\/fi\/"},{"@type":"ListItem","position":2,"name":"Ryhm\u00e4"}]},{"@type":"WebSite","@id":"https:\/\/terosaarinen.com\/fi\/#website","url":"https:\/\/terosaarinen.com\/fi\/","name":"Tero Saarinen Company","description":"","publisher":{"@id":"https:\/\/terosaarinen.com\/fi\/#organization"},"potentialAction":[{"@type":"SearchAction","target":{"@type":"EntryPoint","urlTemplate":"https:\/\/terosaarinen.com\/fi\/?s={search_term_string}"},"query-input":{"@type":"PropertyValueSpecification","valueRequired":true,"valueName":"search_term_string"}}],"inLanguage":"fi"},{"@type":"Organization","@id":"https:\/\/terosaarinen.com\/fi\/#organization","name":"Tero Saarinen Company","url":"https:\/\/terosaarinen.com\/fi\/","logo":{"@type":"ImageObject","inLanguage":"fi","@id":"https:\/\/terosaarinen.com\/fi\/#\/schema\/logo\/image\/","url":"https:\/\/terosaarinen.com\/wp-content\/uploads\/2025\/05\/tsc-wnew.png","contentUrl":"https:\/\/terosaarinen.com\/wp-content\/uploads\/2025\/05\/tsc-wnew.png","width":1465,"height":824,"caption":"Tero Saarinen Company"},"image":{"@id":"https:\/\/terosaarinen.com\/fi\/#\/schema\/logo\/image\/"},"sameAs":["https:\/\/www.facebook.com\/terosaarinencompany","https:\/\/www.instagram.com\/terosaarinenco\/"]}]}},"_links":{"self":[{"href":"https:\/\/terosaarinen.com\/fi\/wp-json\/wp\/v2\/pages\/3454","targetHints":{"allow":["GET"]}}],"collection":[{"href":"https:\/\/terosaarinen.com\/fi\/wp-json\/wp\/v2\/pages"}],"about":[{"href":"https:\/\/terosaarinen.com\/fi\/wp-json\/wp\/v2\/types\/page"}],"author":[{"embeddable":true,"href":"https:\/\/terosaarinen.com\/fi\/wp-json\/wp\/v2\/users\/3"}],"replies":[{"embeddable":true,"href":"https:\/\/terosaarinen.com\/fi\/wp-json\/wp\/v2\/comments?post=3454"}],"version-history":[{"count":27,"href":"https:\/\/terosaarinen.com\/fi\/wp-json\/wp\/v2\/pages\/3454\/revisions"}],"predecessor-version":[{"id":6105,"href":"https:\/\/terosaarinen.com\/fi\/wp-json\/wp\/v2\/pages\/3454\/revisions\/6105"}],"wp:attachment":[{"href":"https:\/\/terosaarinen.com\/fi\/wp-json\/wp\/v2\/media?parent=3454"}],"curies":[{"name":"wp","href":"https:\/\/api.w.org\/{rel}","templated":true}]}}