{"id":3607,"date":"2025-03-06T10:53:17","date_gmt":"2025-03-06T08:53:17","guid":{"rendered":"https:\/\/terosaarinen.com\/ryhma\/support\/"},"modified":"2026-03-19T16:26:47","modified_gmt":"2026-03-19T14:26:47","slug":"ystavat","status":"publish","type":"page","link":"https:\/\/terosaarinen.com\/fi\/ryhma\/ystavat\/","title":{"rendered":"TSC Yst\u00e4v\u00e4t"},"content":{"rendered":"<div class=\"tsc-hero-visuals image\">\n      <div class=\"bg\">\n              <img decoding=\"async\" src=\"https:\/\/terosaarinen.com\/wp-content\/uploads\/2025\/04\/Ystavatoiminta-hero.jpg\" alt=\"\" \/>\n          <\/div>\n        <div class=\"heading\">\n                        <h1>TSC Yst\u00e4v\u00e4t<\/h1>\n    <\/div>\n  <\/div>\n\n<div class=\"tsc-ingress\">\n  <div class=\"inner\">\n    <h2>Tule mukaan! Tero Saarinen Companyn Yst\u00e4v\u00e4n\u00e4, Tukijana tai Mesenaattina p\u00e4\u00e4set taiteen tekemisen kulisseihin. P\u00e4\u00e4set seuraamaan uusien teosten avoimia harjoituksia ja kiinnostaviin taiteilijatapaamiisiin syventym\u00e4\u00e4n taiteeseen ja luovuuteen. Samalla olet mukana mahdollistamassa suomalaisen kulttuurin kansainv\u00e4list\u00e4 menestyst\u00e4, osana yhteis\u00f6\u00e4mme.<\/h2>\n  <\/div>\n<\/div>\n\n<div class=\"tsc-text onecol\">\n  <div class=\"inner\">\n    <div class=\"heading\">\n      \n    <\/div>\n    <div class=\"content\">\n      <div class=\"acf-innerblocks-container\">\n\n<p>Yst\u00e4v\u00e4n\u00e4mme saat ensimm\u00e4isen\u00e4 tiedon tulevista esityksist\u00e4mme ja uusista teoksistamme \u2013 ja p\u00e4\u00e4set lippukaupoille aina etujoukoissa.<\/p>\n\n\n\n<p>Viime kev\u00e4\u00e4n\u00e4 yst\u00e4v\u00e4mme p\u00e4\u00e4siv\u00e4t ensimm\u00e4isten joukossa seuraamaan <a data-type=\"production\" data-id=\"1437\" href=\"https:\/\/terosaarinen.com\/fi\/teos\/study-for-life\/\" target=\"_blank\" rel=\"noreferrer noopener\"><em>Study for Life<\/em><\/a> -teoksen synty\u00e4 Tanssin talon Erkko-salin n\u00e4ytt\u00e4m\u00f6harjoituksissa. Teoksen Suomen ensi-illan yhteydess\u00e4 j\u00e4rjestimme yst\u00e4ville oman, intiimin j\u00e4lkikeskustelun. Syksyll\u00e4 yst\u00e4v\u00e4ohjelma jatkuu 30-vuotisjuhlavuottaan viett\u00e4v\u00e4n ryhm\u00e4n juhlatunnelmissa \u2013 luvassa on j\u00e4lleen ainutlaatuisia kohtaamisia taiteen \u00e4\u00e4rell\u00e4.<\/p>\n\n\n\n<p>J\u00e4senyys on voimassa vuoden ostop\u00e4iv\u00e4st\u00e4, jonka j\u00e4lkeen sen voi halutessaan uusia. <a href=\"https:\/\/tix.terosaarinen.com\/fi\/buyingflow\/membership\/yst%C3%A4v%C3%A4toiminta\/?_gl=1*1nf0kyf*_gcl_au*MTg3NDAyMTk4My4xNzQwNDc1Mjc0*_ga*MTkzODY1NTYwNi4xNzE2ODgwNDkx*_ga_ND23ZHF6PK*czE3NDcwMzQ0NDUkbzEzMiRnMSR0MTc0NzAzNDQ1MiRqNTMkbDAkaDA.\" data-type=\"link\" data-id=\"https:\/\/tix.terosaarinen.com\/fi\/buyingflow\/membership\/yst%C3%A4v%C3%A4toiminta\/?_gl=1*1nf0kyf*_gcl_au*MTg3NDAyMTk4My4xNzQwNDc1Mjc0*_ga*MTkzODY1NTYwNi4xNzE2ODgwNDkx*_ga_ND23ZHF6PK*czE3NDcwMzQ0NDUkbzEzMiRnMSR0MTc0NzAzNDQ1MiRqNTMkbDAkaDA.\" target=\"_blank\" rel=\"noreferrer noopener\">Liity yst\u00e4v\u00e4ksemme t\u00e4\u00e4ll\u00e4!<\/a><br><\/p>\n\n<\/div>\n    <\/div>\n  <\/div>\n<\/div>\n\n<div class=\"tsc-media multi\">\n  <div class=\"slider\">\n                  <div class=\"image\">\n                  <img decoding=\"async\" src=\"https&#x3A;&#x2F;&#x2F;terosaarinen.com&#x2F;wp-content&#x2F;uploads&#x2F;2025&#x2F;05&#x2F;Ystavatilaisuus-2025.jpg\" alt=\"\" \/>\n                <\/div>\n                        <div class=\"image\">\n                  <img decoding=\"async\" src=\"https&#x3A;&#x2F;&#x2F;terosaarinen.com&#x2F;wp-content&#x2F;uploads&#x2F;2025&#x2F;04&#x2F;study-for-life-01.143728.jpg\" alt=\"\" \/>\n                <\/div>\n                        <div class=\"image\">\n                  <img decoding=\"async\" src=\"https&#x3A;&#x2F;&#x2F;terosaarinen.com&#x2F;wp-content&#x2F;uploads&#x2F;2025&#x2F;05&#x2F;52378281141_0edfbac6a4_o.jpg\" alt=\"\" \/>\n                <\/div>\n            <\/div>\n<\/div>\n\n\n<div class=\"tsc-text onecol\">\n  <div class=\"inner\">\n    <div class=\"heading\">\n      J\u00e4senyystasot\n    <\/div>\n    <div class=\"content\">\n      <div class=\"acf-innerblocks-container\">\n\n<p><strong>Yst\u00e4v\u00e4<\/strong> <strong>(200 \u20ac)<\/strong>:<\/p>\n\n\n\n<ul class=\"wp-block-list\">\n<li>Avec-kutsu avoimiin harjoituksiin ja taiteilijatapaamisiin (v\u00e4hint\u00e4\u00e4n kaksi kertaa j\u00e4senkaudessa)<\/li>\n\n\n\n<li>Mahdollisuus ostaa ensimm\u00e4isen\u00e4 lippuja TSC:n tuotantoihin Tanssin talossa<\/li>\n\n\n\n<li>Oma, j\u00e4senasioista huolehtiva yhteyshenkil\u00f6<\/li>\n<\/ul>\n\n\n\n<p><\/p>\n\n\n\n<p><strong>Tukija (1 500 \u20ac):<\/strong><\/p>\n\n\n\n<ul class=\"wp-block-list\">\n<li>Kaikki Yst\u00e4v\u00e4-tason edut<\/li>\n\n\n\n<li>Henkil\u00f6kohtainen avec-kutsu ensi-iltoihin ja esityksiin Suomessa<\/li>\n\n\n\n<li>Laajemmat muutosoikeudet lippuihin<\/li>\n<\/ul>\n\n\n\n<p><\/p>\n\n\n\n<p><strong>Mesenaatti (5 000 \u20ac):<\/strong><\/p>\n\n\n\n<ul class=\"wp-block-list\">\n<li>Kaikki Tukija-tason edut<\/li>\n\n\n\n<li>Henkil\u00f6kohtainen avec-kutsu ensi-iltoihin ja esityksiin Suomessa ja ulkomailla<\/li>\n\n\n\n<li>Mahdollisuus tutustua yksityisopettajan johdolla Tero Saarisen liiketekniikkaan oman pienryhm\u00e4n kanssa<\/li>\n\n\n\n<li>Kutsut lahjoittajille vuosittain j\u00e4rjestett\u00e4viin tilaisuuksiin<\/li>\n<\/ul>\n\n\n\n<p><a data-type=\"link\" data-id=\"https:\/\/tix.terosaarinen.com\/fi\/buyingflow\/membership\/yst%C3%A4v%C3%A4toiminta\/?_gl=1*1nf0kyf*_gcl_au*MTg3NDAyMTk4My4xNzQwNDc1Mjc0*_ga*MTkzODY1NTYwNi4xNzE2ODgwNDkx*_ga_ND23ZHF6PK*czE3NDcwMzQ0NDUkbzEzMiRnMSR0MTc0NzAzNDQ1MiRqNTMkbDAkaDA.\" href=\"https:\/\/tix.terosaarinen.com\/fi\/buyingflow\/membership\/yst%C3%A4v%C3%A4toiminta\/?_gl=1*1nf0kyf*_gcl_au*MTg3NDAyMTk4My4xNzQwNDc1Mjc0*_ga*MTkzODY1NTYwNi4xNzE2ODgwNDkx*_ga_ND23ZHF6PK*czE3NDcwMzQ0NDUkbzEzMiRnMSR0MTc0NzAzNDQ1MiRqNTMkbDAkaDA.\" target=\"_blank\" rel=\"noreferrer noopener\">Liity mukaan<\/a><\/p>\n\n<\/div>\n    <\/div>\n  <\/div>\n<\/div>\n\n<div class=\"tsc-text onecol\">\n  <div class=\"inner\">\n    <div class=\"heading\">\n      Mietitk\u00f6 viel\u00e4?\n    <\/div>\n    <div class=\"content\">\n      <div class=\"acf-innerblocks-container\">\n\n<p>Kaikissa yst\u00e4v\u00e4toimintaan liittyviss\u00e4 kysymyksiss\u00e4 voit olla yhteydess\u00e4 viestint\u00e4- ja sidosryhm\u00e4p\u00e4\u00e4llikk\u00f6\u00f6mme <strong>Paula Rahtuun<\/strong>.<\/p>\n\n<\/div>\n    <\/div>\n  <\/div>\n<\/div>\n\n<div class=\"tsc-personcard\">\n  <div class=\"inner\">\n    <div class=\"image\" style=\"background-image: url(https:\/\/terosaarinen.com\/wp-content\/uploads\/2025\/04\/Paula-300x300.webp)\"><\/div>\n    <div class=\"info\">\n      <div class=\"name\">Paula Rahtu<\/div>\n      <div class=\"title\">Viestint\u00e4- ja sidosryhm\u00e4p\u00e4\u00e4llikk\u00f6<\/div>\n            <div class=\"phone\"><a href=\"tel:&#x2B;358&#x20;50&#x20;364&#x20;9715\">+358 50 364 9715<\/a><\/div>\n                  <div class=\"email\"><a href=\"mailto:paula.rahtu&#x40;terosaarinen.com\">paula.rahtu@terosaarinen.com<\/a><\/div>\n          <\/div>\n  <\/div>\n<\/div>\n","protected":false},"excerpt":{"rendered":"","protected":false},"author":6,"featured_media":0,"parent":3454,"menu_order":0,"comment_status":"closed","ping_status":"closed","template":"","meta":{"_acf_changed":false,"footnotes":""},"class_list":["post-3607","page","type-page","status-publish","hentry"],"acf":[],"yoast_head":"<!-- This site is optimized with the Yoast SEO plugin v27.2 - https:\/\/yoast.com\/product\/yoast-seo-wordpress\/ -->\n<title>TSC Yst\u00e4v\u00e4t - TSC<\/title>\n<meta name=\"description\" content=\"Tule mukaan! Tero Saarinen Companyn Yst\u00e4v\u00e4n\u00e4, Tukijana tai Mesenaattina p\u00e4\u00e4set taiteen tekemisen kulisseihin.\" \/>\n<meta name=\"robots\" content=\"index, follow, max-snippet:-1, max-image-preview:large, max-video-preview:-1\" \/>\n<link rel=\"canonical\" href=\"https:\/\/terosaarinen.com\/fi\/ryhma\/ystavat\/\" \/>\n<meta property=\"og:locale\" content=\"fi_FI\" \/>\n<meta property=\"og:type\" content=\"article\" \/>\n<meta property=\"og:title\" content=\"TSC Yst\u00e4v\u00e4t - TSC\" \/>\n<meta property=\"og:description\" content=\"Tule mukaan! Tero Saarinen Companyn Yst\u00e4v\u00e4n\u00e4, Tukijana tai Mesenaattina p\u00e4\u00e4set taiteen tekemisen kulisseihin.\" \/>\n<meta property=\"og:url\" content=\"https:\/\/terosaarinen.com\/fi\/ryhma\/ystavat\/\" \/>\n<meta property=\"og:site_name\" content=\"TSC\" \/>\n<meta property=\"article:publisher\" content=\"https:\/\/www.facebook.com\/terosaarinencompany\" \/>\n<meta property=\"article:modified_time\" content=\"2026-03-19T14:26:47+00:00\" \/>\n<meta property=\"og:image\" content=\"https:\/\/terosaarinen.com\/wp-content\/uploads\/2025\/05\/tsc-wnew.png\" \/>\n\t<meta property=\"og:image:width\" content=\"1465\" \/>\n\t<meta property=\"og:image:height\" content=\"824\" \/>\n\t<meta property=\"og:image:type\" content=\"image\/png\" \/>\n<meta name=\"twitter:card\" content=\"summary_large_image\" \/>\n<meta name=\"twitter:label1\" content=\"Arvioitu lukuaika\" \/>\n\t<meta name=\"twitter:data1\" content=\"1 minuutti\" \/>\n<script type=\"application\/ld+json\" class=\"yoast-schema-graph\">{\"@context\":\"https:\/\/schema.org\",\"@graph\":[{\"@type\":\"WebPage\",\"@id\":\"https:\/\/terosaarinen.com\/fi\/ryhma\/ystavat\/\",\"url\":\"https:\/\/terosaarinen.com\/fi\/ryhma\/ystavat\/\",\"name\":\"TSC Yst\u00e4v\u00e4t - TSC\",\"isPartOf\":{\"@id\":\"https:\/\/terosaarinen.com\/fi\/#website\"},\"datePublished\":\"2025-03-06T08:53:17+00:00\",\"dateModified\":\"2026-03-19T14:26:47+00:00\",\"description\":\"Tule mukaan! Tero Saarinen Companyn Yst\u00e4v\u00e4n\u00e4, Tukijana tai Mesenaattina p\u00e4\u00e4set taiteen tekemisen kulisseihin.\",\"breadcrumb\":{\"@id\":\"https:\/\/terosaarinen.com\/fi\/ryhma\/ystavat\/#breadcrumb\"},\"inLanguage\":\"fi\",\"potentialAction\":[{\"@type\":\"ReadAction\",\"target\":[\"https:\/\/terosaarinen.com\/fi\/ryhma\/ystavat\/\"]}]},{\"@type\":\"BreadcrumbList\",\"@id\":\"https:\/\/terosaarinen.com\/fi\/ryhma\/ystavat\/#breadcrumb\",\"itemListElement\":[{\"@type\":\"ListItem\",\"position\":1,\"name\":\"Home\",\"item\":\"https:\/\/terosaarinen.com\/fi\/\"},{\"@type\":\"ListItem\",\"position\":2,\"name\":\"TSC Yst\u00e4v\u00e4t\"}]},{\"@type\":\"WebSite\",\"@id\":\"https:\/\/terosaarinen.com\/fi\/#website\",\"url\":\"https:\/\/terosaarinen.com\/fi\/\",\"name\":\"Tero Saarinen Company\",\"description\":\"\",\"publisher\":{\"@id\":\"https:\/\/terosaarinen.com\/fi\/#organization\"},\"potentialAction\":[{\"@type\":\"SearchAction\",\"target\":{\"@type\":\"EntryPoint\",\"urlTemplate\":\"https:\/\/terosaarinen.com\/fi\/?s={search_term_string}\"},\"query-input\":{\"@type\":\"PropertyValueSpecification\",\"valueRequired\":true,\"valueName\":\"search_term_string\"}}],\"inLanguage\":\"fi\"},{\"@type\":\"Organization\",\"@id\":\"https:\/\/terosaarinen.com\/fi\/#organization\",\"name\":\"Tero Saarinen Company\",\"url\":\"https:\/\/terosaarinen.com\/fi\/\",\"logo\":{\"@type\":\"ImageObject\",\"inLanguage\":\"fi\",\"@id\":\"https:\/\/terosaarinen.com\/fi\/#\/schema\/logo\/image\/\",\"url\":\"https:\/\/terosaarinen.com\/wp-content\/uploads\/2025\/05\/tsc-wnew.png\",\"contentUrl\":\"https:\/\/terosaarinen.com\/wp-content\/uploads\/2025\/05\/tsc-wnew.png\",\"width\":1465,\"height\":824,\"caption\":\"Tero Saarinen Company\"},\"image\":{\"@id\":\"https:\/\/terosaarinen.com\/fi\/#\/schema\/logo\/image\/\"},\"sameAs\":[\"https:\/\/www.facebook.com\/terosaarinencompany\",\"https:\/\/www.instagram.com\/terosaarinenco\/\"]}]}<\/script>\n<!-- \/ Yoast SEO plugin. -->","yoast_head_json":{"title":"TSC Yst\u00e4v\u00e4t - TSC","description":"Tule mukaan! Tero Saarinen Companyn Yst\u00e4v\u00e4n\u00e4, Tukijana tai Mesenaattina p\u00e4\u00e4set taiteen tekemisen kulisseihin.","robots":{"index":"index","follow":"follow","max-snippet":"max-snippet:-1","max-image-preview":"max-image-preview:large","max-video-preview":"max-video-preview:-1"},"canonical":"https:\/\/terosaarinen.com\/fi\/ryhma\/ystavat\/","og_locale":"fi_FI","og_type":"article","og_title":"TSC Yst\u00e4v\u00e4t - TSC","og_description":"Tule mukaan! Tero Saarinen Companyn Yst\u00e4v\u00e4n\u00e4, Tukijana tai Mesenaattina p\u00e4\u00e4set taiteen tekemisen kulisseihin.","og_url":"https:\/\/terosaarinen.com\/fi\/ryhma\/ystavat\/","og_site_name":"TSC","article_publisher":"https:\/\/www.facebook.com\/terosaarinencompany","article_modified_time":"2026-03-19T14:26:47+00:00","og_image":[{"width":1465,"height":824,"url":"https:\/\/terosaarinen.com\/wp-content\/uploads\/2025\/05\/tsc-wnew.png","type":"image\/png"}],"twitter_card":"summary_large_image","twitter_misc":{"Arvioitu lukuaika":"1 minuutti"},"schema":{"@context":"https:\/\/schema.org","@graph":[{"@type":"WebPage","@id":"https:\/\/terosaarinen.com\/fi\/ryhma\/ystavat\/","url":"https:\/\/terosaarinen.com\/fi\/ryhma\/ystavat\/","name":"TSC Yst\u00e4v\u00e4t - TSC","isPartOf":{"@id":"https:\/\/terosaarinen.com\/fi\/#website"},"datePublished":"2025-03-06T08:53:17+00:00","dateModified":"2026-03-19T14:26:47+00:00","description":"Tule mukaan! Tero Saarinen Companyn Yst\u00e4v\u00e4n\u00e4, Tukijana tai Mesenaattina p\u00e4\u00e4set taiteen tekemisen kulisseihin.","breadcrumb":{"@id":"https:\/\/terosaarinen.com\/fi\/ryhma\/ystavat\/#breadcrumb"},"inLanguage":"fi","potentialAction":[{"@type":"ReadAction","target":["https:\/\/terosaarinen.com\/fi\/ryhma\/ystavat\/"]}]},{"@type":"BreadcrumbList","@id":"https:\/\/terosaarinen.com\/fi\/ryhma\/ystavat\/#breadcrumb","itemListElement":[{"@type":"ListItem","position":1,"name":"Home","item":"https:\/\/terosaarinen.com\/fi\/"},{"@type":"ListItem","position":2,"name":"TSC Yst\u00e4v\u00e4t"}]},{"@type":"WebSite","@id":"https:\/\/terosaarinen.com\/fi\/#website","url":"https:\/\/terosaarinen.com\/fi\/","name":"Tero Saarinen Company","description":"","publisher":{"@id":"https:\/\/terosaarinen.com\/fi\/#organization"},"potentialAction":[{"@type":"SearchAction","target":{"@type":"EntryPoint","urlTemplate":"https:\/\/terosaarinen.com\/fi\/?s={search_term_string}"},"query-input":{"@type":"PropertyValueSpecification","valueRequired":true,"valueName":"search_term_string"}}],"inLanguage":"fi"},{"@type":"Organization","@id":"https:\/\/terosaarinen.com\/fi\/#organization","name":"Tero Saarinen Company","url":"https:\/\/terosaarinen.com\/fi\/","logo":{"@type":"ImageObject","inLanguage":"fi","@id":"https:\/\/terosaarinen.com\/fi\/#\/schema\/logo\/image\/","url":"https:\/\/terosaarinen.com\/wp-content\/uploads\/2025\/05\/tsc-wnew.png","contentUrl":"https:\/\/terosaarinen.com\/wp-content\/uploads\/2025\/05\/tsc-wnew.png","width":1465,"height":824,"caption":"Tero Saarinen Company"},"image":{"@id":"https:\/\/terosaarinen.com\/fi\/#\/schema\/logo\/image\/"},"sameAs":["https:\/\/www.facebook.com\/terosaarinencompany","https:\/\/www.instagram.com\/terosaarinenco\/"]}]}},"_links":{"self":[{"href":"https:\/\/terosaarinen.com\/fi\/wp-json\/wp\/v2\/pages\/3607","targetHints":{"allow":["GET"]}}],"collection":[{"href":"https:\/\/terosaarinen.com\/fi\/wp-json\/wp\/v2\/pages"}],"about":[{"href":"https:\/\/terosaarinen.com\/fi\/wp-json\/wp\/v2\/types\/page"}],"author":[{"embeddable":true,"href":"https:\/\/terosaarinen.com\/fi\/wp-json\/wp\/v2\/users\/6"}],"replies":[{"embeddable":true,"href":"https:\/\/terosaarinen.com\/fi\/wp-json\/wp\/v2\/comments?post=3607"}],"version-history":[{"count":16,"href":"https:\/\/terosaarinen.com\/fi\/wp-json\/wp\/v2\/pages\/3607\/revisions"}],"predecessor-version":[{"id":6175,"href":"https:\/\/terosaarinen.com\/fi\/wp-json\/wp\/v2\/pages\/3607\/revisions\/6175"}],"up":[{"embeddable":true,"href":"https:\/\/terosaarinen.com\/fi\/wp-json\/wp\/v2\/pages\/3454"}],"wp:attachment":[{"href":"https:\/\/terosaarinen.com\/fi\/wp-json\/wp\/v2\/media?parent=3607"}],"curies":[{"name":"wp","href":"https:\/\/api.w.org\/{rel}","templated":true}]}}