{"id":4169,"date":"2025-05-15T15:31:20","date_gmt":"2025-05-15T13:31:20","guid":{"rendered":"https:\/\/terosaarinen.com\/?page_id=4169"},"modified":"2025-05-27T13:33:25","modified_gmt":"2025-05-27T11:33:25","slug":"into-liikkeessa-ry","status":"publish","type":"page","link":"https:\/\/terosaarinen.com\/fi\/into-liikkeessa-ry\/","title":{"rendered":"Into liikkeess\u00e4 ry"},"content":{"rendered":"<div class=\"tsc-basichero\">\n  <h1>Into liikkeess\u00e4 ry<\/h1>\n  <\/div>\n\n<div class=\"tsc-text onecol\">\n  <div class=\"inner\">\n    <div class=\"heading\">\n      \n    <\/div>\n    <div class=\"content\">\n      <div class=\"acf-innerblocks-container\">\n\n<p>Into liikkeess\u00e4 ry:n tarkoituksena on edist\u00e4\u00e4 ja kehitt\u00e4\u00e4 korkeatasoisen nykytanssin harrastusta. Tarkoituksensa toteuttamiseksi yhdistys yll\u00e4pit\u00e4\u00e4 sen piiriss\u00e4 toimivaa Tero Saarinen Company -nimist\u00e4 nykytanssiryhm\u00e4\u00e4, jonka kotipaikka on Helsinki.<\/p>\n\n\n\n<p>Into liikkeess\u00e4 ry:n vuosikertomukset talous- ja liitetietoineen voi ladata t\u00e4st\u00e4:<br><a data-type=\"link\" data-id=\"https:\/\/terosaarinen.com\/wp-content\/uploads\/2025\/05\/tsc-vuosikertomus-2020.pdf\" href=\"https:\/\/terosaarinen.com\/wp-content\/uploads\/2025\/05\/tsc-vuosikertomus-2020.pdf\" target=\"_blank\" rel=\"noreferrer noopener\">2020<\/a> \/ <a data-type=\"link\" data-id=\"https:\/\/terosaarinen.com\/wp-content\/uploads\/2025\/05\/tsc-vuosikertomus-2021-web-2.pdf\" href=\"https:\/\/terosaarinen.com\/wp-content\/uploads\/2025\/05\/tsc-vuosikertomus-2021-web-2.pdf\" target=\"_blank\" rel=\"noreferrer noopener\">2021<\/a> \/ <a data-type=\"link\" data-id=\"https:\/\/terosaarinen.com\/wp-content\/uploads\/2025\/05\/tsc-vuosikertomus-2022-web.pdf\" href=\"https:\/\/terosaarinen.com\/wp-content\/uploads\/2025\/05\/tsc-vuosikertomus-2022-web.pdf\" target=\"_blank\" rel=\"noreferrer noopener\">2022<\/a> \/ <a data-type=\"link\" data-id=\"https:\/\/terosaarinen.com\/wp-content\/uploads\/2025\/05\/tsc-vuosikertomus-2023-web.pdf\" href=\"https:\/\/terosaarinen.com\/wp-content\/uploads\/2025\/05\/tsc-vuosikertomus-2023-web.pdf\" target=\"_blank\" rel=\"noreferrer noopener\">2023<\/a> \/ <a href=\"https:\/\/terosaarinen.com\/wp-content\/uploads\/2025\/05\/TSC_Vuosikertomus_2024.pdf\" target=\"_blank\" rel=\"noreferrer noopener\">2024<\/a><\/p>\n\n<\/div>\n    <\/div>\n  <\/div>\n<\/div>\n\n<div class=\"tsc-text onecol\">\n  <div class=\"inner\">\n    <div class=\"heading\">\n      Hallitus\n    <\/div>\n    <div class=\"content\">\n      <div class=\"acf-innerblocks-container\">\n\n<p>Puheenjohtaja:<br><strong>Reima Jokinen<\/strong><\/p>\n\n\n\n<p>Varapuheenjohtaja:<br><strong>Marita Liulia<\/strong><\/p>\n\n\n\n<p>Hallituksen j\u00e4senet:<br><strong>Jukka-Matti Laine<\/strong><br><strong>Tero Saarinen<\/strong><br><strong>P\u00e4ivi Topinoja-Aranko<\/strong><br><strong>Heikki Vienola<\/strong><\/p>\n\n<\/div>\n    <\/div>\n  <\/div>\n<\/div>\n\n<div class=\"tsc-text onecol\">\n  <div class=\"inner\">\n    <div class=\"heading\">\n      Advisory board\n    <\/div>\n    <div class=\"content\">\n      <div class=\"acf-innerblocks-container\">\n\n<p>Tero Saarinen Companyn toimintaan neuvoa antava Advisory Board perustettiin elokuussa 2018. Sen puheenjohtajana toimii <strong>Sari Baldauf<\/strong>. Muut j\u00e4senet ovat <strong>Pekka Ala-Pietil\u00e4<\/strong>, <strong>Henrik de la Chapelle<\/strong>, <strong>Kaisa Hietala<\/strong>, <strong>Anu Karessuo<\/strong>, <strong>Raija Kemil\u00e4inen<\/strong>, <strong>Marita Liulia<\/strong>&nbsp;ja<strong>&nbsp;P\u00e4ivi Topinoja-Aranko<\/strong>.<\/p>\n\n<\/div>\n    <\/div>\n  <\/div>\n<\/div>\n\n\n<p><\/p>\n","protected":false},"excerpt":{"rendered":"","protected":false},"author":3,"featured_media":0,"parent":0,"menu_order":0,"comment_status":"closed","ping_status":"closed","template":"","meta":{"_acf_changed":false,"footnotes":""},"class_list":["post-4169","page","type-page","status-publish","hentry"],"acf":[],"yoast_head":"<!-- This site is optimized with the Yoast SEO plugin v27.2 - https:\/\/yoast.com\/product\/yoast-seo-wordpress\/ -->\n<title>Into liikkeess\u00e4 ry - TSC<\/title>\n<meta name=\"robots\" content=\"index, follow, max-snippet:-1, max-image-preview:large, max-video-preview:-1\" \/>\n<link rel=\"canonical\" href=\"https:\/\/terosaarinen.com\/fi\/into-liikkeessa-ry\/\" \/>\n<meta property=\"og:locale\" content=\"fi_FI\" \/>\n<meta property=\"og:type\" content=\"article\" \/>\n<meta property=\"og:title\" content=\"Into liikkeess\u00e4 ry - TSC\" \/>\n<meta property=\"og:url\" content=\"https:\/\/terosaarinen.com\/fi\/into-liikkeessa-ry\/\" \/>\n<meta property=\"og:site_name\" content=\"TSC\" \/>\n<meta property=\"article:publisher\" content=\"https:\/\/www.facebook.com\/terosaarinencompany\" \/>\n<meta property=\"article:modified_time\" content=\"2025-05-27T11:33:25+00:00\" \/>\n<meta property=\"og:image\" content=\"https:\/\/terosaarinen.com\/wp-content\/uploads\/2025\/05\/tsc-wnew.png\" \/>\n\t<meta property=\"og:image:width\" content=\"1465\" \/>\n\t<meta property=\"og:image:height\" content=\"824\" \/>\n\t<meta property=\"og:image:type\" content=\"image\/png\" \/>\n<meta name=\"twitter:card\" content=\"summary_large_image\" \/>\n<meta name=\"twitter:label1\" content=\"Arvioitu lukuaika\" \/>\n\t<meta name=\"twitter:data1\" content=\"1 minuutti\" \/>\n<script type=\"application\/ld+json\" class=\"yoast-schema-graph\">{\"@context\":\"https:\/\/schema.org\",\"@graph\":[{\"@type\":\"WebPage\",\"@id\":\"https:\/\/terosaarinen.com\/fi\/into-liikkeessa-ry\/\",\"url\":\"https:\/\/terosaarinen.com\/fi\/into-liikkeessa-ry\/\",\"name\":\"Into liikkeess\u00e4 ry - TSC\",\"isPartOf\":{\"@id\":\"https:\/\/terosaarinen.com\/fi\/#website\"},\"datePublished\":\"2025-05-15T13:31:20+00:00\",\"dateModified\":\"2025-05-27T11:33:25+00:00\",\"breadcrumb\":{\"@id\":\"https:\/\/terosaarinen.com\/fi\/into-liikkeessa-ry\/#breadcrumb\"},\"inLanguage\":\"fi\",\"potentialAction\":[{\"@type\":\"ReadAction\",\"target\":[\"https:\/\/terosaarinen.com\/fi\/into-liikkeessa-ry\/\"]}]},{\"@type\":\"BreadcrumbList\",\"@id\":\"https:\/\/terosaarinen.com\/fi\/into-liikkeessa-ry\/#breadcrumb\",\"itemListElement\":[{\"@type\":\"ListItem\",\"position\":1,\"name\":\"Home\",\"item\":\"https:\/\/terosaarinen.com\/fi\/\"},{\"@type\":\"ListItem\",\"position\":2,\"name\":\"Into liikkeess\u00e4 ry\"}]},{\"@type\":\"WebSite\",\"@id\":\"https:\/\/terosaarinen.com\/fi\/#website\",\"url\":\"https:\/\/terosaarinen.com\/fi\/\",\"name\":\"Tero Saarinen Company\",\"description\":\"\",\"publisher\":{\"@id\":\"https:\/\/terosaarinen.com\/fi\/#organization\"},\"potentialAction\":[{\"@type\":\"SearchAction\",\"target\":{\"@type\":\"EntryPoint\",\"urlTemplate\":\"https:\/\/terosaarinen.com\/fi\/?s={search_term_string}\"},\"query-input\":{\"@type\":\"PropertyValueSpecification\",\"valueRequired\":true,\"valueName\":\"search_term_string\"}}],\"inLanguage\":\"fi\"},{\"@type\":\"Organization\",\"@id\":\"https:\/\/terosaarinen.com\/fi\/#organization\",\"name\":\"Tero Saarinen Company\",\"url\":\"https:\/\/terosaarinen.com\/fi\/\",\"logo\":{\"@type\":\"ImageObject\",\"inLanguage\":\"fi\",\"@id\":\"https:\/\/terosaarinen.com\/fi\/#\/schema\/logo\/image\/\",\"url\":\"https:\/\/terosaarinen.com\/wp-content\/uploads\/2025\/05\/tsc-wnew.png\",\"contentUrl\":\"https:\/\/terosaarinen.com\/wp-content\/uploads\/2025\/05\/tsc-wnew.png\",\"width\":1465,\"height\":824,\"caption\":\"Tero Saarinen Company\"},\"image\":{\"@id\":\"https:\/\/terosaarinen.com\/fi\/#\/schema\/logo\/image\/\"},\"sameAs\":[\"https:\/\/www.facebook.com\/terosaarinencompany\",\"https:\/\/www.instagram.com\/terosaarinenco\/\"]}]}<\/script>\n<!-- \/ Yoast SEO plugin. -->","yoast_head_json":{"title":"Into liikkeess\u00e4 ry - TSC","robots":{"index":"index","follow":"follow","max-snippet":"max-snippet:-1","max-image-preview":"max-image-preview:large","max-video-preview":"max-video-preview:-1"},"canonical":"https:\/\/terosaarinen.com\/fi\/into-liikkeessa-ry\/","og_locale":"fi_FI","og_type":"article","og_title":"Into liikkeess\u00e4 ry - TSC","og_url":"https:\/\/terosaarinen.com\/fi\/into-liikkeessa-ry\/","og_site_name":"TSC","article_publisher":"https:\/\/www.facebook.com\/terosaarinencompany","article_modified_time":"2025-05-27T11:33:25+00:00","og_image":[{"width":1465,"height":824,"url":"https:\/\/terosaarinen.com\/wp-content\/uploads\/2025\/05\/tsc-wnew.png","type":"image\/png"}],"twitter_card":"summary_large_image","twitter_misc":{"Arvioitu lukuaika":"1 minuutti"},"schema":{"@context":"https:\/\/schema.org","@graph":[{"@type":"WebPage","@id":"https:\/\/terosaarinen.com\/fi\/into-liikkeessa-ry\/","url":"https:\/\/terosaarinen.com\/fi\/into-liikkeessa-ry\/","name":"Into liikkeess\u00e4 ry - TSC","isPartOf":{"@id":"https:\/\/terosaarinen.com\/fi\/#website"},"datePublished":"2025-05-15T13:31:20+00:00","dateModified":"2025-05-27T11:33:25+00:00","breadcrumb":{"@id":"https:\/\/terosaarinen.com\/fi\/into-liikkeessa-ry\/#breadcrumb"},"inLanguage":"fi","potentialAction":[{"@type":"ReadAction","target":["https:\/\/terosaarinen.com\/fi\/into-liikkeessa-ry\/"]}]},{"@type":"BreadcrumbList","@id":"https:\/\/terosaarinen.com\/fi\/into-liikkeessa-ry\/#breadcrumb","itemListElement":[{"@type":"ListItem","position":1,"name":"Home","item":"https:\/\/terosaarinen.com\/fi\/"},{"@type":"ListItem","position":2,"name":"Into liikkeess\u00e4 ry"}]},{"@type":"WebSite","@id":"https:\/\/terosaarinen.com\/fi\/#website","url":"https:\/\/terosaarinen.com\/fi\/","name":"Tero Saarinen Company","description":"","publisher":{"@id":"https:\/\/terosaarinen.com\/fi\/#organization"},"potentialAction":[{"@type":"SearchAction","target":{"@type":"EntryPoint","urlTemplate":"https:\/\/terosaarinen.com\/fi\/?s={search_term_string}"},"query-input":{"@type":"PropertyValueSpecification","valueRequired":true,"valueName":"search_term_string"}}],"inLanguage":"fi"},{"@type":"Organization","@id":"https:\/\/terosaarinen.com\/fi\/#organization","name":"Tero Saarinen Company","url":"https:\/\/terosaarinen.com\/fi\/","logo":{"@type":"ImageObject","inLanguage":"fi","@id":"https:\/\/terosaarinen.com\/fi\/#\/schema\/logo\/image\/","url":"https:\/\/terosaarinen.com\/wp-content\/uploads\/2025\/05\/tsc-wnew.png","contentUrl":"https:\/\/terosaarinen.com\/wp-content\/uploads\/2025\/05\/tsc-wnew.png","width":1465,"height":824,"caption":"Tero Saarinen Company"},"image":{"@id":"https:\/\/terosaarinen.com\/fi\/#\/schema\/logo\/image\/"},"sameAs":["https:\/\/www.facebook.com\/terosaarinencompany","https:\/\/www.instagram.com\/terosaarinenco\/"]}]}},"_links":{"self":[{"href":"https:\/\/terosaarinen.com\/fi\/wp-json\/wp\/v2\/pages\/4169","targetHints":{"allow":["GET"]}}],"collection":[{"href":"https:\/\/terosaarinen.com\/fi\/wp-json\/wp\/v2\/pages"}],"about":[{"href":"https:\/\/terosaarinen.com\/fi\/wp-json\/wp\/v2\/types\/page"}],"author":[{"embeddable":true,"href":"https:\/\/terosaarinen.com\/fi\/wp-json\/wp\/v2\/users\/3"}],"replies":[{"embeddable":true,"href":"https:\/\/terosaarinen.com\/fi\/wp-json\/wp\/v2\/comments?post=4169"}],"version-history":[{"count":6,"href":"https:\/\/terosaarinen.com\/fi\/wp-json\/wp\/v2\/pages\/4169\/revisions"}],"predecessor-version":[{"id":4488,"href":"https:\/\/terosaarinen.com\/fi\/wp-json\/wp\/v2\/pages\/4169\/revisions\/4488"}],"wp:attachment":[{"href":"https:\/\/terosaarinen.com\/fi\/wp-json\/wp\/v2\/media?parent=4169"}],"curies":[{"name":"wp","href":"https:\/\/api.w.org\/{rel}","templated":true}]}}