{"id":4457,"date":"2025-01-03T14:54:09","date_gmt":"2025-01-03T12:54:09","guid":{"rendered":"https:\/\/terosaarinen.com\/?page_id=4457"},"modified":"2025-05-20T08:07:09","modified_gmt":"2025-05-20T06:07:09","slug":"tietosuojaseloste","status":"publish","type":"page","link":"https:\/\/terosaarinen.com\/fi\/tietosuojaseloste\/","title":{"rendered":"Rekisteri- ja tietosuojaseloste"},"content":{"rendered":"<div class=\"tsc-basichero\">\n  <h1>Rekisteri- ja tietosuojaseloste<\/h1>\n  <\/div>\n\n<div class=\"tsc-text onecol\">\n  <div class=\"inner\">\n    <div class=\"heading\">\n      \n    <\/div>\n    <div class=\"content\">\n      <div class=\"acf-innerblocks-container\">\n\n<p><strong>Tietosuojasta<\/strong><\/p>\n\n\n\n<p>Tietosuojalla tarkoitetaan EU:n yleisen tietosuoja-asetuksen (679\/2016) ja erityislakien henkil\u00f6tietojen k\u00e4sittely\u00e4 koskevien s\u00e4\u00e4d\u00f6sten huomioon ottamista organisaation toiminnassa.<\/p>\n\n\n\n<p><strong>Rekisterin nimi<\/strong><\/p>\n\n\n\n<p>Tero Saarinen Companyn asiakasrekisteri<\/p>\n\n\n\n<p><strong>Rekisteriin tallennettavat tiedot<\/strong><\/p>\n\n\n\n<p>Rekisteriin voidaan tallentaa seuraavia tietoja: etu- ja sukunimi, s\u00e4hk\u00f6postiosoite, postiosoite, puhelinnumero, organisaation nimi ja titteli sek\u00e4 yhteys Tero Saarinen Companyyn (yleis\u00f6nj\u00e4sen, tanssija, ammattilainen). Lis\u00e4ksi palveluntarjoajan s\u00e4hk\u00f6iselle palvelimelle tallentuu tietoa siit\u00e4, milloin ja mit\u00e4 uutiskirjeit\u00e4 rekister\u00f6ity on avannut.<\/p>\n\n\n\n<p>Henkil\u00f6tietoja ker\u00e4t\u00e4\u00e4n ensisijaisesti s\u00e4hk\u00f6isill\u00e4 ja fyysisill\u00e4 uutiskirjeiden tilauslomakkeilla, kannatusj\u00e4senlomakkeilla, lahjoituslomakkeilla sek\u00e4 tapahtumien ja opetustoiminnan ilmoittautumisten yhteydess\u00e4, tai jos henkil\u00f6 on varannut ja\/tai ostanut lippuja Tero Saarinen Companyn Tanssin talon esityksiin.<\/p>\n\n\n\n<p><strong>Rekisterin tietojen k\u00e4ytt\u00f6tarkoitus<\/strong><\/p>\n\n\n\n<p>Tero Saarinen Companyn henkil\u00f6rekisteri koostuu muun muassa yleis\u00f6nj\u00e4senten, tanssijoiden, kurssiosallistujien sek\u00e4 taide- ja kulttuurialan ammattilaisten ja vaikuttajien henkil\u00f6tiedoista, joita se k\u00e4sittelee ydintoimintansa yll\u00e4pit\u00e4miseksi ja siit\u00e4 viesti\u00e4kseen. Ker\u00e4ttyj\u00e4 tietoja k\u00e4ytet\u00e4\u00e4n ryhm\u00e4n ajankohtaisista asioista, toiminnasta ja esityksist\u00e4 tiedottamiseen, mik\u00e4li rekister\u00f6ity on liittynyt uutiskirjeen l\u00e4hetyslistalle ja\/tai osallistunut Tero Saarinen Companyn Tanssin talon esityksiin.&nbsp;P\u00e4\u00e4sylipun hankkineiden asiakkaiden osalta Tero Saarinen Company k\u00e4sittelee henkil\u00f6tietoja asiakassuhteen synnytt\u00e4m\u00e4n oikeutetun edun perusteella.<\/p>\n\n\n\n<p><strong>Tietojen s\u00e4ilytysaika<\/strong><\/p>\n\n\n\n<p>Rekisterin tietoja s\u00e4ilytet\u00e4\u00e4n niin kauan kuin uutisointi rekister\u00f6idylle henkil\u00f6lle on relevanttia, ja\/tai kunnes rekister\u00f6ity poistuu l\u00e4hetyslistalta omasta toiveestaan.<\/p>\n\n\n\n<p><strong>Tietojen luovutukset ja tietojen siirto EU:n sis\u00e4ll\u00e4 tai Euroopan talousalueen ulkopuolelle<\/strong><\/p>\n\n\n\n<p>Tietoihin on p\u00e4\u00e4sy rekisterinpit\u00e4j\u00e4n ty\u00f6ntekij\u00f6ill\u00e4 ja henkil\u00f6tietojen k\u00e4sittelij\u00f6ill\u00e4. Tietoja ei luovuteta kolmansille osapuolille ilman rekister\u00f6idyn erillist\u00e4 suostumusta.<\/p>\n\n\n\n<p><strong>Tietojen suojaamisen periaatteet<\/strong><\/p>\n\n\n\n<p>Tero Saarinen Company noudattaa tietoturvallisuuden hyvi\u00e4 k\u00e4yt\u00e4nt\u00f6j\u00e4.<\/p>\n\n\n\n<p>Rekisterej\u00e4 s\u00e4ilytet\u00e4\u00e4n ensisijaisesti s\u00e4hk\u00f6isesti palveluntarjoajan suojatulla palvelimella, johon on p\u00e4\u00e4sy vain rekisterinpit\u00e4j\u00e4n ty\u00f6ntekij\u00f6ill\u00e4 sek\u00e4 kyseisell\u00e4 palveluntarjoajalla, joka toimii henkil\u00f6tietojen k\u00e4sittelij\u00e4n\u00e4 rekisterinpit\u00e4j\u00e4n toimeksiannosta.<\/p>\n\n\n\n<p>Rekisterin tietoja s\u00e4ilytett\u00e4ess\u00e4 my\u00f6s muualla kuin palveluntarjoajan palvelimella, niit\u00e4 s\u00e4ilytet\u00e4\u00e4n suojatulla verkkoasemalla, johon on p\u00e4\u00e4sy vain rekisterinpit\u00e4j\u00e4n ty\u00f6ntekij\u00f6ill\u00e4 sek\u00e4 verkkoaseman palveluntarjoajalla, joka toimii henkil\u00f6tietojen k\u00e4sittelij\u00e4n\u00e4 rekisterinpit\u00e4j\u00e4n toimeksiannosta.<\/p>\n\n\n\n<p><strong>Rekister\u00f6idyn oikeudet<\/strong><\/p>\n\n\n\n<p>Rekister\u00f6idyll\u00e4 on oikeus tarkastaa, mit\u00e4 h\u00e4nt\u00e4 koskevia tietoja rekisteriin on tallennettu.<\/p>\n\n\n\n<p>Rekisterinpit\u00e4j\u00e4 oikaisee, t\u00e4ydent\u00e4\u00e4 tai poistaa rekister\u00f6idyn k\u00e4sittelyn kannalta virheellisen, puutteellisen tai tarpeettoman tiedon rekister\u00f6idyn vaatimuksesta sek\u00e4 rekisterin yll\u00e4pidon yhteydess\u00e4. Rekister\u00f6idyll\u00e4 on lis\u00e4ksi oikeus tulla toiveestaan kokonaan poistetuksi Tero Saarinen Companyn rekisterist\u00e4. Rekister\u00f6ity voi tarkistaa, oikaista ja poistaa tietojaan ottamalla yhteytt\u00e4 Tero Saarinen Companyyn s\u00e4hk\u00f6postitse osoitteesta&nbsp;<a href=\"mailto:info@legacy.terosaarinen.com\">info@terosaarinen.com<\/a>.<\/p>\n\n<\/div>\n    <\/div>\n  <\/div>\n<\/div>\n\n\n<p><\/p>\n","protected":false},"excerpt":{"rendered":"","protected":false},"author":3,"featured_media":0,"parent":0,"menu_order":0,"comment_status":"closed","ping_status":"closed","template":"","meta":{"_acf_changed":false,"footnotes":""},"class_list":["post-4457","page","type-page","status-publish","hentry"],"acf":[],"yoast_head":"<!-- This site is optimized with the Yoast SEO plugin v27.2 - https:\/\/yoast.com\/product\/yoast-seo-wordpress\/ -->\n<title>Rekisteri- ja tietosuojaseloste - TSC<\/title>\n<meta name=\"robots\" content=\"index, follow, max-snippet:-1, max-image-preview:large, max-video-preview:-1\" \/>\n<link rel=\"canonical\" href=\"https:\/\/terosaarinen.com\/fi\/tietosuojaseloste\/\" \/>\n<meta property=\"og:locale\" content=\"fi_FI\" \/>\n<meta property=\"og:type\" content=\"article\" \/>\n<meta property=\"og:title\" content=\"Rekisteri- ja tietosuojaseloste - TSC\" \/>\n<meta property=\"og:url\" content=\"https:\/\/terosaarinen.com\/fi\/tietosuojaseloste\/\" \/>\n<meta property=\"og:site_name\" content=\"TSC\" \/>\n<meta property=\"article:publisher\" content=\"https:\/\/www.facebook.com\/terosaarinencompany\" \/>\n<meta property=\"article:modified_time\" content=\"2025-05-20T06:07:09+00:00\" \/>\n<meta property=\"og:image\" content=\"https:\/\/terosaarinen.com\/wp-content\/uploads\/2025\/05\/tsc-wnew.png\" \/>\n\t<meta property=\"og:image:width\" content=\"1465\" \/>\n\t<meta property=\"og:image:height\" content=\"824\" \/>\n\t<meta property=\"og:image:type\" content=\"image\/png\" \/>\n<meta name=\"twitter:card\" content=\"summary_large_image\" \/>\n<meta name=\"twitter:label1\" content=\"Arvioitu lukuaika\" \/>\n\t<meta name=\"twitter:data1\" content=\"2 minuuttia\" \/>\n<script type=\"application\/ld+json\" class=\"yoast-schema-graph\">{\"@context\":\"https:\/\/schema.org\",\"@graph\":[{\"@type\":\"WebPage\",\"@id\":\"https:\/\/terosaarinen.com\/fi\/tietosuojaseloste\/\",\"url\":\"https:\/\/terosaarinen.com\/fi\/tietosuojaseloste\/\",\"name\":\"Rekisteri- ja tietosuojaseloste - TSC\",\"isPartOf\":{\"@id\":\"https:\/\/terosaarinen.com\/fi\/#website\"},\"datePublished\":\"2025-01-03T12:54:09+00:00\",\"dateModified\":\"2025-05-20T06:07:09+00:00\",\"breadcrumb\":{\"@id\":\"https:\/\/terosaarinen.com\/fi\/tietosuojaseloste\/#breadcrumb\"},\"inLanguage\":\"fi\",\"potentialAction\":[{\"@type\":\"ReadAction\",\"target\":[\"https:\/\/terosaarinen.com\/fi\/tietosuojaseloste\/\"]}]},{\"@type\":\"BreadcrumbList\",\"@id\":\"https:\/\/terosaarinen.com\/fi\/tietosuojaseloste\/#breadcrumb\",\"itemListElement\":[{\"@type\":\"ListItem\",\"position\":1,\"name\":\"Home\",\"item\":\"https:\/\/terosaarinen.com\/fi\/\"},{\"@type\":\"ListItem\",\"position\":2,\"name\":\"Rekisteri- ja tietosuojaseloste\"}]},{\"@type\":\"WebSite\",\"@id\":\"https:\/\/terosaarinen.com\/fi\/#website\",\"url\":\"https:\/\/terosaarinen.com\/fi\/\",\"name\":\"Tero Saarinen Company\",\"description\":\"\",\"publisher\":{\"@id\":\"https:\/\/terosaarinen.com\/fi\/#organization\"},\"potentialAction\":[{\"@type\":\"SearchAction\",\"target\":{\"@type\":\"EntryPoint\",\"urlTemplate\":\"https:\/\/terosaarinen.com\/fi\/?s={search_term_string}\"},\"query-input\":{\"@type\":\"PropertyValueSpecification\",\"valueRequired\":true,\"valueName\":\"search_term_string\"}}],\"inLanguage\":\"fi\"},{\"@type\":\"Organization\",\"@id\":\"https:\/\/terosaarinen.com\/fi\/#organization\",\"name\":\"Tero Saarinen Company\",\"url\":\"https:\/\/terosaarinen.com\/fi\/\",\"logo\":{\"@type\":\"ImageObject\",\"inLanguage\":\"fi\",\"@id\":\"https:\/\/terosaarinen.com\/fi\/#\/schema\/logo\/image\/\",\"url\":\"https:\/\/terosaarinen.com\/wp-content\/uploads\/2025\/05\/tsc-wnew.png\",\"contentUrl\":\"https:\/\/terosaarinen.com\/wp-content\/uploads\/2025\/05\/tsc-wnew.png\",\"width\":1465,\"height\":824,\"caption\":\"Tero Saarinen Company\"},\"image\":{\"@id\":\"https:\/\/terosaarinen.com\/fi\/#\/schema\/logo\/image\/\"},\"sameAs\":[\"https:\/\/www.facebook.com\/terosaarinencompany\",\"https:\/\/www.instagram.com\/terosaarinenco\/\"]}]}<\/script>\n<!-- \/ Yoast SEO plugin. -->","yoast_head_json":{"title":"Rekisteri- ja tietosuojaseloste - TSC","robots":{"index":"index","follow":"follow","max-snippet":"max-snippet:-1","max-image-preview":"max-image-preview:large","max-video-preview":"max-video-preview:-1"},"canonical":"https:\/\/terosaarinen.com\/fi\/tietosuojaseloste\/","og_locale":"fi_FI","og_type":"article","og_title":"Rekisteri- ja tietosuojaseloste - TSC","og_url":"https:\/\/terosaarinen.com\/fi\/tietosuojaseloste\/","og_site_name":"TSC","article_publisher":"https:\/\/www.facebook.com\/terosaarinencompany","article_modified_time":"2025-05-20T06:07:09+00:00","og_image":[{"width":1465,"height":824,"url":"https:\/\/terosaarinen.com\/wp-content\/uploads\/2025\/05\/tsc-wnew.png","type":"image\/png"}],"twitter_card":"summary_large_image","twitter_misc":{"Arvioitu lukuaika":"2 minuuttia"},"schema":{"@context":"https:\/\/schema.org","@graph":[{"@type":"WebPage","@id":"https:\/\/terosaarinen.com\/fi\/tietosuojaseloste\/","url":"https:\/\/terosaarinen.com\/fi\/tietosuojaseloste\/","name":"Rekisteri- ja tietosuojaseloste - TSC","isPartOf":{"@id":"https:\/\/terosaarinen.com\/fi\/#website"},"datePublished":"2025-01-03T12:54:09+00:00","dateModified":"2025-05-20T06:07:09+00:00","breadcrumb":{"@id":"https:\/\/terosaarinen.com\/fi\/tietosuojaseloste\/#breadcrumb"},"inLanguage":"fi","potentialAction":[{"@type":"ReadAction","target":["https:\/\/terosaarinen.com\/fi\/tietosuojaseloste\/"]}]},{"@type":"BreadcrumbList","@id":"https:\/\/terosaarinen.com\/fi\/tietosuojaseloste\/#breadcrumb","itemListElement":[{"@type":"ListItem","position":1,"name":"Home","item":"https:\/\/terosaarinen.com\/fi\/"},{"@type":"ListItem","position":2,"name":"Rekisteri- ja tietosuojaseloste"}]},{"@type":"WebSite","@id":"https:\/\/terosaarinen.com\/fi\/#website","url":"https:\/\/terosaarinen.com\/fi\/","name":"Tero Saarinen Company","description":"","publisher":{"@id":"https:\/\/terosaarinen.com\/fi\/#organization"},"potentialAction":[{"@type":"SearchAction","target":{"@type":"EntryPoint","urlTemplate":"https:\/\/terosaarinen.com\/fi\/?s={search_term_string}"},"query-input":{"@type":"PropertyValueSpecification","valueRequired":true,"valueName":"search_term_string"}}],"inLanguage":"fi"},{"@type":"Organization","@id":"https:\/\/terosaarinen.com\/fi\/#organization","name":"Tero Saarinen Company","url":"https:\/\/terosaarinen.com\/fi\/","logo":{"@type":"ImageObject","inLanguage":"fi","@id":"https:\/\/terosaarinen.com\/fi\/#\/schema\/logo\/image\/","url":"https:\/\/terosaarinen.com\/wp-content\/uploads\/2025\/05\/tsc-wnew.png","contentUrl":"https:\/\/terosaarinen.com\/wp-content\/uploads\/2025\/05\/tsc-wnew.png","width":1465,"height":824,"caption":"Tero Saarinen Company"},"image":{"@id":"https:\/\/terosaarinen.com\/fi\/#\/schema\/logo\/image\/"},"sameAs":["https:\/\/www.facebook.com\/terosaarinencompany","https:\/\/www.instagram.com\/terosaarinenco\/"]}]}},"_links":{"self":[{"href":"https:\/\/terosaarinen.com\/fi\/wp-json\/wp\/v2\/pages\/4457","targetHints":{"allow":["GET"]}}],"collection":[{"href":"https:\/\/terosaarinen.com\/fi\/wp-json\/wp\/v2\/pages"}],"about":[{"href":"https:\/\/terosaarinen.com\/fi\/wp-json\/wp\/v2\/types\/page"}],"author":[{"embeddable":true,"href":"https:\/\/terosaarinen.com\/fi\/wp-json\/wp\/v2\/users\/3"}],"replies":[{"embeddable":true,"href":"https:\/\/terosaarinen.com\/fi\/wp-json\/wp\/v2\/comments?post=4457"}],"version-history":[{"count":3,"href":"https:\/\/terosaarinen.com\/fi\/wp-json\/wp\/v2\/pages\/4457\/revisions"}],"predecessor-version":[{"id":4468,"href":"https:\/\/terosaarinen.com\/fi\/wp-json\/wp\/v2\/pages\/4457\/revisions\/4468"}],"wp:attachment":[{"href":"https:\/\/terosaarinen.com\/fi\/wp-json\/wp\/v2\/media?parent=4457"}],"curies":[{"name":"wp","href":"https:\/\/api.w.org\/{rel}","templated":true}]}}