{"id":991,"date":"2025-01-26T18:02:46","date_gmt":"2025-01-26T16:02:46","guid":{"rendered":"https:\/\/terosaarinen.com\/?page_id=991"},"modified":"2026-03-11T11:54:58","modified_gmt":"2026-03-11T09:54:58","slug":"tero-saarinen-company","status":"publish","type":"page","link":"https:\/\/terosaarinen.com\/fi\/","title":{"rendered":"Tero Saarinen Company"},"content":{"rendered":"<div class=\"tsc-hero-visuals performancelist i3\">\n      <div class=\"sliderviewport\">\n      <div class=\"slider\">\n              <div class=\"item l0\">\n          <div class=\"bg\">\n                        <video src=\"https:\/\/terosaarinen.com\/wp-content\/uploads\/2025\/11\/SFL-16_9-960x540-22s-WEB.mp4\" autoplay muted loop playsinline><\/video>\n                      <\/div>\n          <div class=\"content\">\n            <div class=\"left\">\n              <h1 style=\"opacity: 0\">Study for Life <\/h1>\n              <div class=\"break\"><\/div>\n              <p class=\"tag\" style=\"opacity: 0\"><\/p>\n            <\/div>\n          <\/div>\n        <\/div>\n              <div class=\"item l1\">\n          <div class=\"bg\">\n                        <video src=\"https:\/\/terosaarinen.com\/wp-content\/uploads\/2025\/04\/MACBETH-16_9-960x540-21s-WEB.mp4\" autoplay muted loop playsinline><\/video>\n                      <\/div>\n          <div class=\"content\">\n            <div class=\"left\">\n              <h1 style=\"opacity: 0\">Macbeth<\/h1>\n              <div class=\"break\"><\/div>\n              <p class=\"tag\" style=\"opacity: 0\"><\/p>\n            <\/div>\n          <\/div>\n        <\/div>\n              <div class=\"item l2\">\n          <div class=\"bg\">\n                        <video src=\"https:\/\/terosaarinen.com\/wp-content\/uploads\/2025\/04\/BL-16_9-960x540-20s-WEB.mp4\" autoplay muted loop playsinline><\/video>\n                      <\/div>\n          <div class=\"content\">\n            <div class=\"left\">\n              <h1 style=\"opacity: 0\">Borrowed Light <\/h1>\n              <div class=\"break\"><\/div>\n              <p class=\"tag\" style=\"opacity: 0\"><\/p>\n            <\/div>\n          <\/div>\n        <\/div>\n            <\/div>\n      <div class=\"links\">\n                  <div class=\"links0\">\n                        <a href=\"https&#x3A;&#x2F;&#x2F;terosaarinen.com&#x2F;fi&#x2F;teos&#x2F;study-for-life&#x2F;\">\n                Lue lis\u00e4\u00e4\n              <\/a>\n                        <span class=\"position\"><i>1<\/i><i>\/<\/i><i>3<\/i><\/span>\n          <\/div>\n                  <div class=\"links1\">\n                        <a href=\"https&#x3A;&#x2F;&#x2F;terosaarinen.com&#x2F;fi&#x2F;teos&#x2F;macbeth&#x2F;\">\n                Lue lis\u00e4\u00e4\n              <\/a>\n                        <span class=\"position\"><i>2<\/i><i>\/<\/i><i>3<\/i><\/span>\n          <\/div>\n                  <div class=\"links2\">\n                        <a href=\"https&#x3A;&#x2F;&#x2F;terosaarinen.com&#x2F;fi&#x2F;teos&#x2F;borrowed-light&#x2F;\">\n                Lue lis\u00e4\u00e4\n              <\/a>\n                        <span class=\"position\"><i>3<\/i><i>\/<\/i><i>3<\/i><\/span>\n          <\/div>\n              <\/div>\n    <\/div>\n        <div class=\"tracker\">\n          <div class=\"item l0\"><\/div>\n          <div class=\"item l1\"><\/div>\n          <div class=\"item l2\"><\/div>\n        <\/div>\n    <\/div>\n\n<div class=\"tsc-intro\">\n  <div class=\"inner\">\n    <h1>Muodon ja muutoksen rakastajille el\u00e4m\u00e4n tutkimusta tanssitaiteen kautta\r\n<\/h1>\n          <div class=\"links\">\n                  <a href=\"https&#x3A;&#x2F;&#x2F;terosaarinen.com&#x2F;fi&#x2F;ryhma&#x2F;\" rel=\"noreferrer noopener\">\n            Tero Saarinen Company\n          <\/a>\n                  <a href=\"https&#x3A;&#x2F;&#x2F;terosaarinen.com&#x2F;fi&#x2F;teokset&#x2F;\" rel=\"noreferrer noopener\">\n            Teokset\n          <\/a>\n              <\/div>\n      <\/div>\n<\/div>\n\n<div class=\"tsc-media single\">\n  <div class=\"slider\">\n                  <div class=\"image\">\n                  <img decoding=\"async\" src=\"https&#x3A;&#x2F;&#x2F;terosaarinen.com&#x2F;wp-content&#x2F;uploads&#x2F;2025&#x2F;11&#x2F;studyforlife-anjakoehler_250058-2048x1365.jpg\" alt=\"\" \/>\n                <\/div>\n            <\/div>\n<\/div>\n\n\n<div class=\"tsc-liftlinklist\">\n  <div class=\"inner\">\n    <div class=\"links\">\n              <a class=\"hoverplay\" href=\"https&#x3A;&#x2F;&#x2F;terosaarinen.com&#x2F;fi&#x2F;teokset&#x2F;\" rel=\"noreferrer noopener\">\n                      <div class=\"media\">\n              <div class=\"revealo\">\n                              <video playsinline=\"true\" loop=\"true\" muted=\"true\" preload=\"metadata\">\n                  <source src=\"https:\/\/terosaarinen.com\/wp-content\/uploads\/2025\/01\/test2.mp4#t=0.001\" \/>\n                <\/video>\n                                          <\/div>\n            <\/div>\n            <span class=\"t1\">Teokset<\/span>\n                  <\/a>\n              <a class=\"hoverplay\" href=\"https&#x3A;&#x2F;&#x2F;terosaarinen.com&#x2F;fi&#x2F;tsc-studio&#x2F;opetus\" rel=\"noreferrer noopener\">\n                      <span class=\"t1\">Opetus<\/span>\n            <div class=\"media\">\n              <div class=\"revealo\">\n                                                            <img decoding=\"async\" src=\"https&#x3A;&#x2F;&#x2F;terosaarinen.com&#x2F;wp-content&#x2F;uploads&#x2F;2025&#x2F;04&#x2F;DSF8809-3-300x225.jpg)\" alt=\"\" \/>\n                            <\/div>\n            <\/div>\n                  <\/a>\n              <a class=\"hoverplay\" href=\"https&#x3A;&#x2F;&#x2F;terosaarinen.com&#x2F;fi&#x2F;tero-tekniikka&#x2F;\" rel=\"noreferrer noopener\">\n                                  <span class=\"t1\">Tero<\/span>\n            <div class=\"media\">\n              <div class=\"revealo\">\n                              <video playsinline=\"true\" loop=\"true\" muted=\"true\" preload=\"metadata\">\n                  <source src=\"https:\/\/terosaarinen.com\/wp-content\/uploads\/2025\/04\/HUNT-16_9-960x540-16s-WEB.mp4#t=0.001\" \/>\n                <\/video>\n                                          <\/div>\n            <\/div>\n            <span class=\"t1\">tekniikka <\/span>\n                  <\/a>\n              <a class=\"hoverplay\" href=\"https&#x3A;&#x2F;&#x2F;terosaarinen.com&#x2F;fi&#x2F;tsc-studio&#x2F;residenssit\" rel=\"noreferrer noopener\">\n                      <span class=\"t1\">Residenssit <\/span>\n            <div class=\"media\">\n              <div class=\"revealo\">\n                                                            <img decoding=\"async\" src=\"https&#x3A;&#x2F;&#x2F;terosaarinen.com&#x2F;wp-content&#x2F;uploads&#x2F;2025&#x2F;04&#x2F;51576584463_fb6401c2cc_o-1-300x200.jpg)\" alt=\"\" \/>\n                            <\/div>\n            <\/div>\n                  <\/a>\n          <\/div>\n  <\/div>\n<\/div>\n","protected":false},"excerpt":{"rendered":"","protected":false},"author":6,"featured_media":0,"parent":0,"menu_order":0,"comment_status":"closed","ping_status":"closed","template":"","meta":{"_acf_changed":false,"footnotes":""},"class_list":["post-991","page","type-page","status-publish","hentry"],"acf":[],"yoast_head":"<!-- This site is optimized with the Yoast SEO plugin v27.2 - https:\/\/yoast.com\/product\/yoast-seo-wordpress\/ -->\n<title>Tero Saarinen Company - TSC<\/title>\n<meta name=\"description\" content=\"Tero Saarinen Company luo, esitt\u00e4\u00e4 ja opettaa aikaa kest\u00e4v\u00e4\u00e4, alkuvoimaista ja korkeatasoista tanssia Helsingiss\u00e4, Suomessa ja kansainv\u00e4lisesti.\" \/>\n<meta name=\"robots\" content=\"index, follow, max-snippet:-1, max-image-preview:large, max-video-preview:-1\" \/>\n<link rel=\"canonical\" href=\"https:\/\/terosaarinen.com\/fi\/\" \/>\n<meta property=\"og:locale\" content=\"fi_FI\" \/>\n<meta property=\"og:type\" content=\"article\" \/>\n<meta property=\"og:title\" content=\"Tero Saarinen Company - TSC\" \/>\n<meta property=\"og:description\" content=\"Tero Saarinen Company luo, esitt\u00e4\u00e4 ja opettaa aikaa kest\u00e4v\u00e4\u00e4, alkuvoimaista ja korkeatasoista tanssia Helsingiss\u00e4, Suomessa ja kansainv\u00e4lisesti.\" \/>\n<meta property=\"og:url\" content=\"https:\/\/terosaarinen.com\/fi\/\" \/>\n<meta property=\"og:site_name\" content=\"TSC\" \/>\n<meta property=\"article:publisher\" content=\"https:\/\/www.facebook.com\/terosaarinencompany\" \/>\n<meta property=\"article:modified_time\" content=\"2026-03-11T09:54:58+00:00\" \/>\n<meta property=\"og:image\" content=\"https:\/\/terosaarinen.com\/wp-content\/uploads\/2025\/05\/tsc-wnew.png\" \/>\n\t<meta property=\"og:image:width\" content=\"1465\" \/>\n\t<meta property=\"og:image:height\" content=\"824\" \/>\n\t<meta property=\"og:image:type\" content=\"image\/png\" \/>\n<meta name=\"twitter:card\" content=\"summary_large_image\" \/>\n<script type=\"application\/ld+json\" class=\"yoast-schema-graph\">{\"@context\":\"https:\/\/schema.org\",\"@graph\":[{\"@type\":\"WebPage\",\"@id\":\"https:\/\/terosaarinen.com\/fi\/\",\"url\":\"https:\/\/terosaarinen.com\/fi\/\",\"name\":\"Tero Saarinen Company - TSC\",\"isPartOf\":{\"@id\":\"https:\/\/terosaarinen.com\/fi\/#website\"},\"datePublished\":\"2025-01-26T16:02:46+00:00\",\"dateModified\":\"2026-03-11T09:54:58+00:00\",\"description\":\"Tero Saarinen Company luo, esitt\u00e4\u00e4 ja opettaa aikaa kest\u00e4v\u00e4\u00e4, alkuvoimaista ja korkeatasoista tanssia Helsingiss\u00e4, Suomessa ja kansainv\u00e4lisesti.\",\"breadcrumb\":{\"@id\":\"https:\/\/terosaarinen.com\/fi\/#breadcrumb\"},\"inLanguage\":\"fi\",\"potentialAction\":[{\"@type\":\"ReadAction\",\"target\":[\"https:\/\/terosaarinen.com\/fi\/\"]}]},{\"@type\":\"BreadcrumbList\",\"@id\":\"https:\/\/terosaarinen.com\/fi\/#breadcrumb\",\"itemListElement\":[{\"@type\":\"ListItem\",\"position\":1,\"name\":\"Home\",\"item\":\"https:\/\/terosaarinen.com\/fi\/\"},{\"@type\":\"ListItem\",\"position\":2,\"name\":\"Tero Saarinen Company\"}]},{\"@type\":\"WebSite\",\"@id\":\"https:\/\/terosaarinen.com\/fi\/#website\",\"url\":\"https:\/\/terosaarinen.com\/fi\/\",\"name\":\"Tero Saarinen Company\",\"description\":\"\",\"publisher\":{\"@id\":\"https:\/\/terosaarinen.com\/fi\/#organization\"},\"potentialAction\":[{\"@type\":\"SearchAction\",\"target\":{\"@type\":\"EntryPoint\",\"urlTemplate\":\"https:\/\/terosaarinen.com\/fi\/?s={search_term_string}\"},\"query-input\":{\"@type\":\"PropertyValueSpecification\",\"valueRequired\":true,\"valueName\":\"search_term_string\"}}],\"inLanguage\":\"fi\"},{\"@type\":\"Organization\",\"@id\":\"https:\/\/terosaarinen.com\/fi\/#organization\",\"name\":\"Tero Saarinen Company\",\"url\":\"https:\/\/terosaarinen.com\/fi\/\",\"logo\":{\"@type\":\"ImageObject\",\"inLanguage\":\"fi\",\"@id\":\"https:\/\/terosaarinen.com\/fi\/#\/schema\/logo\/image\/\",\"url\":\"https:\/\/terosaarinen.com\/wp-content\/uploads\/2025\/05\/tsc-wnew.png\",\"contentUrl\":\"https:\/\/terosaarinen.com\/wp-content\/uploads\/2025\/05\/tsc-wnew.png\",\"width\":1465,\"height\":824,\"caption\":\"Tero Saarinen Company\"},\"image\":{\"@id\":\"https:\/\/terosaarinen.com\/fi\/#\/schema\/logo\/image\/\"},\"sameAs\":[\"https:\/\/www.facebook.com\/terosaarinencompany\",\"https:\/\/www.instagram.com\/terosaarinenco\/\"]}]}<\/script>\n<!-- \/ Yoast SEO plugin. -->","yoast_head_json":{"title":"Tero Saarinen Company - TSC","description":"Tero Saarinen Company luo, esitt\u00e4\u00e4 ja opettaa aikaa kest\u00e4v\u00e4\u00e4, alkuvoimaista ja korkeatasoista tanssia Helsingiss\u00e4, Suomessa ja kansainv\u00e4lisesti.","robots":{"index":"index","follow":"follow","max-snippet":"max-snippet:-1","max-image-preview":"max-image-preview:large","max-video-preview":"max-video-preview:-1"},"canonical":"https:\/\/terosaarinen.com\/fi\/","og_locale":"fi_FI","og_type":"article","og_title":"Tero Saarinen Company - TSC","og_description":"Tero Saarinen Company luo, esitt\u00e4\u00e4 ja opettaa aikaa kest\u00e4v\u00e4\u00e4, alkuvoimaista ja korkeatasoista tanssia Helsingiss\u00e4, Suomessa ja kansainv\u00e4lisesti.","og_url":"https:\/\/terosaarinen.com\/fi\/","og_site_name":"TSC","article_publisher":"https:\/\/www.facebook.com\/terosaarinencompany","article_modified_time":"2026-03-11T09:54:58+00:00","og_image":[{"width":1465,"height":824,"url":"https:\/\/terosaarinen.com\/wp-content\/uploads\/2025\/05\/tsc-wnew.png","type":"image\/png"}],"twitter_card":"summary_large_image","schema":{"@context":"https:\/\/schema.org","@graph":[{"@type":"WebPage","@id":"https:\/\/terosaarinen.com\/fi\/","url":"https:\/\/terosaarinen.com\/fi\/","name":"Tero Saarinen Company - TSC","isPartOf":{"@id":"https:\/\/terosaarinen.com\/fi\/#website"},"datePublished":"2025-01-26T16:02:46+00:00","dateModified":"2026-03-11T09:54:58+00:00","description":"Tero Saarinen Company luo, esitt\u00e4\u00e4 ja opettaa aikaa kest\u00e4v\u00e4\u00e4, alkuvoimaista ja korkeatasoista tanssia Helsingiss\u00e4, Suomessa ja kansainv\u00e4lisesti.","breadcrumb":{"@id":"https:\/\/terosaarinen.com\/fi\/#breadcrumb"},"inLanguage":"fi","potentialAction":[{"@type":"ReadAction","target":["https:\/\/terosaarinen.com\/fi\/"]}]},{"@type":"BreadcrumbList","@id":"https:\/\/terosaarinen.com\/fi\/#breadcrumb","itemListElement":[{"@type":"ListItem","position":1,"name":"Home","item":"https:\/\/terosaarinen.com\/fi\/"},{"@type":"ListItem","position":2,"name":"Tero Saarinen Company"}]},{"@type":"WebSite","@id":"https:\/\/terosaarinen.com\/fi\/#website","url":"https:\/\/terosaarinen.com\/fi\/","name":"Tero Saarinen Company","description":"","publisher":{"@id":"https:\/\/terosaarinen.com\/fi\/#organization"},"potentialAction":[{"@type":"SearchAction","target":{"@type":"EntryPoint","urlTemplate":"https:\/\/terosaarinen.com\/fi\/?s={search_term_string}"},"query-input":{"@type":"PropertyValueSpecification","valueRequired":true,"valueName":"search_term_string"}}],"inLanguage":"fi"},{"@type":"Organization","@id":"https:\/\/terosaarinen.com\/fi\/#organization","name":"Tero Saarinen Company","url":"https:\/\/terosaarinen.com\/fi\/","logo":{"@type":"ImageObject","inLanguage":"fi","@id":"https:\/\/terosaarinen.com\/fi\/#\/schema\/logo\/image\/","url":"https:\/\/terosaarinen.com\/wp-content\/uploads\/2025\/05\/tsc-wnew.png","contentUrl":"https:\/\/terosaarinen.com\/wp-content\/uploads\/2025\/05\/tsc-wnew.png","width":1465,"height":824,"caption":"Tero Saarinen Company"},"image":{"@id":"https:\/\/terosaarinen.com\/fi\/#\/schema\/logo\/image\/"},"sameAs":["https:\/\/www.facebook.com\/terosaarinencompany","https:\/\/www.instagram.com\/terosaarinenco\/"]}]}},"_links":{"self":[{"href":"https:\/\/terosaarinen.com\/fi\/wp-json\/wp\/v2\/pages\/991","targetHints":{"allow":["GET"]}}],"collection":[{"href":"https:\/\/terosaarinen.com\/fi\/wp-json\/wp\/v2\/pages"}],"about":[{"href":"https:\/\/terosaarinen.com\/fi\/wp-json\/wp\/v2\/types\/page"}],"author":[{"embeddable":true,"href":"https:\/\/terosaarinen.com\/fi\/wp-json\/wp\/v2\/users\/6"}],"replies":[{"embeddable":true,"href":"https:\/\/terosaarinen.com\/fi\/wp-json\/wp\/v2\/comments?post=991"}],"version-history":[{"count":28,"href":"https:\/\/terosaarinen.com\/fi\/wp-json\/wp\/v2\/pages\/991\/revisions"}],"predecessor-version":[{"id":6070,"href":"https:\/\/terosaarinen.com\/fi\/wp-json\/wp\/v2\/pages\/991\/revisions\/6070"}],"wp:attachment":[{"href":"https:\/\/terosaarinen.com\/fi\/wp-json\/wp\/v2\/media?parent=991"}],"curies":[{"name":"wp","href":"https:\/\/api.w.org\/{rel}","templated":true}]}}